{"id":1103,"date":"2025-07-16T10:43:47","date_gmt":"2025-07-16T08:43:47","guid":{"rendered":"https:\/\/szymbud.strony.mr.org.pl\/oferta\/"},"modified":"2025-08-29T08:47:43","modified_gmt":"2025-08-29T06:47:43","slug":"ponuka","status":"publish","type":"page","link":"https:\/\/szymbud.strony.mr.org.pl\/sk\/ponuka\/","title":{"rendered":"Ponuka"},"content":{"rendered":"<!-- pages -->\r\n\r\n<div class=\"grid sm:grid-cols-2 gap-[1%] lg:grid-cols-[repeat(auto-fit,minmax(24%,1fr))] w-full justify-items-center md:gap-y-5 md:grid-cols-3  main-wrapper px-5\">\r\n  \r\n      <div class=\"flex flex-col w-full  overflow-hidden group max-w-[380px] md:max-w-none \" href=\"https:\/\/szymbud.strony.mr.org.pl\/sk\/ponuka\/strazne-veze-z-kompozitnych-panelov\/\">\r\n        <a href=\"https:\/\/szymbud.strony.mr.org.pl\/sk\/ponuka\/strazne-veze-z-kompozitnych-panelov\/\" class=\"block relative w-full overflow-hidden h-60 md:h-[350px]  max-w-sm  md:max-w-none\"><img decoding=\"async\"\r\n            srcset=\" https:\/\/szymbud.strony.mr.org.pl\/wp-content\/uploads\/2025\/07\/Strozowka.webp 768w, https:\/\/szymbud.strony.mr.org.pl\/wp-content\/uploads\/2025\/07\/Strozowka.webp 1200w\"\r\n            sizes=\"(max-width: 900px) 768px\"\r\n            src=\"https:\/\/szymbud.strony.mr.org.pl\/wp-content\/uploads\/2025\/07\/Strozowka.webp\"\r\n            alt=\"Str\u00f3\u017c\u00f3wka\"\r\n            class=\" absolute w-full h-full  object-cover hover:scale-[110%] hover:translate-x-2 duration-1000 \" \/><\/a>\r\n        <h3 class=\"pt-10 text-xl md:text-2xl text-primary link basic link-basic\"><a href=\"https:\/\/szymbud.strony.mr.org.pl\/sk\/ponuka\/strazne-veze-z-kompozitnych-panelov\/\">Str\u00e1\u017ene ve\u017ee z kompozitn\u00fdch panelov<\/a><\/h3>\r\n\r\n        <div class=\"flex flex-col justify-end duration-300 grow \">\r\n\r\n          <p class=\"pt-10 \">Zbudowali\u015bmy ju\u017c setki str\u00f3\u017c\u00f3wek dla wielu r\u00f3\u017cnych klient\u00f3w na terenie Polski oraz Unii Europejskiej.\u00a0<\/p>\r\n          <a href=\"https:\/\/szymbud.strony.mr.org.pl\/sk\/ponuka\/strazne-veze-z-kompozitnych-panelov\/\" class=\"flex items-center gap-2 pt-5 group\/item !text-primary\">Poznaj szczeg\u00f3\u0142y <svg xmlns=\"http:\/\/www.w3.org\/2000\/svg\" width=\"16\" height=\"16\" class=\"duration-300 group-hover\/item:translate-x-1 fill-primary\" viewBox=\"0 0 16 16\">\r\n              <path fill-rule=\"evenodd\" d=\"M1 8a.5.5 0 0 1 .5-.5h11.793l-3.147-3.146a.5.5 0 0 1 .708-.708l4 4a.5.5 0 0 1 0 .708l-4 4a.5.5 0 0 1-.708-.708L13.293 8.5H1.5A.5.5 0 0 1 1 8\" \/>\r\n            <\/svg><\/a>\r\n\r\n        <\/div>\r\n\r\n\r\n\r\n      <\/div>\r\n\r\n\r\n\r\n\r\n\r\n\r\n\r\n\r\n\r\n\r\n  \r\n      <div class=\"flex flex-col w-full  overflow-hidden group max-w-[380px] md:max-w-none \" href=\"https:\/\/szymbud.strony.mr.org.pl\/sk\/ponuka\/garaze-zo-sendvicovych-panelov\/\">\r\n        <a href=\"https:\/\/szymbud.strony.mr.org.pl\/sk\/ponuka\/garaze-zo-sendvicovych-panelov\/\" class=\"block relative w-full overflow-hidden h-60 md:h-[350px]  max-w-sm  md:max-w-none\"><img decoding=\"async\"\r\n            srcset=\" https:\/\/szymbud.strony.mr.org.pl\/wp-content\/uploads\/2025\/07\/Garaz.webp 768w, https:\/\/szymbud.strony.mr.org.pl\/wp-content\/uploads\/2025\/07\/Garaz.webp 1200w\"\r\n            sizes=\"(max-width: 900px) 768px\"\r\n            src=\"https:\/\/szymbud.strony.mr.org.pl\/wp-content\/uploads\/2025\/07\/Garaz.webp\"\r\n            alt=\"Gara\u017ce z p\u0142yty warstwowej\"\r\n            class=\" absolute w-full h-full  object-cover hover:scale-[110%] hover:translate-x-2 duration-1000 \" \/><\/a>\r\n        <h3 class=\"pt-10 text-xl md:text-2xl text-primary link basic link-basic\"><a href=\"https:\/\/szymbud.strony.mr.org.pl\/sk\/ponuka\/garaze-zo-sendvicovych-panelov\/\">Gar\u00e1\u017ee zo sendvi\u010dov\u00fdch panelov<\/a><\/h3>\r\n\r\n        <div class=\"flex flex-col justify-end duration-300 grow \">\r\n\r\n          <p class=\"pt-10 \">Gara\u017cowanie samochod\u00f3w osobowych czy dostawczych pozwala na ich solidne zabezpieczenie przed szkodliwym wp\u0142ywem czynnik\u00f3w zewn\u0119trznych&#8230;\n<\/p>\r\n          <a href=\"https:\/\/szymbud.strony.mr.org.pl\/sk\/ponuka\/garaze-zo-sendvicovych-panelov\/\" class=\"flex items-center gap-2 pt-5 group\/item !text-primary\">Poznaj szczeg\u00f3\u0142y <svg xmlns=\"http:\/\/www.w3.org\/2000\/svg\" width=\"16\" height=\"16\" class=\"duration-300 group-hover\/item:translate-x-1 fill-primary\" viewBox=\"0 0 16 16\">\r\n              <path fill-rule=\"evenodd\" d=\"M1 8a.5.5 0 0 1 .5-.5h11.793l-3.147-3.146a.5.5 0 0 1 .708-.708l4 4a.5.5 0 0 1 0 .708l-4 4a.5.5 0 0 1-.708-.708L13.293 8.5H1.5A.5.5 0 0 1 1 8\" \/>\r\n            <\/svg><\/a>\r\n\r\n        <\/div>\r\n\r\n\r\n\r\n      <\/div>\r\n\r\n\r\n\r\n\r\n\r\n\r\n\r\n\r\n\r\n\r\n  \r\n      <div class=\"flex flex-col w-full  overflow-hidden group max-w-[380px] md:max-w-none \" href=\"https:\/\/szymbud.strony.mr.org.pl\/sk\/ponuka\/obchodne-kiosky\/\">\r\n        <a href=\"https:\/\/szymbud.strony.mr.org.pl\/sk\/ponuka\/obchodne-kiosky\/\" class=\"block relative w-full overflow-hidden h-60 md:h-[350px]  max-w-sm  md:max-w-none\"><img decoding=\"async\"\r\n            srcset=\" https:\/\/szymbud.strony.mr.org.pl\/wp-content\/uploads\/2025\/07\/Kiosk.webp 768w, https:\/\/szymbud.strony.mr.org.pl\/wp-content\/uploads\/2025\/07\/Kiosk.webp 1200w\"\r\n            sizes=\"(max-width: 900px) 768px\"\r\n            src=\"https:\/\/szymbud.strony.mr.org.pl\/wp-content\/uploads\/2025\/07\/Kiosk.webp\"\r\n            alt=\"Kiosk handlowy\"\r\n            class=\" absolute w-full h-full  object-cover hover:scale-[110%] hover:translate-x-2 duration-1000 \" \/><\/a>\r\n        <h3 class=\"pt-10 text-xl md:text-2xl text-primary link basic link-basic\"><a href=\"https:\/\/szymbud.strony.mr.org.pl\/sk\/ponuka\/obchodne-kiosky\/\">Obchodn\u00e9 kiosky<\/a><\/h3>\r\n\r\n        <div class=\"flex flex-col justify-end duration-300 grow \">\r\n\r\n          <p class=\"pt-10 \">Kioski do prowadzenia dzia\u0142alno\u015bci handlowej mog\u0105 by\u0107 stylowe i nowoczesne. Dostarczamy takie obiekty naszym klientom<\/p>\r\n          <a href=\"https:\/\/szymbud.strony.mr.org.pl\/sk\/ponuka\/obchodne-kiosky\/\" class=\"flex items-center gap-2 pt-5 group\/item !text-primary\">Poznaj szczeg\u00f3\u0142y <svg xmlns=\"http:\/\/www.w3.org\/2000\/svg\" width=\"16\" height=\"16\" class=\"duration-300 group-hover\/item:translate-x-1 fill-primary\" viewBox=\"0 0 16 16\">\r\n              <path fill-rule=\"evenodd\" d=\"M1 8a.5.5 0 0 1 .5-.5h11.793l-3.147-3.146a.5.5 0 0 1 .708-.708l4 4a.5.5 0 0 1 0 .708l-4 4a.5.5 0 0 1-.708-.708L13.293 8.5H1.5A.5.5 0 0 1 1 8\" \/>\r\n            <\/svg><\/a>\r\n\r\n        <\/div>\r\n\r\n\r\n\r\n      <\/div>\r\n\r\n\r\n\r\n\r\n\r\n\r\n\r\n\r\n\r\n\r\n  \r\n      <div class=\"flex flex-col w-full  overflow-hidden group max-w-[380px] md:max-w-none \" href=\"https:\/\/szymbud.strony.mr.org.pl\/sk\/ponuka\/kontajnery-zo-sendvicovych-panelov\/\">\r\n        <a href=\"https:\/\/szymbud.strony.mr.org.pl\/sk\/ponuka\/kontajnery-zo-sendvicovych-panelov\/\" class=\"block relative w-full overflow-hidden h-60 md:h-[350px]  max-w-sm  md:max-w-none\"><img decoding=\"async\"\r\n            srcset=\" https:\/\/szymbud.strony.mr.org.pl\/wp-content\/uploads\/2025\/07\/kontenery-biurowe.webp 768w, https:\/\/szymbud.strony.mr.org.pl\/wp-content\/uploads\/2025\/07\/kontenery-biurowe.webp 1200w\"\r\n            sizes=\"(max-width: 900px) 768px\"\r\n            src=\"https:\/\/szymbud.strony.mr.org.pl\/wp-content\/uploads\/2025\/07\/kontenery-biurowe.webp\"\r\n            alt=\"kontener biurowy\"\r\n            class=\" absolute w-full h-full  object-cover hover:scale-[110%] hover:translate-x-2 duration-1000 \" \/><\/a>\r\n        <h3 class=\"pt-10 text-xl md:text-2xl text-primary link basic link-basic\"><a href=\"https:\/\/szymbud.strony.mr.org.pl\/sk\/ponuka\/kontajnery-zo-sendvicovych-panelov\/\">Kontajnery zo sendvi\u010dov\u00fdch panelov<\/a><\/h3>\r\n\r\n        <div class=\"flex flex-col justify-end duration-300 grow \">\r\n\r\n          <p class=\"pt-10 \">Nasza oferta obejmuje szeroki\u00a0kontener\u00f3w z p\u0142yty warstwowej oraz mo\u017cliwo\u015b\u0107 ich personalizacji. <\/p>\r\n          <a href=\"https:\/\/szymbud.strony.mr.org.pl\/sk\/ponuka\/kontajnery-zo-sendvicovych-panelov\/\" class=\"flex items-center gap-2 pt-5 group\/item !text-primary\">Poznaj szczeg\u00f3\u0142y <svg xmlns=\"http:\/\/www.w3.org\/2000\/svg\" width=\"16\" height=\"16\" class=\"duration-300 group-hover\/item:translate-x-1 fill-primary\" viewBox=\"0 0 16 16\">\r\n              <path fill-rule=\"evenodd\" d=\"M1 8a.5.5 0 0 1 .5-.5h11.793l-3.147-3.146a.5.5 0 0 1 .708-.708l4 4a.5.5 0 0 1 0 .708l-4 4a.5.5 0 0 1-.708-.708L13.293 8.5H1.5A.5.5 0 0 1 1 8\" \/>\r\n            <\/svg><\/a>\r\n\r\n        <\/div>\r\n\r\n\r\n\r\n      <\/div>\r\n\r\n\r\n\r\n\r\n\r\n\r\n\r\n\r\n\r\n\r\n  \r\n      <div class=\"flex flex-col w-full  overflow-hidden group max-w-[380px] md:max-w-none \" href=\"https:\/\/szymbud.strony.mr.org.pl\/sk\/ponuka\/pavilony-zo-sendvicovych-panelov\/\">\r\n        <a href=\"https:\/\/szymbud.strony.mr.org.pl\/sk\/ponuka\/pavilony-zo-sendvicovych-panelov\/\" class=\"block relative w-full overflow-hidden h-60 md:h-[350px]  max-w-sm  md:max-w-none\"><img decoding=\"async\"\r\n            srcset=\" https:\/\/szymbud.strony.mr.org.pl\/wp-content\/uploads\/2025\/07\/pawilony-handlowe.webp 768w, https:\/\/szymbud.strony.mr.org.pl\/wp-content\/uploads\/2025\/07\/pawilony-handlowe.webp 1200w\"\r\n            sizes=\"(max-width: 900px) 768px\"\r\n            src=\"https:\/\/szymbud.strony.mr.org.pl\/wp-content\/uploads\/2025\/07\/pawilony-handlowe.webp\"\r\n            alt=\"pawilon handlowy\"\r\n            class=\" absolute w-full h-full  object-cover hover:scale-[110%] hover:translate-x-2 duration-1000 \" \/><\/a>\r\n        <h3 class=\"pt-10 text-xl md:text-2xl text-primary link basic link-basic\"><a href=\"https:\/\/szymbud.strony.mr.org.pl\/sk\/ponuka\/pavilony-zo-sendvicovych-panelov\/\">Pavil\u00f3ny zo sendvi\u010dov\u00fdch panelov<\/a><\/h3>\r\n\r\n        <div class=\"flex flex-col justify-end duration-300 grow \">\r\n\r\n          <p class=\"pt-10 \">Budujemy\u00a0pawilony z p\u0142yty\u00a0w \u015bcis\u0142ej wsp\u00f3\u0142pracy z Pa\u0144stwem, aby wizja pawilonu by\u0142a zrealizowana w 100 procentach. Dostosowuj\u0105c <\/p>\r\n          <a href=\"https:\/\/szymbud.strony.mr.org.pl\/sk\/ponuka\/pavilony-zo-sendvicovych-panelov\/\" class=\"flex items-center gap-2 pt-5 group\/item !text-primary\">Poznaj szczeg\u00f3\u0142y <svg xmlns=\"http:\/\/www.w3.org\/2000\/svg\" width=\"16\" height=\"16\" class=\"duration-300 group-hover\/item:translate-x-1 fill-primary\" viewBox=\"0 0 16 16\">\r\n              <path fill-rule=\"evenodd\" d=\"M1 8a.5.5 0 0 1 .5-.5h11.793l-3.147-3.146a.5.5 0 0 1 .708-.708l4 4a.5.5 0 0 1 0 .708l-4 4a.5.5 0 0 1-.708-.708L13.293 8.5H1.5A.5.5 0 0 1 1 8\" \/>\r\n            <\/svg><\/a>\r\n\r\n        <\/div>\r\n\r\n\r\n\r\n      <\/div>\r\n\r\n\r\n\r\n\r\n\r\n\r\n\r\n\r\n\r\n\r\n  <\/div>","protected":false},"excerpt":{"rendered":"","protected":false},"author":1,"featured_media":0,"parent":0,"menu_order":0,"comment_status":"closed","ping_status":"closed","template":"","meta":{"footnotes":""},"class_list":["post-1103","page","type-page","status-publish","hentry"],"_links":{"self":[{"href":"https:\/\/szymbud.strony.mr.org.pl\/sk\/wp-json\/wp\/v2\/pages\/1103","targetHints":{"allow":["GET"]}}],"collection":[{"href":"https:\/\/szymbud.strony.mr.org.pl\/sk\/wp-json\/wp\/v2\/pages"}],"about":[{"href":"https:\/\/szymbud.strony.mr.org.pl\/sk\/wp-json\/wp\/v2\/types\/page"}],"author":[{"embeddable":true,"href":"https:\/\/szymbud.strony.mr.org.pl\/sk\/wp-json\/wp\/v2\/users\/1"}],"replies":[{"embeddable":true,"href":"https:\/\/szymbud.strony.mr.org.pl\/sk\/wp-json\/wp\/v2\/comments?post=1103"}],"version-history":[{"count":1,"href":"https:\/\/szymbud.strony.mr.org.pl\/sk\/wp-json\/wp\/v2\/pages\/1103\/revisions"}],"predecessor-version":[{"id":1202,"href":"https:\/\/szymbud.strony.mr.org.pl\/sk\/wp-json\/wp\/v2\/pages\/1103\/revisions\/1202"}],"wp:attachment":[{"href":"https:\/\/szymbud.strony.mr.org.pl\/sk\/wp-json\/wp\/v2\/media?parent=1103"}],"curies":[{"name":"wp","href":"https:\/\/api.w.org\/{rel}","templated":true}]}}