{"id":1095,"date":"2025-07-16T10:48:16","date_gmt":"2025-07-16T08:48:16","guid":{"rendered":"https:\/\/szymbud.strony.mr.org.pl\/pawilony-z-plyty-warstwowej\/"},"modified":"2025-08-29T08:48:21","modified_gmt":"2025-08-29T06:48:21","slug":"pavilony-zo-sendvicovych-panelov","status":"publish","type":"page","link":"https:\/\/szymbud.strony.mr.org.pl\/sk\/ponuka\/pavilony-zo-sendvicovych-panelov\/","title":{"rendered":"Pavil\u00f3ny zo sendvi\u010dov\u00fdch panelov"},"content":{"rendered":"\n<div class=\"wp-block-group main-wrapper px-5 is-layout-flow wp-block-group-is-layout-flow\">\n<div class=\"wp-block-columns gap-10 is-layout-flex wp-container-core-columns-is-layout-28f84493 wp-block-columns-is-layout-flex\">\n<div class=\"wp-block-column is-layout-flow wp-block-column-is-layout-flow\"><figure class=\"wp-block-post-featured-image\"><img loading=\"lazy\" decoding=\"async\" width=\"640\" height=\"480\" src=\"https:\/\/szymbud.strony.mr.org.pl\/wp-content\/uploads\/2025\/07\/pawilony-handlowe.webp\" class=\"attachment-post-thumbnail size-post-thumbnail wp-post-image\" alt=\"pawilon handlowy\" style=\"object-fit:cover;\" srcset=\"https:\/\/szymbud.strony.mr.org.pl\/wp-content\/uploads\/2025\/07\/pawilony-handlowe.webp 640w, https:\/\/szymbud.strony.mr.org.pl\/wp-content\/uploads\/2025\/07\/pawilony-handlowe-300x225.webp 300w\" sizes=\"auto, (max-width: 640px) 100vw, 640px\" \/><\/figure><\/div>\n\n\n\n<div class=\"wp-block-column text-container is-layout-flow wp-block-column-is-layout-flow\">\n<h2 class=\"text-3xl md:text-4xl lg:text-5xl wp-block-mrblocks-generictext has-secondary-color has-text-color has-link-color wp-elements-335f812ded4ccfcae76fbeea00ad01aa\">Pavil\u00f3ny zo sendvi\u010dov\u00fdch panelov<\/h2>\n\n\n\n<p>Na\u0161a spolo\u010dnos\u0165 ako sk\u00fasen\u00fd <strong>v\u00fdrobca pavil\u00f3nov zo sendvi\u010dov\u00fdch panelov<\/strong> pon\u00faka modern\u00e9 <a href=\"https:\/\/www.szymbud-pawilony.pl\/pawilony-handlowe.html\" target=\"_blank\" rel=\"noopener\">obchodn\u00e9<\/a>, <a href=\"https:\/\/www.szymbud-pawilony.pl\/pawilony-gastronomiczne.html\" target=\"_blank\" rel=\"noopener\">stravovacie<\/a>, <a href=\"https:\/\/www.szymbud-pawilony.pl\/pawilony-uslugowe.html\" target=\"_blank\" rel=\"noopener\">servisn\u00e9<\/a> alebo <a href=\"https:\/\/www.szymbud-pawilony.pl\/pawilony-biurowe.html\" target=\"_blank\" rel=\"noopener\">kancel\u00e1ria<\/a> pavil\u00f3ny. Pon\u00fakame r\u00f4zne kon\u0161trukcie zo sendvi\u010dov\u00fdch panelov, ktor\u00e9 s\u00fa trvanliv\u00e9 a odoln\u00e9 vo\u010di poveternostn\u00fdm podmienkam. M\u00f4\u017eu to by\u0165 pavil\u00f3ny: samonosn\u00e9 alebo modul\u00e1rne.<\/p>\n\n\n\n<p>Pavil\u00f3ny z dosiek staviame v \u00fazkej spolupr\u00e1ci s vami, aby sa va\u0161a predstava o pavil\u00f3ne zrealizovala na 100 %. Pri \u00faprave n\u00e1vrhu zoh\u013ead\u0148ujeme va\u0161e individu\u00e1lne potreby z h\u013eadiska rozmerov, usporiadania a vybavenia. Odborn\u00edci na\u0161ej spolo\u010dnosti poskytuj\u00fa podporu a poradenstvo v ka\u017edej f\u00e1ze realiz\u00e1cie pavil\u00f3nu a v\u00fdberom spolo\u010dnosti z\u00edskava klient partnera, ktor\u00fd ovplyv\u0148uje kone\u010dn\u00fd v\u00fdsledok projektu. Z technick\u00e9ho aj estetick\u00e9ho h\u013eadiska s\u00fa na\u0161e modul\u00e1rne a samonosn\u00e9 pavil\u00f3ny vyroben\u00e9 s d\u00f4razom na detail. <strong>S\u00fa navrhnut\u00e9 tak, aby sa dali postavi\u0165 na pozemku bez potreby z\u00edska\u0165 dodato\u010dn\u00e9 povolenie, ak ich plocha nepresahuje 35 m2<\/strong>. Pavil\u00f3ny s\u00fa k dispoz\u00edcii aj v \u0161tandardnej verzii, ktor\u00e1 sp\u013a\u0148a stavebn\u00e9 a tepeln\u00e9 normy.<\/p>\n\n\n<a class=\"mr-button \" href=\"https:\/\/szymbud.strony.mr.org.pl\/kontakt\/\">\r\n  Kontaktujte n\u00e1s<\/a>\r\n<\/div>\n<\/div>\n\n\n<div class=\" spacing-top main-wrapper \" \/>\r\n<\/div><\/div>\n\n\n\n<div style=\"height:100px\" aria-hidden=\"true\" class=\"wp-block-spacer\"><\/div>\n\n\n\n<div class=\"wp-block-group main-wrapper text-container px-5 is-layout-constrained wp-block-group-is-layout-constrained\">\n<h2 class=\"text-3xl md:text-4xl lg:text-5xl wp-block-mrblocks-generictext\">V\u00fdrobca pavil\u00f3nov zo sendvi\u010dov\u00fdch panelov<\/h2>\n\n\n\n<p>Ako <strong>v\u00fdrobca pavil\u00f3nov zo sendvi\u010dov\u00fdch panelov<\/strong> v\u00e1m pon\u00fakame osved\u010den\u00e9 rie\u0161enia, ktor\u00e9 v\u00e1m umo\u017enia realizova\u0165 v\u0161etky pl\u00e1novan\u00e9 invest\u00edcie s\u00favisiace s na\u0161imi rie\u0161eniami. Po\u010das procesu objedn\u00e1vky poskytujeme mo\u017enos\u0165 prisp\u00f4sobi\u0165 rozmery, farby a vybavenie tak, aby v\u00fdrobky plne sp\u013a\u0148ali va\u0161e o\u010dak\u00e1vania. V modernej v\u00fdstavbe s\u00fa <strong>pavil\u00f3ny<\/strong> \u010dasto pou\u017e\u00edvan\u00fdm prvkom v\u010faka svojmu modern\u00e9mu vzh\u013eadu a praktick\u00e9mu pou\u017eitiu a vo\u013eba <strong>pavil\u00f3nov<\/strong> zo sendvi\u010dov\u00fdch <strong>panelov<\/strong> prin\u00e1\u0161a mno\u017estvo v\u00fdhod, ako je efekt\u00edvnos\u0165, hospod\u00e1rnos\u0165 a flexibilita roz\u0161irovania.<\/p>\n\n\n\n<p><strong>Doskov\u00e9 pavil\u00f3ny<\/strong> maj\u00fa \u013eahk\u00fa kon\u0161trukciu, ktor\u00e1 n\u00e1m u\u013eah\u010duje ich doru\u010denie na va\u0161u adresu. <strong>Mont\u00e1\u017e pavil\u00f3nu z obkladovej dosky nevy\u017eaduje z\u00e1klady<\/strong>, \u010do umo\u017e\u0148uje jeho r\u00fdchle postavenie na po\u017eadovanom mieste a r\u00fdchle roz\u0161\u00edrenie objektu v bud\u00facnosti. Stavby z obytn\u00fdch panelov s\u00fa ve\u013emi dobr\u00fdmi tepeln\u00fdmi izolantmi. M\u00f4\u017eeme ich vybavi\u0165 izolovanou podlahou.<\/p>\n\n\n\n<p><a href=\"https:\/\/www.szymbud-pawilony.pl\/kontakt.html\" target=\"_blank\" rel=\"noopener\">Kontaktujte n\u00e1s,<\/a> ak chcete z\u00edska\u0165 podrobnosti o ponuke. Te\u0161\u00edme sa na spolupr\u00e1cu s vami!<\/p>\n\n\n\n<h2 class=\"text-3xl md:text-4xl lg:text-5xl wp-block-mrblocks-generictext\">Modern\u00e9 pavil\u00f3ny<\/h2>\n\n\n\n<p>Pavil\u00f3ny zo sendvi\u010dov\u00fdch panelov s\u00fa nielen praktick\u00e9, ale aj estetick\u00e9 kon\u0161trukcie, ktor\u00e9 mo\u017eno plne prisp\u00f4sobi\u0165 individu\u00e1lnym potreb\u00e1m a o\u010dak\u00e1vaniam z\u00e1kazn\u00edkov. V\u010faka <strong>modern\u00e9mu dizajnu<\/strong> sa tieto kon\u0161trukcie dokonale hodia do mestsk\u00fdch priestorov, ako aj do rekrea\u010dn\u00fdch alebo priemyseln\u00fdch oblast\u00ed. <strong>Pavil\u00f3ny zo<\/strong> sendvi\u010dov\u00fdch <strong>panelov<\/strong> mo\u017eno obohati\u0165 o \u010fal\u0161ie prvky, ako je klimatiz\u00e1cia alebo elektroin\u0161tal\u00e1cia, \u010do v\u00fdrazne zvy\u0161uje komfort pri pou\u017e\u00edvan\u00ed. V\u010faka tomu sa ka\u017ed\u00fd z\u00e1kazn\u00edk m\u00f4\u017ee spo\u013eahn\u00fa\u0165 na pavil\u00f3n, ktor\u00fd nielen\u017ee spln\u00ed jeho o\u010dak\u00e1vania z h\u013eadiska funk\u010dnosti, ale vynikne aj modern\u00fdm dizajnom.<\/p>\n<\/div>\n\n\n\n<section class=\"wp-block-group main-wrapper is-layout-flow wp-block-group-is-layout-flow\"><!-- pages -->\r\n\r\n<div class=\"grid sm:grid-cols-2 gap-[1%] lg:grid-cols-[repeat(auto-fit,minmax(24%,1fr))] w-full justify-items-center md:gap-y-5 md:grid-cols-3  main-wrapper px-5\">\r\n  \r\n      <div class=\"flex flex-col w-full  overflow-hidden group max-w-[380px] md:max-w-none \" href=\"https:\/\/szymbud.strony.mr.org.pl\/sk\/ponuka\/pavilony-zo-sendvicovych-panelov\/sluzby\/\">\r\n        <a href=\"https:\/\/szymbud.strony.mr.org.pl\/sk\/ponuka\/pavilony-zo-sendvicovych-panelov\/sluzby\/\" class=\"block relative w-full overflow-hidden h-60 md:h-[350px]  max-w-sm  md:max-w-none\"><img decoding=\"async\"\r\n            srcset=\" https:\/\/szymbud.strony.mr.org.pl\/wp-content\/uploads\/2025\/07\/pawilony-uslugowe.webp 768w, https:\/\/szymbud.strony.mr.org.pl\/wp-content\/uploads\/2025\/07\/pawilony-uslugowe.webp 1200w\"\r\n            sizes=\"(max-width: 900px) 768px\"\r\n            src=\"https:\/\/szymbud.strony.mr.org.pl\/wp-content\/uploads\/2025\/07\/pawilony-uslugowe.webp\"\r\n            alt=\"pawilon us\u0142ugowy\"\r\n            class=\" absolute w-full h-full  object-cover hover:scale-[110%] hover:translate-x-2 duration-1000 \" \/><\/a>\r\n        <h3 class=\"pt-10 text-xl md:text-2xl text-primary link basic link-basic\"><a href=\"https:\/\/szymbud.strony.mr.org.pl\/sk\/ponuka\/pavilony-zo-sendvicovych-panelov\/sluzby\/\">Slu\u017eby<\/a><\/h3>\r\n\r\n        <div class=\"flex flex-col justify-end duration-300 grow \">\r\n\r\n          <p class=\"pt-10 \">Pavil\u00f3ny slu\u017eieb s\u00fa modern\u00e9 a funk\u010dn\u00e9 rie\u0161enia, ktor\u00e9 sa osved\u010duj\u00fa v mnoh\u00fdch odvetviach. V\u010faka ich mobilite ich mo\u017eno \u013eahko premiestni\u0165 na in\u00e9 miesto a prisp\u00f4sobi\u0165 meniacim sa potreb\u00e1m podniku. Pon\u00fakaj\u00fa kon\u0161truk\u010dn\u00fa stabilitu a ochranu pred poveternostn\u00fdmi vplyvmi a ich n\u00edzke n\u00e1klady na \u00fadr\u017ebu s\u00fa ve\u013ekou v\u00fdhodou oproti tradi\u010dn\u00fdm budov\u00e1m. Ve\u013ek\u00e9 v\u00fdklady umo\u017e\u0148uj\u00fa atrakt\u00edvnu prezent\u00e1ciu ponuky [&hellip;]<\/p>\r\n          <a href=\"https:\/\/szymbud.strony.mr.org.pl\/sk\/ponuka\/pavilony-zo-sendvicovych-panelov\/sluzby\/\" class=\"flex items-center gap-2 pt-5 group\/item !text-primary\">Poznaj szczeg\u00f3\u0142y <svg xmlns=\"http:\/\/www.w3.org\/2000\/svg\" width=\"16\" height=\"16\" class=\"duration-300 group-hover\/item:translate-x-1 fill-primary\" viewBox=\"0 0 16 16\">\r\n              <path fill-rule=\"evenodd\" d=\"M1 8a.5.5 0 0 1 .5-.5h11.793l-3.147-3.146a.5.5 0 0 1 .708-.708l4 4a.5.5 0 0 1 0 .708l-4 4a.5.5 0 0 1-.708-.708L13.293 8.5H1.5A.5.5 0 0 1 1 8\" \/>\r\n            <\/svg><\/a>\r\n\r\n        <\/div>\r\n\r\n\r\n\r\n      <\/div>\r\n\r\n\r\n\r\n\r\n\r\n\r\n\r\n\r\n\r\n\r\n  \r\n      <div class=\"flex flex-col w-full  overflow-hidden group max-w-[380px] md:max-w-none \" href=\"https:\/\/szymbud.strony.mr.org.pl\/sk\/ponuka\/pavilony-zo-sendvicovych-panelov\/komercne\/\">\r\n        <a href=\"https:\/\/szymbud.strony.mr.org.pl\/sk\/ponuka\/pavilony-zo-sendvicovych-panelov\/komercne\/\" class=\"block relative w-full overflow-hidden h-60 md:h-[350px]  max-w-sm  md:max-w-none\"><img decoding=\"async\"\r\n            srcset=\" https:\/\/szymbud.strony.mr.org.pl\/wp-content\/uploads\/2025\/07\/pawilony-handlowe-1.webp 768w, https:\/\/szymbud.strony.mr.org.pl\/wp-content\/uploads\/2025\/07\/pawilony-handlowe-1.webp 1200w\"\r\n            sizes=\"(max-width: 900px) 768px\"\r\n            src=\"https:\/\/szymbud.strony.mr.org.pl\/wp-content\/uploads\/2025\/07\/pawilony-handlowe-1.webp\"\r\n            alt=\"pawilon handlowy\"\r\n            class=\" absolute w-full h-full  object-cover hover:scale-[110%] hover:translate-x-2 duration-1000 \" \/><\/a>\r\n        <h3 class=\"pt-10 text-xl md:text-2xl text-primary link basic link-basic\"><a href=\"https:\/\/szymbud.strony.mr.org.pl\/sk\/ponuka\/pavilony-zo-sendvicovych-panelov\/komercne\/\">Komer\u010dn\u00e9<\/a><\/h3>\r\n\r\n        <div class=\"flex flex-col justify-end duration-300 grow \">\r\n\r\n          <p class=\"pt-10 \">V na\u0161ej ponuke n\u00e1jdete \u0161irok\u00fd v\u00fdber modern\u00fdch komer\u010dn\u00fdch pavil\u00f3nov, ktor\u00e9 vyhovuj\u00fa r\u00f4znym potreb\u00e1m z\u00e1kazn\u00edkov. Podnikanie v komer\u010dnej sf\u00e9re si vy\u017eaduje splnenie o\u010dak\u00e1van\u00ed potenci\u00e1lnych z\u00e1kazn\u00edkov a pru\u017en\u00e9 prisp\u00f4sobenie sa meniacim sa potreb\u00e1m trhu. V mieste predaja mus\u00ed by\u0165 tovar vystaven\u00fd tak, aby zaujal z\u00e1kazn\u00edkov a pril\u00e1kal ich do obchodu. Z tohto d\u00f4vodu je ve\u013emi d\u00f4le\u017eit\u00e9, aby [&hellip;]<\/p>\r\n          <a href=\"https:\/\/szymbud.strony.mr.org.pl\/sk\/ponuka\/pavilony-zo-sendvicovych-panelov\/komercne\/\" class=\"flex items-center gap-2 pt-5 group\/item !text-primary\">Poznaj szczeg\u00f3\u0142y <svg xmlns=\"http:\/\/www.w3.org\/2000\/svg\" width=\"16\" height=\"16\" class=\"duration-300 group-hover\/item:translate-x-1 fill-primary\" viewBox=\"0 0 16 16\">\r\n              <path fill-rule=\"evenodd\" d=\"M1 8a.5.5 0 0 1 .5-.5h11.793l-3.147-3.146a.5.5 0 0 1 .708-.708l4 4a.5.5 0 0 1 0 .708l-4 4a.5.5 0 0 1-.708-.708L13.293 8.5H1.5A.5.5 0 0 1 1 8\" \/>\r\n            <\/svg><\/a>\r\n\r\n        <\/div>\r\n\r\n\r\n\r\n      <\/div>\r\n\r\n\r\n\r\n\r\n\r\n\r\n\r\n\r\n\r\n\r\n  \r\n      <div class=\"flex flex-col w-full  overflow-hidden group max-w-[380px] md:max-w-none \" href=\"https:\/\/szymbud.strony.mr.org.pl\/sk\/ponuka\/pavilony-zo-sendvicovych-panelov\/gastronomia\/\">\r\n        <a href=\"https:\/\/szymbud.strony.mr.org.pl\/sk\/ponuka\/pavilony-zo-sendvicovych-panelov\/gastronomia\/\" class=\"block relative w-full overflow-hidden h-60 md:h-[350px]  max-w-sm  md:max-w-none\"><img decoding=\"async\"\r\n            srcset=\" https:\/\/szymbud.strony.mr.org.pl\/wp-content\/uploads\/2025\/07\/pawilony-gastronomiczne.webp 768w, https:\/\/szymbud.strony.mr.org.pl\/wp-content\/uploads\/2025\/07\/pawilony-gastronomiczne.webp 1200w\"\r\n            sizes=\"(max-width: 900px) 768px\"\r\n            src=\"https:\/\/szymbud.strony.mr.org.pl\/wp-content\/uploads\/2025\/07\/pawilony-gastronomiczne.webp\"\r\n            alt=\"pawilon gastronomiczny\"\r\n            class=\" absolute w-full h-full  object-cover hover:scale-[110%] hover:translate-x-2 duration-1000 \" \/><\/a>\r\n        <h3 class=\"pt-10 text-xl md:text-2xl text-primary link basic link-basic\"><a href=\"https:\/\/szymbud.strony.mr.org.pl\/sk\/ponuka\/pavilony-zo-sendvicovych-panelov\/gastronomia\/\">Gastron\u00f3mia<\/a><\/h3>\r\n\r\n        <div class=\"flex flex-col justify-end duration-300 grow \">\r\n\r\n          <p class=\"pt-10 \">Na\u0161e stravovacie pavil\u00f3ny s\u00fa modernou vo\u013ebou pre t\u00fdch, ktor\u00ed h\u013eadaj\u00fa estetick\u00e9 a funk\u010dn\u00e9 rie\u0161enia pre svoje stravovacie prev\u00e1dzky. Pon\u00fakame pavil\u00f3ny zo sendvi\u010dov\u00fdch panelov vysokej kvality spracovania, ktor\u00e9 sa vyzna\u010duj\u00fa modern\u00fdm vzh\u013eadom a pou\u017eit\u00edm inovat\u00edvnych technol\u00f3gi\u00ed. Pavil\u00f3ny s\u00fa plne vybaven\u00e9 a pripraven\u00e9 na okam\u017eit\u00e9 pou\u017eitie, \u010do v\u00e1m umo\u017en\u00ed r\u00fdchlo za\u010da\u0165 podnika\u0165. Stravovacie pavil\u00f3ny s\u00fa ide\u00e1lne pre [&hellip;]<\/p>\r\n          <a href=\"https:\/\/szymbud.strony.mr.org.pl\/sk\/ponuka\/pavilony-zo-sendvicovych-panelov\/gastronomia\/\" class=\"flex items-center gap-2 pt-5 group\/item !text-primary\">Poznaj szczeg\u00f3\u0142y <svg xmlns=\"http:\/\/www.w3.org\/2000\/svg\" width=\"16\" height=\"16\" class=\"duration-300 group-hover\/item:translate-x-1 fill-primary\" viewBox=\"0 0 16 16\">\r\n              <path fill-rule=\"evenodd\" d=\"M1 8a.5.5 0 0 1 .5-.5h11.793l-3.147-3.146a.5.5 0 0 1 .708-.708l4 4a.5.5 0 0 1 0 .708l-4 4a.5.5 0 0 1-.708-.708L13.293 8.5H1.5A.5.5 0 0 1 1 8\" \/>\r\n            <\/svg><\/a>\r\n\r\n        <\/div>\r\n\r\n\r\n\r\n      <\/div>\r\n\r\n\r\n\r\n\r\n\r\n\r\n\r\n\r\n\r\n\r\n  \r\n      <div class=\"flex flex-col w-full  overflow-hidden group max-w-[380px] md:max-w-none \" href=\"https:\/\/szymbud.strony.mr.org.pl\/sk\/ponuka\/pavilony-zo-sendvicovych-panelov\/kancelaria\/\">\r\n        <a href=\"https:\/\/szymbud.strony.mr.org.pl\/sk\/ponuka\/pavilony-zo-sendvicovych-panelov\/kancelaria\/\" class=\"block relative w-full overflow-hidden h-60 md:h-[350px]  max-w-sm  md:max-w-none\"><img decoding=\"async\"\r\n            srcset=\" https:\/\/szymbud.strony.mr.org.pl\/wp-content\/uploads\/2025\/07\/kontenery-biurowe-1.webp 768w, https:\/\/szymbud.strony.mr.org.pl\/wp-content\/uploads\/2025\/07\/kontenery-biurowe-1.webp 1200w\"\r\n            sizes=\"(max-width: 900px) 768px\"\r\n            src=\"https:\/\/szymbud.strony.mr.org.pl\/wp-content\/uploads\/2025\/07\/kontenery-biurowe-1.webp\"\r\n            alt=\"kontener biurowy\"\r\n            class=\" absolute w-full h-full  object-cover hover:scale-[110%] hover:translate-x-2 duration-1000 \" \/><\/a>\r\n        <h3 class=\"pt-10 text-xl md:text-2xl text-primary link basic link-basic\"><a href=\"https:\/\/szymbud.strony.mr.org.pl\/sk\/ponuka\/pavilony-zo-sendvicovych-panelov\/kancelaria\/\">Kancel\u00e1ria<\/a><\/h3>\r\n\r\n        <div class=\"flex flex-col justify-end duration-300 grow \">\r\n\r\n          <p class=\"pt-10 \">Zariadi\u0165 do\u010dasn\u00fd priestor pre estetick\u00fa kancel\u00e1riu, napr\u00edklad v bl\u00edzkosti prebiehaj\u00faceho staveniska, m\u00f4\u017ee by\u0165 pre developera niekedy komplikovan\u00e9. Nemus\u00ed v\u0161ak zn\u00e1\u0161a\u0165 vysok\u00e9 n\u00e1klady na pren\u00e1jom tak\u00fdchto priestorov, ani nemus\u00ed \u017eiada\u0165 o stavebn\u00e9 povolenie na stavbu plnohodnotnej budovy pre kancel\u00e1riu. M\u00f4\u017ee vyu\u017ei\u0165 na\u0161u ponuku na r\u00fdchlo postaven\u00e9, takmer kompletn\u00e9 kancel\u00e1rske pavil\u00f3ny zo sendvi\u010dov\u00fdch panelov. Tak\u00e9to rie\u0161enia vyrie\u0161ia [&hellip;]<\/p>\r\n          <a href=\"https:\/\/szymbud.strony.mr.org.pl\/sk\/ponuka\/pavilony-zo-sendvicovych-panelov\/kancelaria\/\" class=\"flex items-center gap-2 pt-5 group\/item !text-primary\">Poznaj szczeg\u00f3\u0142y <svg xmlns=\"http:\/\/www.w3.org\/2000\/svg\" width=\"16\" height=\"16\" class=\"duration-300 group-hover\/item:translate-x-1 fill-primary\" viewBox=\"0 0 16 16\">\r\n              <path fill-rule=\"evenodd\" d=\"M1 8a.5.5 0 0 1 .5-.5h11.793l-3.147-3.146a.5.5 0 0 1 .708-.708l4 4a.5.5 0 0 1 0 .708l-4 4a.5.5 0 0 1-.708-.708L13.293 8.5H1.5A.5.5 0 0 1 1 8\" \/>\r\n            <\/svg><\/a>\r\n\r\n        <\/div>\r\n\r\n\r\n\r\n      <\/div>\r\n\r\n\r\n\r\n\r\n\r\n\r\n\r\n\r\n\r\n\r\n  <\/div><\/section>\n","protected":false},"excerpt":{"rendered":"<p>Budujemy\u00a0pawilony z p\u0142yty\u00a0w \u015bcis\u0142ej wsp\u00f3\u0142pracy z Pa\u0144stwem, aby wizja pawilonu by\u0142a zrealizowana w 100 procentach. Dostosowuj\u0105c <\/p>\n","protected":false},"author":1,"featured_media":1096,"parent":1103,"menu_order":0,"comment_status":"closed","ping_status":"closed","template":"wp-custom-template-strona-ofertowa","meta":{"footnotes":""},"class_list":["post-1095","page","type-page","status-publish","has-post-thumbnail","hentry"],"_links":{"self":[{"href":"https:\/\/szymbud.strony.mr.org.pl\/sk\/wp-json\/wp\/v2\/pages\/1095","targetHints":{"allow":["GET"]}}],"collection":[{"href":"https:\/\/szymbud.strony.mr.org.pl\/sk\/wp-json\/wp\/v2\/pages"}],"about":[{"href":"https:\/\/szymbud.strony.mr.org.pl\/sk\/wp-json\/wp\/v2\/types\/page"}],"author":[{"embeddable":true,"href":"https:\/\/szymbud.strony.mr.org.pl\/sk\/wp-json\/wp\/v2\/users\/1"}],"replies":[{"embeddable":true,"href":"https:\/\/szymbud.strony.mr.org.pl\/sk\/wp-json\/wp\/v2\/comments?post=1095"}],"version-history":[{"count":1,"href":"https:\/\/szymbud.strony.mr.org.pl\/sk\/wp-json\/wp\/v2\/pages\/1095\/revisions"}],"predecessor-version":[{"id":1211,"href":"https:\/\/szymbud.strony.mr.org.pl\/sk\/wp-json\/wp\/v2\/pages\/1095\/revisions\/1211"}],"up":[{"embeddable":true,"href":"https:\/\/szymbud.strony.mr.org.pl\/sk\/wp-json\/wp\/v2\/pages\/1103"}],"wp:featuredmedia":[{"embeddable":true,"href":"https:\/\/szymbud.strony.mr.org.pl\/sk\/wp-json\/wp\/v2\/media\/1096"}],"wp:attachment":[{"href":"https:\/\/szymbud.strony.mr.org.pl\/sk\/wp-json\/wp\/v2\/media?parent=1095"}],"curies":[{"name":"wp","href":"https:\/\/api.w.org\/{rel}","templated":true}]}}