{"id":1094,"date":"2025-07-16T10:48:26","date_gmt":"2025-07-16T08:48:26","guid":{"rendered":"https:\/\/szymbud.strony.mr.org.pl\/kontenery-z-plyty-warstwowej\/"},"modified":"2025-08-29T08:47:58","modified_gmt":"2025-08-29T06:47:58","slug":"kontajnery-zo-sendvicovych-panelov","status":"publish","type":"page","link":"https:\/\/szymbud.strony.mr.org.pl\/sk\/ponuka\/kontajnery-zo-sendvicovych-panelov\/","title":{"rendered":"Kontajnery zo sendvi\u010dov\u00fdch panelov"},"content":{"rendered":"\n<div class=\"wp-block-group main-wrapper px-5 is-layout-flow wp-block-group-is-layout-flow\">\n<div class=\"wp-block-columns gap-10 is-layout-flex wp-container-core-columns-is-layout-28f84493 wp-block-columns-is-layout-flex\">\n<div class=\"wp-block-column is-layout-flow wp-block-column-is-layout-flow\"><figure class=\"wp-block-post-featured-image\"><img loading=\"lazy\" decoding=\"async\" width=\"640\" height=\"480\" src=\"https:\/\/szymbud.strony.mr.org.pl\/wp-content\/uploads\/2025\/07\/kontenery-biurowe.webp\" class=\"attachment-post-thumbnail size-post-thumbnail wp-post-image\" alt=\"kontener biurowy\" style=\"object-fit:cover;\" srcset=\"https:\/\/szymbud.strony.mr.org.pl\/wp-content\/uploads\/2025\/07\/kontenery-biurowe.webp 640w, https:\/\/szymbud.strony.mr.org.pl\/wp-content\/uploads\/2025\/07\/kontenery-biurowe-300x225.webp 300w\" sizes=\"auto, (max-width: 640px) 100vw, 640px\" \/><\/figure><\/div>\n\n\n\n<div class=\"wp-block-column text-container is-layout-flow wp-block-column-is-layout-flow\">\n<h2 class=\"text-3xl md:text-4xl lg:text-5xl wp-block-mrblocks-generictext has-secondary-color has-text-color has-link-color wp-elements-d9ab8dfb58d8cf9267c397b8f62f1fa3\">Kontajnery zo sendvi\u010dov\u00fdch panelov <\/h2>\n\n\n\n<p>Sendvi\u010dov\u00e9 panely, ktor\u00e9 pou\u017e\u00edvame pri v\u00fdrobe a navrhovan\u00ed r\u00f4znych typov budov pre na\u0161ich klientov, maj\u00fa \u0161irok\u00e9 mo\u017enosti pou\u017eitia. Z\u00e1kazn\u00edkom d\u00e1vame mo\u017enos\u0165 vytvori\u0165 vizu\u00e1lne atrakt\u00edvny a funk\u010dn\u00fd priestor, ktor\u00fd harmonicky zapadne do okolia. Ke\u010f\u017ee je dobr\u00fdm izolantom, \u010dasto si nevy\u017eaduje dodato\u010dn\u00e9 zateplenie. Jedn\u00fdm z vrcholov n\u00e1\u0161ho sortimentu s\u00fa <strong>kontajnery zo sendvi\u010dov\u00fdch panelov<\/strong>. Na\u0161a ponuka zah\u0155\u0148a \u0161irok\u00fa \u0161k\u00e1lu kontajnerov zo sendvi\u010dov\u00fdch panelov a mo\u017enos\u0165 ich personaliz\u00e1cie. Pom\u00f4\u017eeme v\u00e1m vybra\u0165 model kontajnera, ktor\u00fd bude vyhovova\u0165 va\u0161im potreb\u00e1m. Pom\u00f4\u017eeme v\u00e1m s jeho mont\u00e1\u017eou a in\u0161tal\u00e1ciou do zeme.<\/p>\n\n\n\n<p>Pon\u00fakame v\u00e1m kontajnery zo sendvi\u010dov\u00fdch panelov na r\u00f4zne \u00fa\u010dely, ako mobiln\u00e9 aj trval\u00e9 rie\u0161enia. M\u00f4\u017eu to by\u0165: <strong><a href=\"https:\/\/www.szymbud-pawilony.pl\/kontenery-biurowe.html\" target=\"_blank\" rel=\"noopener\">kancel\u00e1rske \u00fa\u010dty<\/a>, <a href=\"https:\/\/www.szymbud-pawilony.pl\/kontenery-handlowe.html\" target=\"_blank\" rel=\"noopener\">obchodn\u00e9 kontajnery<\/a>, <a href=\"https:\/\/www.szymbud-pawilony.pl\/kontenery-mieszkalne.html\" target=\"_blank\" rel=\"noopener\">obytn\u00e9 kontajnery<\/a>, <a href=\"https:\/\/www.szymbud-pawilony.pl\/kontenery-socjalne.html\" target=\"_blank\" rel=\"noopener\">soci\u00e1lne kontajnery<\/a> a <a href=\"https:\/\/www.szymbud-pawilony.pl\/kontenery-uslugowe.html\" target=\"_blank\" rel=\"noopener\">kontajnery na slu\u017eby<\/a><\/strong>. V\u0161etky tak\u00e9to kon\u0161trukcie sa vyzna\u010duj\u00fa vysokou kvalitou, robustnos\u0165ou a odolnos\u0165ou. Odoln\u00e9 a funk\u010dn\u00e9 kon\u0161trukcie zo sendvi\u010dov\u00fdch panelov je mo\u017en\u00e9 prisp\u00f4sobi\u0165 pod\u013ea po\u017eiadaviek z\u00e1kazn\u00edka. Nemaj\u00fa na ne vplyv atmosf\u00e9rick\u00e9 podmienky. Bud\u00fa v\u00e1m sl\u00fa\u017ei\u0165 dlh\u00fd \u010das.<\/p>\n\n\n\n<p>Navy\u0161e na\u0161a spolo\u010dnos\u0165 vybav\u00ed postaven\u00e9 kontajnery pod\u013ea va\u0161ich predst\u00e1v. Prisp\u00f4soben\u00edm kon\u0161trukcie va\u0161im individu\u00e1lnym potreb\u00e1m zabezpe\u010d\u00edme flexibilitu z technick\u00e9ho aj funk\u010dn\u00e9ho h\u013eadiska. V\u010faka pou\u017eitiu sendvi\u010dov\u00fdch panelov na <strong>modul\u00e1rnu v\u00fdstavbu<\/strong> ich m\u00f4\u017eeme v bud\u00facnosti roz\u0161\u00edri\u0165, ak poc\u00edtite potrebu. Kon\u0161trukciu kontajnera je mo\u017en\u00e9 prisp\u00f4sobi\u0165 po\u017eiadavk\u00e1m z\u00e1kazn\u00edka, \u010d\u00edm sa zabezpe\u010d\u00ed robustnos\u0165 a flexibilita. Z\u00e1kazky na obchodn\u00e9, kancel\u00e1rske a in\u00e9 kontajnery realizujeme v \u010do najkrat\u0161om \u010dase, pri\u010dom db\u00e1me na dodr\u017eanie pr\u00edslu\u0161n\u00fdch technick\u00fdch noriem.<\/p>\n\n\n\n<p>Na\u0161a spolo\u010dnos\u0165 poskytuje slu\u017eby z\u00e1kazn\u00edkom <strong>z cel\u00e9ho Po\u013eska<\/strong>. Na\u0161i odborn\u00edci poskytuj\u00fa pomoc a poradenstvo v ka\u017edej f\u00e1ze projektu, od koncepcie a\u017e po in\u0161tal\u00e1ciu. V\u00fdberom na\u0161ej spolo\u010dnosti m\u00e1 z\u00e1kazn\u00edk istotu vysokej kvality a profesionality. Na\u0161e kontajnery zo sendvi\u010dov\u00fdch panelov sa vyzna\u010duj\u00fa vysokou kvalitou spracovania a n\u00edzkou cenou<strong>(pozrite si, <a href=\"https:\/\/www.szymbud-pawilony.pl\/pawilony-uslugowe-cena.html\" target=\"_blank\" rel=\"noopener\">\u010co ovplyv\u0148uje cenu kontajnerov<\/a><\/strong>).<\/p>\n\n\n\n<p><a href=\"https:\/\/www.szymbud-pawilony.pl\/kontakt.html\" target=\"_blank\" rel=\"noopener\">Kontaktujte n\u00e1s pre<\/a> podrobn\u00fa cenov\u00fa ponuku alebo pre poradenstvo pri realiz\u00e1cii projektu.<\/p>\n\n\n\n<h3 class=\"wp-block-heading\">Aplik\u00e1cia<\/h3>\n\n\n\n<p><strong>Kontajnery zo<\/strong> sendvi\u010dov\u00fdch <strong>panelov sa pou\u017e\u00edvaj\u00fa v \u0161irokej \u0161k\u00e1le odvetv\u00ed,<\/strong> od kancel\u00e1ri\u00ed a maloobchodn\u00fdch predajn\u00ed a\u017e po zariadenia slu\u017eieb a stravovania a v\u00fdstavbu rekrea\u010dn\u00fdch pozemkov. Ich univerz\u00e1lna kon\u0161trukcia znamen\u00e1, \u017ee sa m\u00f4\u017eu pou\u017e\u00edva\u0165 ako samostatn\u00e9 stavby aj ako prvky v\u00e4\u010d\u0161\u00edch komplexov. V\u010faka svojej odolnosti vo\u010di nepriazniv\u00fdm poveternostn\u00fdm podmienkam a robustnej kon\u0161trukcii zaru\u010duj\u00fa tieto kontajnery bezpe\u010dnos\u0165 a komfort pou\u017e\u00edvania po\u010das cel\u00e9ho roka. V\u010faka tomu s\u00fa ob\u013e\u00fabenou vo\u013ebou pre firmy a jednotlivcov, ktor\u00ed o\u010dak\u00e1vaj\u00fa odoln\u00e9 a praktick\u00e9 rie\u0161enia.<\/p>\n\n\n<a class=\"mr-button \" href=\"https:\/\/szymbud.strony.mr.org.pl\/kontakt\/\">\r\n  Kontaktujte n\u00e1s<\/a>\r\n<\/div>\n<\/div>\n\n\n<div class=\" spacing-top main-wrapper \" \/>\r\n<\/div><\/div>\n\n\n<!-- pages -->\r\n\r\n<div class=\"grid sm:grid-cols-2 gap-[1%] lg:grid-cols-[repeat(auto-fit,minmax(24%,1fr))] w-full justify-items-center md:gap-y-5 md:grid-cols-3  main-wrapper px-5\">\r\n  \r\n      <div class=\"flex flex-col w-full  overflow-hidden group max-w-[380px] md:max-w-none \" href=\"https:\/\/szymbud.strony.mr.org.pl\/sk\/ponuka\/kontajnery-zo-sendvicovych-panelov\/sluzby\/\">\r\n        <a href=\"https:\/\/szymbud.strony.mr.org.pl\/sk\/ponuka\/kontajnery-zo-sendvicovych-panelov\/sluzby\/\" class=\"block relative w-full overflow-hidden h-60 md:h-[350px]  max-w-sm  md:max-w-none\"><img decoding=\"async\"\r\n            srcset=\" https:\/\/szymbud.strony.mr.org.pl\/wp-content\/uploads\/2025\/07\/kontenery-uslugowe-768x422.webp 768w, https:\/\/szymbud.strony.mr.org.pl\/wp-content\/uploads\/2025\/07\/kontenery-uslugowe.webp 1200w\"\r\n            sizes=\"(max-width: 900px) 768px\"\r\n            src=\"https:\/\/szymbud.strony.mr.org.pl\/wp-content\/uploads\/2025\/07\/kontenery-uslugowe.webp\"\r\n            alt=\"kontener us\u0142ugowy\"\r\n            class=\" absolute w-full h-full  object-cover hover:scale-[110%] hover:translate-x-2 duration-1000 \" \/><\/a>\r\n        <h3 class=\"pt-10 text-xl md:text-2xl text-primary link basic link-basic\"><a href=\"https:\/\/szymbud.strony.mr.org.pl\/sk\/ponuka\/kontajnery-zo-sendvicovych-panelov\/sluzby\/\">Slu\u017eby<\/a><\/h3>\r\n\r\n        <div class=\"flex flex-col justify-end duration-300 grow \">\r\n\r\n          <p class=\"pt-10 \">Produkowane przez nas kontenery us\u0142ugowe nadaj\u0105 si\u0119 do realizacji ka\u017cdej dzia\u0142alno\u015bci us\u0142ugowej. Poprzez mo\u017cliwo\u015b\u0107 indywidualnego modyfikowania projekt\u00f3w, mo\u017cemy dostosowa\u0107 projekt do Pa\u0144stwa wymaga\u0144\/<\/p>\r\n          <a href=\"https:\/\/szymbud.strony.mr.org.pl\/sk\/ponuka\/kontajnery-zo-sendvicovych-panelov\/sluzby\/\" class=\"flex items-center gap-2 pt-5 group\/item !text-primary\">Poznaj szczeg\u00f3\u0142y <svg xmlns=\"http:\/\/www.w3.org\/2000\/svg\" width=\"16\" height=\"16\" class=\"duration-300 group-hover\/item:translate-x-1 fill-primary\" viewBox=\"0 0 16 16\">\r\n              <path fill-rule=\"evenodd\" d=\"M1 8a.5.5 0 0 1 .5-.5h11.793l-3.147-3.146a.5.5 0 0 1 .708-.708l4 4a.5.5 0 0 1 0 .708l-4 4a.5.5 0 0 1-.708-.708L13.293 8.5H1.5A.5.5 0 0 1 1 8\" \/>\r\n            <\/svg><\/a>\r\n\r\n        <\/div>\r\n\r\n\r\n\r\n      <\/div>\r\n\r\n\r\n\r\n\r\n\r\n\r\n\r\n\r\n\r\n\r\n  \r\n      <div class=\"flex flex-col w-full  overflow-hidden group max-w-[380px] md:max-w-none \" href=\"https:\/\/szymbud.strony.mr.org.pl\/sk\/ponuka\/kontajnery-zo-sendvicovych-panelov\/socialna-siet\/\">\r\n        <a href=\"https:\/\/szymbud.strony.mr.org.pl\/sk\/ponuka\/kontajnery-zo-sendvicovych-panelov\/socialna-siet\/\" class=\"block relative w-full overflow-hidden h-60 md:h-[350px]  max-w-sm  md:max-w-none\"><img decoding=\"async\"\r\n            srcset=\" https:\/\/szymbud.strony.mr.org.pl\/wp-content\/uploads\/2025\/07\/kontenery-socjalne-768x404.webp 768w, https:\/\/szymbud.strony.mr.org.pl\/wp-content\/uploads\/2025\/07\/kontenery-socjalne.webp 1200w\"\r\n            sizes=\"(max-width: 900px) 768px\"\r\n            src=\"https:\/\/szymbud.strony.mr.org.pl\/wp-content\/uploads\/2025\/07\/kontenery-socjalne.webp\"\r\n            alt=\"kontener socjalny\"\r\n            class=\" absolute w-full h-full  object-cover hover:scale-[110%] hover:translate-x-2 duration-1000 \" \/><\/a>\r\n        <h3 class=\"pt-10 text-xl md:text-2xl text-primary link basic link-basic\"><a href=\"https:\/\/szymbud.strony.mr.org.pl\/sk\/ponuka\/kontajnery-zo-sendvicovych-panelov\/socialna-siet\/\">Soci\u00e1lna sie\u0165<\/a><\/h3>\r\n\r\n        <div class=\"flex flex-col justify-end duration-300 grow \">\r\n\r\n          <p class=\"pt-10 \">enery socjalne idealnie sprawdzaj\u0105 si\u0119 na placach budowy oraz w przedsi\u0119biorstwach, kt\u00f3re nie posiadaj\u0105 zaplecza socjalnego, a powinny je mie\u0107 dla swoich pracownik\u00f3w.<\/p>\r\n          <a href=\"https:\/\/szymbud.strony.mr.org.pl\/sk\/ponuka\/kontajnery-zo-sendvicovych-panelov\/socialna-siet\/\" class=\"flex items-center gap-2 pt-5 group\/item !text-primary\">Poznaj szczeg\u00f3\u0142y <svg xmlns=\"http:\/\/www.w3.org\/2000\/svg\" width=\"16\" height=\"16\" class=\"duration-300 group-hover\/item:translate-x-1 fill-primary\" viewBox=\"0 0 16 16\">\r\n              <path fill-rule=\"evenodd\" d=\"M1 8a.5.5 0 0 1 .5-.5h11.793l-3.147-3.146a.5.5 0 0 1 .708-.708l4 4a.5.5 0 0 1 0 .708l-4 4a.5.5 0 0 1-.708-.708L13.293 8.5H1.5A.5.5 0 0 1 1 8\" \/>\r\n            <\/svg><\/a>\r\n\r\n        <\/div>\r\n\r\n\r\n\r\n      <\/div>\r\n\r\n\r\n\r\n\r\n\r\n\r\n\r\n\r\n\r\n\r\n  \r\n      <div class=\"flex flex-col w-full  overflow-hidden group max-w-[380px] md:max-w-none \" href=\"https:\/\/szymbud.strony.mr.org.pl\/sk\/ponuka\/kontajnery-zo-sendvicovych-panelov\/obytne-budovy\/\">\r\n        <a href=\"https:\/\/szymbud.strony.mr.org.pl\/sk\/ponuka\/kontajnery-zo-sendvicovych-panelov\/obytne-budovy\/\" class=\"block relative w-full overflow-hidden h-60 md:h-[350px]  max-w-sm  md:max-w-none\"><img decoding=\"async\"\r\n            srcset=\" https:\/\/szymbud.strony.mr.org.pl\/wp-content\/uploads\/2025\/07\/kontenery-mieszkalne-768x576.webp 768w, https:\/\/szymbud.strony.mr.org.pl\/wp-content\/uploads\/2025\/07\/kontenery-mieszkalne.webp 1200w\"\r\n            sizes=\"(max-width: 900px) 768px\"\r\n            src=\"https:\/\/szymbud.strony.mr.org.pl\/wp-content\/uploads\/2025\/07\/kontenery-mieszkalne.webp\"\r\n            alt=\"kontener mieszkalny\"\r\n            class=\" absolute w-full h-full  object-cover hover:scale-[110%] hover:translate-x-2 duration-1000 \" \/><\/a>\r\n        <h3 class=\"pt-10 text-xl md:text-2xl text-primary link basic link-basic\"><a href=\"https:\/\/szymbud.strony.mr.org.pl\/sk\/ponuka\/kontajnery-zo-sendvicovych-panelov\/obytne-budovy\/\">Obytn\u00e9 budovy<\/a><\/h3>\r\n\r\n        <div class=\"flex flex-col justify-end duration-300 grow \">\r\n\r\n          <p class=\"pt-10 \">Coraz wi\u0119cej klient\u00f3w pyta si\u0119 o mo\u017cliwo\u015bci mieszkalne przy zastosowaniu kontener\u00f3w z p\u0142yt warstwowych. Jest to atrakcyjna alternatywa, dla os\u00f3b, kt\u00f3re chcia\u0142yby szybko zamieszka\u0107 w swoich czterech \u015bcianach <\/p>\r\n          <a href=\"https:\/\/szymbud.strony.mr.org.pl\/sk\/ponuka\/kontajnery-zo-sendvicovych-panelov\/obytne-budovy\/\" class=\"flex items-center gap-2 pt-5 group\/item !text-primary\">Poznaj szczeg\u00f3\u0142y <svg xmlns=\"http:\/\/www.w3.org\/2000\/svg\" width=\"16\" height=\"16\" class=\"duration-300 group-hover\/item:translate-x-1 fill-primary\" viewBox=\"0 0 16 16\">\r\n              <path fill-rule=\"evenodd\" d=\"M1 8a.5.5 0 0 1 .5-.5h11.793l-3.147-3.146a.5.5 0 0 1 .708-.708l4 4a.5.5 0 0 1 0 .708l-4 4a.5.5 0 0 1-.708-.708L13.293 8.5H1.5A.5.5 0 0 1 1 8\" \/>\r\n            <\/svg><\/a>\r\n\r\n        <\/div>\r\n\r\n\r\n\r\n      <\/div>\r\n\r\n\r\n\r\n\r\n\r\n\r\n\r\n\r\n\r\n\r\n  \r\n      <div class=\"flex flex-col w-full  overflow-hidden group max-w-[380px] md:max-w-none \" href=\"https:\/\/szymbud.strony.mr.org.pl\/sk\/ponuka\/kontajnery-zo-sendvicovych-panelov\/komercne\/\">\r\n        <a href=\"https:\/\/szymbud.strony.mr.org.pl\/sk\/ponuka\/kontajnery-zo-sendvicovych-panelov\/komercne\/\" class=\"block relative w-full overflow-hidden h-60 md:h-[350px]  max-w-sm  md:max-w-none\"><img decoding=\"async\"\r\n            srcset=\" https:\/\/szymbud.strony.mr.org.pl\/wp-content\/uploads\/2025\/07\/kontenery-handlowe-1-768x576.webp 768w, https:\/\/szymbud.strony.mr.org.pl\/wp-content\/uploads\/2025\/07\/kontenery-handlowe-1.webp 1200w\"\r\n            sizes=\"(max-width: 900px) 768px\"\r\n            src=\"https:\/\/szymbud.strony.mr.org.pl\/wp-content\/uploads\/2025\/07\/kontenery-handlowe-1.webp\"\r\n            alt=\"kontener handlowy\"\r\n            class=\" absolute w-full h-full  object-cover hover:scale-[110%] hover:translate-x-2 duration-1000 \" \/><\/a>\r\n        <h3 class=\"pt-10 text-xl md:text-2xl text-primary link basic link-basic\"><a href=\"https:\/\/szymbud.strony.mr.org.pl\/sk\/ponuka\/kontajnery-zo-sendvicovych-panelov\/komercne\/\">Komer\u010dn\u00e9<\/a><\/h3>\r\n\r\n        <div class=\"flex flex-col justify-end duration-300 grow \">\r\n\r\n          <p class=\"pt-10 \">Najwi\u0119ksz\u0105 zalet\u0105 kontener\u00f3w handlowych jest mo\u017cliwo\u015b\u0107 ich szybkiego przeniesienia w inne miejsce, co stwarza mo\u017cliwo\u015b\u0107 rozpocz\u0119cia dzia\u0142alno\u015bci handlowej w innym miejscu, bez konieczno\u015bci budowania nowego budynku.<\/p>\r\n          <a href=\"https:\/\/szymbud.strony.mr.org.pl\/sk\/ponuka\/kontajnery-zo-sendvicovych-panelov\/komercne\/\" class=\"flex items-center gap-2 pt-5 group\/item !text-primary\">Poznaj szczeg\u00f3\u0142y <svg xmlns=\"http:\/\/www.w3.org\/2000\/svg\" width=\"16\" height=\"16\" class=\"duration-300 group-hover\/item:translate-x-1 fill-primary\" viewBox=\"0 0 16 16\">\r\n              <path fill-rule=\"evenodd\" d=\"M1 8a.5.5 0 0 1 .5-.5h11.793l-3.147-3.146a.5.5 0 0 1 .708-.708l4 4a.5.5 0 0 1 0 .708l-4 4a.5.5 0 0 1-.708-.708L13.293 8.5H1.5A.5.5 0 0 1 1 8\" \/>\r\n            <\/svg><\/a>\r\n\r\n        <\/div>\r\n\r\n\r\n\r\n      <\/div>\r\n\r\n\r\n\r\n\r\n\r\n\r\n\r\n\r\n\r\n\r\n  \r\n      <div class=\"flex flex-col w-full  overflow-hidden group max-w-[380px] md:max-w-none \" href=\"https:\/\/szymbud.strony.mr.org.pl\/sk\/ponuka\/kontajnery-zo-sendvicovych-panelov\/kancelaria\/\">\r\n        <a href=\"https:\/\/szymbud.strony.mr.org.pl\/sk\/ponuka\/kontajnery-zo-sendvicovych-panelov\/kancelaria\/\" class=\"block relative w-full overflow-hidden h-60 md:h-[350px]  max-w-sm  md:max-w-none\"><img decoding=\"async\"\r\n            srcset=\" https:\/\/szymbud.strony.mr.org.pl\/wp-content\/uploads\/2025\/07\/kontenery-biurowe.webp 768w, https:\/\/szymbud.strony.mr.org.pl\/wp-content\/uploads\/2025\/07\/kontenery-biurowe.webp 1200w\"\r\n            sizes=\"(max-width: 900px) 768px\"\r\n            src=\"https:\/\/szymbud.strony.mr.org.pl\/wp-content\/uploads\/2025\/07\/kontenery-biurowe.webp\"\r\n            alt=\"kontener biurowy\"\r\n            class=\" absolute w-full h-full  object-cover hover:scale-[110%] hover:translate-x-2 duration-1000 \" \/><\/a>\r\n        <h3 class=\"pt-10 text-xl md:text-2xl text-primary link basic link-basic\"><a href=\"https:\/\/szymbud.strony.mr.org.pl\/sk\/ponuka\/kontajnery-zo-sendvicovych-panelov\/kancelaria\/\">Kancel\u00e1ria<\/a><\/h3>\r\n\r\n        <div class=\"flex flex-col justify-end duration-300 grow \">\r\n\r\n          <p class=\"pt-10 \">Wybudowane przez nas kontenery biurowe wyposa\u017camy zgodnie z Pa\u0144stwa wymaganiami. <\/p>\r\n          <a href=\"https:\/\/szymbud.strony.mr.org.pl\/sk\/ponuka\/kontajnery-zo-sendvicovych-panelov\/kancelaria\/\" class=\"flex items-center gap-2 pt-5 group\/item !text-primary\">Poznaj szczeg\u00f3\u0142y <svg xmlns=\"http:\/\/www.w3.org\/2000\/svg\" width=\"16\" height=\"16\" class=\"duration-300 group-hover\/item:translate-x-1 fill-primary\" viewBox=\"0 0 16 16\">\r\n              <path fill-rule=\"evenodd\" d=\"M1 8a.5.5 0 0 1 .5-.5h11.793l-3.147-3.146a.5.5 0 0 1 .708-.708l4 4a.5.5 0 0 1 0 .708l-4 4a.5.5 0 0 1-.708-.708L13.293 8.5H1.5A.5.5 0 0 1 1 8\" \/>\r\n            <\/svg><\/a>\r\n\r\n        <\/div>\r\n\r\n\r\n\r\n      <\/div>\r\n\r\n\r\n\r\n\r\n\r\n\r\n\r\n\r\n\r\n\r\n  <\/div>","protected":false},"excerpt":{"rendered":"<p>Nasza oferta obejmuje szeroki\u00a0kontener\u00f3w z p\u0142yty warstwowej oraz mo\u017cliwo\u015b\u0107 ich personalizacji. <\/p>\n","protected":false},"author":1,"featured_media":1087,"parent":1103,"menu_order":0,"comment_status":"closed","ping_status":"closed","template":"wp-custom-template-strona-ofertowa","meta":{"footnotes":""},"class_list":["post-1094","page","type-page","status-publish","has-post-thumbnail","hentry"],"_links":{"self":[{"href":"https:\/\/szymbud.strony.mr.org.pl\/sk\/wp-json\/wp\/v2\/pages\/1094","targetHints":{"allow":["GET"]}}],"collection":[{"href":"https:\/\/szymbud.strony.mr.org.pl\/sk\/wp-json\/wp\/v2\/pages"}],"about":[{"href":"https:\/\/szymbud.strony.mr.org.pl\/sk\/wp-json\/wp\/v2\/types\/page"}],"author":[{"embeddable":true,"href":"https:\/\/szymbud.strony.mr.org.pl\/sk\/wp-json\/wp\/v2\/users\/1"}],"replies":[{"embeddable":true,"href":"https:\/\/szymbud.strony.mr.org.pl\/sk\/wp-json\/wp\/v2\/comments?post=1094"}],"version-history":[{"count":1,"href":"https:\/\/szymbud.strony.mr.org.pl\/sk\/wp-json\/wp\/v2\/pages\/1094\/revisions"}],"predecessor-version":[{"id":1204,"href":"https:\/\/szymbud.strony.mr.org.pl\/sk\/wp-json\/wp\/v2\/pages\/1094\/revisions\/1204"}],"up":[{"embeddable":true,"href":"https:\/\/szymbud.strony.mr.org.pl\/sk\/wp-json\/wp\/v2\/pages\/1103"}],"wp:featuredmedia":[{"embeddable":true,"href":"https:\/\/szymbud.strony.mr.org.pl\/sk\/wp-json\/wp\/v2\/media\/1087"}],"wp:attachment":[{"href":"https:\/\/szymbud.strony.mr.org.pl\/sk\/wp-json\/wp\/v2\/media?parent=1094"}],"curies":[{"name":"wp","href":"https:\/\/api.w.org\/{rel}","templated":true}]}}