{"id":1092,"date":"2025-07-16T10:48:32","date_gmt":"2025-07-16T08:48:32","guid":{"rendered":"https:\/\/szymbud.strony.mr.org.pl\/kioski-handlowe\/"},"modified":"2025-08-29T08:48:18","modified_gmt":"2025-08-29T06:48:18","slug":"obchodne-kiosky","status":"publish","type":"page","link":"https:\/\/szymbud.strony.mr.org.pl\/sk\/ponuka\/obchodne-kiosky\/","title":{"rendered":"Obchodn\u00e9 kiosky"},"content":{"rendered":"\n<div class=\"wp-block-group main-wrapper px-5 is-layout-flow wp-block-group-is-layout-flow\">\n<div class=\"wp-block-columns gap-10 is-layout-flex wp-container-core-columns-is-layout-28f84493 wp-block-columns-is-layout-flex\">\n<div class=\"wp-block-column is-layout-flow wp-block-column-is-layout-flow\"><figure class=\"wp-block-post-featured-image\"><img loading=\"lazy\" decoding=\"async\" width=\"640\" height=\"480\" src=\"https:\/\/szymbud.strony.mr.org.pl\/wp-content\/uploads\/2025\/07\/Kiosk.webp\" class=\"attachment-post-thumbnail size-post-thumbnail wp-post-image\" alt=\"Kiosk handlowy\" style=\"object-fit:cover;\" srcset=\"https:\/\/szymbud.strony.mr.org.pl\/wp-content\/uploads\/2025\/07\/Kiosk.webp 640w, https:\/\/szymbud.strony.mr.org.pl\/wp-content\/uploads\/2025\/07\/Kiosk-300x225.webp 300w\" sizes=\"auto, (max-width: 640px) 100vw, 640px\" \/><\/figure><\/div>\n\n\n\n<div class=\"wp-block-column text-container is-layout-flow wp-block-column-is-layout-flow\">\n<h2 class=\"wp-block-heading has-secondary-color has-text-color has-link-color wp-elements-c9df57170b92c7035ab49d7e987e5fdf\">KOMER\u010cN\u00c9 KIOSKY<\/h2>\n\n\n\n<p>Kiosky na komer\u010dn\u00e9 aktivity m\u00f4\u017eu by\u0165 \u0161t\u00fdlov\u00e9 a modern\u00e9. Tak\u00e9to zariadenia dod\u00e1vame na\u0161im z\u00e1kazn\u00edkom. Ak m\u00e1te o ne z\u00e1ujem, poz\u00fdvame v\u00e1s, aby ste sa obozn\u00e1mili s ich \u0161pecifikami.<br><br>Hlavnou v\u00fdhodou kioskov s\u00fa ich mal\u00e9 rozmery, v\u010faka ktor\u00fdm sa daj\u00fa bez probl\u00e9mov integrova\u0165 do mestsk\u00e9ho priestoru. Mobilita nami vyr\u00e1ban\u00fdch kioskov je nepochybne ich ve\u013ekou v\u00fdhodou. V\u010faka nej budete m\u00f4c\u0165 v pr\u00edpade potreby premiestni\u0165 kiosk na in\u00e9 miesto a stabilne ho umiestni\u0165 na zem. Budete ho m\u00f4c\u0165 pou\u017e\u00edva\u0165 napr\u00edklad pri prev\u00e1dzkovan\u00ed sez\u00f3nneho obchodu.<\/p>\n\n\n\n<p>Doba realiz\u00e1cie sa kon\u010d\u00ed v priebehu nieko\u013ek\u00fdch t\u00fd\u017ed\u0148ov, \u010do v\u00e1m d\u00e1va pr\u00edle\u017eitos\u0165 r\u00fdchlo si otvori\u0165 vlastn\u00fd podnik. Sta\u010d\u00ed, ak si u na\u0161ej spolo\u010dnosti objedn\u00e1te <strong>predajn\u00fd st\u00e1nok so sendvi\u010dov\u00fdmi panelmi<\/strong>, aby sme ho navrhli pod\u013ea va\u0161ich pokynov a vyrobili. Potom u\u017e sta\u010d\u00ed len doru\u010di\u0165 hotov\u00fd objekt na ur\u010den\u00e9 miesto.<\/p>\n\n\n\n<p>Estetick\u00fd a modern\u00fd dizajn kioskov v\u00e1m pom\u00f4\u017ee pril\u00e1ka\u0165 nov\u00fdch z\u00e1kazn\u00edkov. Vyzna\u010duj\u00fa sa p\u00fatav\u00fdm dizajnom, ktor\u00fd sa hod\u00ed do modern\u00fdch mestsk\u00fdch priestorov. Na to, ako bude kiosk v kone\u010dnom d\u00f4sledku vyzera\u0165, m\u00e1te vplyv aj vy. Sna\u017e\u00edme sa by\u0165 v neust\u00e1lom kontakte s na\u0161imi z\u00e1kazn\u00edkmi, aby sme po\u010das v\u00fdroby <strong>maloobchodn\u00e9ho kiosku<\/strong> reagovali na v\u0161etky ich o\u010dak\u00e1vania a potreby.<\/p>\n\n\n\n<p>Spolo\u010dnos\u0165 Szym-Bud postav\u00ed v\u00e1\u0161 vysn\u00edvan\u00fd kiosk spo\u013eahlivo a lacno. Na\u0161e<strong> kiosky zo<\/strong> sendvi\u010dov\u00fdch<strong> panelov<\/strong> sa vyzna\u010duj\u00fa vysokou kvalitou spracovania a n\u00edzkou cenou. Preto si s relat\u00edvne n\u00edzkou invest\u00edciou budete m\u00f4c\u0165 r\u00fdchlo otvori\u0165 vlastn\u00fd <strong>kiosk,<\/strong> napr\u00edklad s novinami a sez\u00f3nnym tovarom.<\/p>\n\n\n<a class=\"mr-button \" href=\"https:\/\/szymbud.strony.mr.org.pl\/kontakt\/\">\r\n  Kontaktujte n\u00e1s<\/a>\r\n<\/div>\n<\/div>\n\n\n<div class=\" spacing-top main-wrapper \" \/>\r\n<\/div><\/div>\n","protected":false},"excerpt":{"rendered":"<p>Kioski do prowadzenia dzia\u0142alno\u015bci handlowej mog\u0105 by\u0107 stylowe i nowoczesne. Dostarczamy takie obiekty naszym klientom<\/p>\n","protected":false},"author":1,"featured_media":1093,"parent":1103,"menu_order":0,"comment_status":"closed","ping_status":"closed","template":"wp-custom-template-strona-ofertowa","meta":{"footnotes":""},"class_list":["post-1092","page","type-page","status-publish","has-post-thumbnail","hentry"],"_links":{"self":[{"href":"https:\/\/szymbud.strony.mr.org.pl\/sk\/wp-json\/wp\/v2\/pages\/1092","targetHints":{"allow":["GET"]}}],"collection":[{"href":"https:\/\/szymbud.strony.mr.org.pl\/sk\/wp-json\/wp\/v2\/pages"}],"about":[{"href":"https:\/\/szymbud.strony.mr.org.pl\/sk\/wp-json\/wp\/v2\/types\/page"}],"author":[{"embeddable":true,"href":"https:\/\/szymbud.strony.mr.org.pl\/sk\/wp-json\/wp\/v2\/users\/1"}],"replies":[{"embeddable":true,"href":"https:\/\/szymbud.strony.mr.org.pl\/sk\/wp-json\/wp\/v2\/comments?post=1092"}],"version-history":[{"count":1,"href":"https:\/\/szymbud.strony.mr.org.pl\/sk\/wp-json\/wp\/v2\/pages\/1092\/revisions"}],"predecessor-version":[{"id":1210,"href":"https:\/\/szymbud.strony.mr.org.pl\/sk\/wp-json\/wp\/v2\/pages\/1092\/revisions\/1210"}],"up":[{"embeddable":true,"href":"https:\/\/szymbud.strony.mr.org.pl\/sk\/wp-json\/wp\/v2\/pages\/1103"}],"wp:featuredmedia":[{"embeddable":true,"href":"https:\/\/szymbud.strony.mr.org.pl\/sk\/wp-json\/wp\/v2\/media\/1093"}],"wp:attachment":[{"href":"https:\/\/szymbud.strony.mr.org.pl\/sk\/wp-json\/wp\/v2\/media?parent=1092"}],"curies":[{"name":"wp","href":"https:\/\/api.w.org\/{rel}","templated":true}]}}