{"id":1090,"date":"2025-07-16T10:48:42","date_gmt":"2025-07-16T08:48:42","guid":{"rendered":"https:\/\/szymbud.strony.mr.org.pl\/garaze-z-plyty-warstwowej\/"},"modified":"2025-08-29T08:47:55","modified_gmt":"2025-08-29T06:47:55","slug":"garaze-zo-sendvicovych-panelov","status":"publish","type":"page","link":"https:\/\/szymbud.strony.mr.org.pl\/sk\/ponuka\/garaze-zo-sendvicovych-panelov\/","title":{"rendered":"Gar\u00e1\u017ee zo sendvi\u010dov\u00fdch panelov"},"content":{"rendered":"\n<div class=\"wp-block-group main-wrapper px-5 is-layout-flow wp-block-group-is-layout-flow\"><div style=\"background-color:  group \">\r\n  <div class=\"main-wrapper text-container gap-10 flex flex-col  md:grid md:grid-cols-2  relative  \">\r\n\r\n    <div class=\"flex   flex-col gap-5 sm:flex-row md:row-start-1 md:row-end-2 \">\r\n      <div class=\"w-full \"><img decoding=\"async\" src=\"https:\/\/szymbud.strony.mr.org.pl\/wp-content\/uploads\/2025\/07\/Garaz.webp\" alt=\"Gara\u017ce z p\u0142yty warstwowej\" class=\"intersect:animate-fade-up intersect:animate-delay-200 intersect:animate-duration-[500ms] animation-core intersect-once  max-w-full h-auto object-cover group-[.sticked]:sticky top-0 \" \/><\/div>\r\n\r\n    <\/div>\r\n    <div class=\"   md:row-start-1 md:row-end-2 \">\r\n      \n\n<h2 class=\"text-3xl md:text-4xl lg:text-5xl wp-block-mrblocks-generictext has-secondary-color has-text-color has-link-color wp-elements-e13ea45e3af5e70c16472e853a0cdf7f\">Gar\u00e1\u017ee zo sendvi\u010dov\u00fdch panelov \/ gar\u00e1\u017ee s celul\u00f3zov\u00fdm l\u00f4\u017ekom<\/h2>\n\n\n\n<p>Gar\u00e1\u017eovanie automobilov alebo dod\u00e1vok umo\u017e\u0148uje ich spo\u013eahliv\u00fa ochranu pred \u0161kodliv\u00fdmi \u00fa\u010dinkami vonkaj\u0161\u00edch faktorov, ako s\u00fa vlhkos\u0165, teplota, mr\u00e1z alebo slne\u010dn\u00e9 \u017eiarenie.<\/p>\n\n\n\n<p>Ak nem\u00e1te dostatok kryt\u00fdch parkovac\u00edch miest vo svojom dome alebo v are\u00e1li firmy, alebo ak jednoducho chcete zabezpe\u010di\u0165 tak\u00e9to miesto pre svoje auto, m\u00f4\u017eete investova\u0165 do na\u0161ich sendvi\u010dov\u00fdch <strong>panelov\u00fdch gar\u00e1\u017e\u00ed &#8211; vyroben\u00fdch z celul\u00f3zov\u00fdch dosiek<\/strong>.<\/p>\n\n\n\n<p>V\u00fdroba gar\u00e1\u017e\u00ed je jedn\u00fdm z odvetv\u00ed na\u0161ej \u010dinnosti. Starostlivo vybran\u00e9 materi\u00e1ly zabezpe\u010dia, \u017ee va\u0161e aut\u00e1 bud\u00fa uchov\u00e1van\u00e9 v najlep\u0161\u00edch podmienkach bez toho, aby boli karos\u00e9rie vystaven\u00e9 po\u0161kodeniu zr\u00e1\u017ekami alebo nadmern\u00fdm slne\u010dn\u00fdm \u017eiaren\u00edm.<\/p>\n\n\n\n<p>Ke\u010f n\u00e1m zver\u00edte stavbu gar\u00e1\u017ee, m\u00e1te v\u0161etko z jednej ruky, od n\u00e1vrhu a\u017e po v\u00fdstavbu. Nemus\u00edte si l\u00e1ma\u0165 hlavu s n\u00e1padom, preto\u017ee pon\u00fakame mno\u017estvo zauj\u00edmav\u00fdch n\u00e1vrhov, modern\u00fdch aj klasick\u00fdch, a my v\u00e1m ich predstav\u00edme a porad\u00edme, ktor\u00e1 gar\u00e1\u017e bude vo va\u0161ej situ\u00e1cii tou najlep\u0161ou vo\u013ebou. Mus\u00ed sa hodi\u0165 k pozemku, na ktorom m\u00e1 by\u0165 umiestnen\u00e1, o \u010do sa postar\u00e1 na\u0161a spolo\u010dnos\u0165. M\u00e1me sk\u00fasenosti s v\u00fdrobou gar\u00e1\u017e\u00ed tohto druhu, \u010do znamen\u00e1, \u017ee v\u00e1m v tejto s\u00favislosti m\u00f4\u017eeme pon\u00faknu\u0165 mnoho praktick\u00fdch rie\u0161en\u00ed a zauj\u00edmav\u00fdch n\u00e1padov.<\/p>\n\n\n\n<p>Ka\u017ed\u00e1 gar\u00e1\u017e m\u00f4\u017ee by\u0165 vybaven\u00e1 \u013eubovo\u013en\u00fdm po\u010dtom br\u00e1n, dver\u00ed a okien. Preto si m\u00f4\u017eete <strong>zateplen\u00fa gar\u00e1\u017e zo sendvi\u010dov\u00fdch panelov Obornicki<\/strong> objednan\u00fa v na\u0161ej spolo\u010dnosti nakonfigurova\u0165 tak, aby dokonale sp\u013a\u0148ala va\u0161e individu\u00e1lne po\u017eiadavky.<\/p>\n\n    <\/div>\r\n  <\/div>\r\n\r\n<\/div><\/div>\n\n\n\n<p><\/p>\n","protected":false},"excerpt":{"rendered":"<p>Gara\u017cowanie samochod\u00f3w osobowych czy dostawczych pozwala na ich solidne zabezpieczenie przed szkodliwym wp\u0142ywem czynnik\u00f3w zewn\u0119trznych&#8230;<\/p>\n","protected":false},"author":1,"featured_media":1091,"parent":1103,"menu_order":0,"comment_status":"closed","ping_status":"closed","template":"wp-custom-template-strona-ofertowa","meta":{"footnotes":""},"class_list":["post-1090","page","type-page","status-publish","has-post-thumbnail","hentry"],"_links":{"self":[{"href":"https:\/\/szymbud.strony.mr.org.pl\/sk\/wp-json\/wp\/v2\/pages\/1090","targetHints":{"allow":["GET"]}}],"collection":[{"href":"https:\/\/szymbud.strony.mr.org.pl\/sk\/wp-json\/wp\/v2\/pages"}],"about":[{"href":"https:\/\/szymbud.strony.mr.org.pl\/sk\/wp-json\/wp\/v2\/types\/page"}],"author":[{"embeddable":true,"href":"https:\/\/szymbud.strony.mr.org.pl\/sk\/wp-json\/wp\/v2\/users\/1"}],"replies":[{"embeddable":true,"href":"https:\/\/szymbud.strony.mr.org.pl\/sk\/wp-json\/wp\/v2\/comments?post=1090"}],"version-history":[{"count":1,"href":"https:\/\/szymbud.strony.mr.org.pl\/sk\/wp-json\/wp\/v2\/pages\/1090\/revisions"}],"predecessor-version":[{"id":1203,"href":"https:\/\/szymbud.strony.mr.org.pl\/sk\/wp-json\/wp\/v2\/pages\/1090\/revisions\/1203"}],"up":[{"embeddable":true,"href":"https:\/\/szymbud.strony.mr.org.pl\/sk\/wp-json\/wp\/v2\/pages\/1103"}],"wp:featuredmedia":[{"embeddable":true,"href":"https:\/\/szymbud.strony.mr.org.pl\/sk\/wp-json\/wp\/v2\/media\/1091"}],"wp:attachment":[{"href":"https:\/\/szymbud.strony.mr.org.pl\/sk\/wp-json\/wp\/v2\/media?parent=1090"}],"curies":[{"name":"wp","href":"https:\/\/api.w.org\/{rel}","templated":true}]}}