{"id":1088,"date":"2025-07-16T10:48:52","date_gmt":"2025-07-16T08:48:52","guid":{"rendered":"https:\/\/szymbud.strony.mr.org.pl\/strozowki-z-plyty-warstwowej\/"},"modified":"2025-08-29T08:48:41","modified_gmt":"2025-08-29T06:48:41","slug":"strazne-veze-z-kompozitnych-panelov","status":"publish","type":"page","link":"https:\/\/szymbud.strony.mr.org.pl\/sk\/ponuka\/strazne-veze-z-kompozitnych-panelov\/","title":{"rendered":"Str\u00e1\u017ene ve\u017ee z kompozitn\u00fdch panelov"},"content":{"rendered":"\n<div class=\"wp-block-group main-wrapper px-5 is-layout-flow wp-block-group-is-layout-flow\">\n<div class=\"wp-block-columns gap-10 is-layout-flex wp-container-core-columns-is-layout-28f84493 wp-block-columns-is-layout-flex\">\n<div class=\"wp-block-column is-layout-flow wp-block-column-is-layout-flow\"><figure class=\"wp-block-post-featured-image\"><img loading=\"lazy\" decoding=\"async\" width=\"640\" height=\"480\" src=\"https:\/\/szymbud.strony.mr.org.pl\/wp-content\/uploads\/2025\/07\/Strozowka.webp\" class=\"attachment-post-thumbnail size-post-thumbnail wp-post-image\" alt=\"Str\u00f3\u017c\u00f3wka\" style=\"object-fit:cover;\" srcset=\"https:\/\/szymbud.strony.mr.org.pl\/wp-content\/uploads\/2025\/07\/Strozowka.webp 640w, https:\/\/szymbud.strony.mr.org.pl\/wp-content\/uploads\/2025\/07\/Strozowka-300x225.webp 300w\" sizes=\"auto, (max-width: 640px) 100vw, 640px\" \/><\/figure><\/div>\n\n\n\n<div class=\"wp-block-column text-container is-layout-flow wp-block-column-is-layout-flow\">\n<h2 class=\"wp-block-heading has-secondary-color has-text-color has-link-color wp-elements-5e8068d75120e96c8b3b706b6fce63b6\">STR\u00c1\u017dNE VE\u017dE, VR\u00c1TNICE, PARKOVACIE ST\u00c1NKY<\/h2>\n\n\n\n<p>Budovy zo sendvi\u010dov\u00fdch panelov, ktor\u00e9 m\u00e1me v ponuke, maj\u00fa mnoho r\u00f4znych vyu\u017eit\u00ed.<\/p>\n\n\n\n<p>M\u00f4\u017eu sl\u00fa\u017ei\u0165 na obchodn\u00e9 a servisn\u00e9 \u00fa\u010dely, ale nielen na ne, o \u010dom sved\u010dia stavby ako<strong> str\u00e1\u017ene ve\u017ee, vr\u00e1tnice a parkovacie st\u00e1nky<\/strong>.<br>Postavili sme u\u017e stovky str\u00e1\u017enych ve\u017e\u00ed pre mnoh\u00fdch r\u00f4znych klientov v Po\u013esku a Eur\u00f3pskej \u00fanii, tak\u017ee m\u00e1me v tejto oblasti pr\u00edslu\u0161n\u00e9 sk\u00fasenosti a vieme prisp\u00f4sobi\u0165 n\u00e1vrh takejto malej stavby individu\u00e1lnym po\u017eiadavk\u00e1m ka\u017ed\u00e9ho z na\u0161ich klientov.<\/p>\n\n\n\n<p>Vzh\u013eadom na mal\u00e9 rozmery sa <strong>str\u00e1\u017ene ve\u017ee<\/strong> naj\u010dastej\u0161ie montuj\u00fa v na\u0161ich priestoroch a posielaj\u00fa sa z\u00e1kazn\u00edkovi ako hotov\u00fd objekt. Je plne pripraven\u00fd na in\u0161tal\u00e1ciu na vami ur\u010den\u00e9 miesto, napr. ako str\u00e1\u017ena ve\u017ea v are\u00e1li firmy alebo parkovacia b\u00fadka na str\u00e1\u017eenom parkovisku.<\/p>\n\n\n\n<p>Mobilita nami vyr\u00e1ban\u00fdch <strong>str\u00e1\u017enych ve\u017e\u00ed<\/strong> je nepochybne ich ve\u013ekou v\u00fdhodou. Mo\u017eno ich premiest\u0148ova\u0165 z miesta na miesto a postavi\u0165 tam, kde je to potrebn\u00e9. Z\u00e1kazn\u00edk sa m\u00f4\u017ee rozhodn\u00fa\u0165, \u017ee len do\u010dasne bude <strong>parkovacia b\u00fadka<\/strong> st\u00e1\u0165 na ur\u010ditom mieste, a nesk\u00f4r ju mo\u017eno prestava\u0165 na in\u00fd \u00fa\u010del a prepravi\u0165 na po\u017eadovan\u00e9 miesto.<\/p>\n\n\n\n<p>Vysok\u00fd \u0161tandard spracovania zabezpe\u010d\u00ed pr\u00edjemn\u00e9 a dlhodob\u00e9 pou\u017e\u00edvanie zariadenia. Na\u0161e <strong>str\u00e1\u017ene ve\u017ee<\/strong> <strong>vyroben\u00e9 zo sendvi\u010dov\u00fdch panelov<\/strong> vyzeraj\u00fa elegantne a nepodobaj\u00fa sa t\u00fdm, ktor\u00e9 e\u0161te st\u00e1le stoja na star\u00fdch parkovisk\u00e1ch.<\/p>\n\n\n\n<p><\/p>\n\n\n<a class=\"mr-button \" href=\"https:\/\/szymbud.strony.mr.org.pl\/kontakt\/\">\r\n  Kontaktujte n\u00e1s<\/a>\r\n<\/div>\n<\/div>\n\n\n<div class=\" spacing-top main-wrapper \" \/>\r\n<\/div><\/div>\n\n\n\n<p><\/p>\n","protected":false},"excerpt":{"rendered":"<p>Zbudowali\u015bmy ju\u017c setki str\u00f3\u017c\u00f3wek dla wielu r\u00f3\u017cnych klient\u00f3w na terenie Polski oraz Unii Europejskiej.\u00a0<\/p>\n","protected":false},"author":1,"featured_media":1089,"parent":1103,"menu_order":0,"comment_status":"closed","ping_status":"closed","template":"wp-custom-template-strona-ofertowa","meta":{"footnotes":""},"class_list":["post-1088","page","type-page","status-publish","has-post-thumbnail","hentry"],"_links":{"self":[{"href":"https:\/\/szymbud.strony.mr.org.pl\/sk\/wp-json\/wp\/v2\/pages\/1088","targetHints":{"allow":["GET"]}}],"collection":[{"href":"https:\/\/szymbud.strony.mr.org.pl\/sk\/wp-json\/wp\/v2\/pages"}],"about":[{"href":"https:\/\/szymbud.strony.mr.org.pl\/sk\/wp-json\/wp\/v2\/types\/page"}],"author":[{"embeddable":true,"href":"https:\/\/szymbud.strony.mr.org.pl\/sk\/wp-json\/wp\/v2\/users\/1"}],"replies":[{"embeddable":true,"href":"https:\/\/szymbud.strony.mr.org.pl\/sk\/wp-json\/wp\/v2\/comments?post=1088"}],"version-history":[{"count":1,"href":"https:\/\/szymbud.strony.mr.org.pl\/sk\/wp-json\/wp\/v2\/pages\/1088\/revisions"}],"predecessor-version":[{"id":1216,"href":"https:\/\/szymbud.strony.mr.org.pl\/sk\/wp-json\/wp\/v2\/pages\/1088\/revisions\/1216"}],"up":[{"embeddable":true,"href":"https:\/\/szymbud.strony.mr.org.pl\/sk\/wp-json\/wp\/v2\/pages\/1103"}],"wp:featuredmedia":[{"embeddable":true,"href":"https:\/\/szymbud.strony.mr.org.pl\/sk\/wp-json\/wp\/v2\/media\/1089"}],"wp:attachment":[{"href":"https:\/\/szymbud.strony.mr.org.pl\/sk\/wp-json\/wp\/v2\/media?parent=1088"}],"curies":[{"name":"wp","href":"https:\/\/api.w.org\/{rel}","templated":true}]}}