{"id":1086,"date":"2025-07-16T12:13:36","date_gmt":"2025-07-16T10:13:36","guid":{"rendered":"https:\/\/szymbud.strony.mr.org.pl\/biurowe-2\/"},"modified":"2025-08-29T08:48:01","modified_gmt":"2025-08-29T06:48:01","slug":"kancelaria","status":"publish","type":"page","link":"https:\/\/szymbud.strony.mr.org.pl\/sk\/ponuka\/kontajnery-zo-sendvicovych-panelov\/kancelaria\/","title":{"rendered":"Kancel\u00e1ria"},"content":{"rendered":"\n<div class=\"wp-block-group main-wrapper px-5 is-layout-flow wp-block-group-is-layout-flow\">\n<div class=\"wp-block-columns gap-10 is-layout-flex wp-container-core-columns-is-layout-28f84493 wp-block-columns-is-layout-flex\">\n<div class=\"wp-block-column is-layout-flow wp-block-column-is-layout-flow\"><figure class=\"wp-block-post-featured-image\"><img loading=\"lazy\" decoding=\"async\" width=\"640\" height=\"480\" src=\"https:\/\/szymbud.strony.mr.org.pl\/wp-content\/uploads\/2025\/07\/kontenery-biurowe.webp\" class=\"attachment-post-thumbnail size-post-thumbnail wp-post-image\" alt=\"kontener biurowy\" style=\"object-fit:cover;\" srcset=\"https:\/\/szymbud.strony.mr.org.pl\/wp-content\/uploads\/2025\/07\/kontenery-biurowe.webp 640w, https:\/\/szymbud.strony.mr.org.pl\/wp-content\/uploads\/2025\/07\/kontenery-biurowe-300x225.webp 300w\" sizes=\"auto, (max-width: 640px) 100vw, 640px\" \/><\/figure><\/div>\n\n\n\n<div class=\"wp-block-column text-container is-layout-flow wp-block-column-is-layout-flow\">\n<h2 class=\"text-3xl md:text-4xl lg:text-5xl wp-block-mrblocks-generictext has-secondary-color has-text-color has-link-color wp-elements-362852402ec6ee453d1e8cbd2d8f84a3\">KANCEL\u00c1RSKE KONTAJNERY<\/h2>\n\n\n\n<p>Sendvi\u010dov\u00e9 panely sa m\u00f4\u017eu pou\u017ei\u0165 na v\u00fdrobu r\u00f4znych stavebn\u00fdch kon\u0161trukci\u00ed, \u010di u\u017e stacion\u00e1rnych, alebo ur\u010den\u00fdch na premiest\u0148ovanie z miesta na miesto.<\/p>\n\n\n\n<p>Jedn\u00fdm z nich s\u00fa <strong>kancel\u00e1rske kontajnery<\/strong>, ktor\u00e9 posl\u00fa\u017eia ako do\u010dasn\u00e1 kancel\u00e1ria pre va\u0161u firmu bez oh\u013eadu na to, v akej oblasti sa \u0161pecializujete.<\/p>\n\n\n\n<p><strong>Kancel\u00e1rske kontajnery,<\/strong> ktor\u00e9 staviame, vybavujeme pod\u013ea va\u0161ich po\u017eiadaviek. V\u010faka modul\u00e1rnej kon\u0161trukcii v\u00e1m d\u00e1vame mo\u017enos\u0165 ich roz\u0161\u00edrenia v bud\u00facnosti, samozrejme, ak to bude potrebn\u00e9. Sta\u010d\u00ed n\u00e1s kontaktova\u0165 s va\u0161imi individu\u00e1lnymi po\u017eiadavkami a my v\u00e1m vypracujeme n\u00e1vrh, ako bude roz\u0161\u00edren\u00fd<strong> kancel\u00e1rsky kontajner<\/strong> vyzera\u0165.<\/p>\n\n\n\n<p>Na stavbu<strong> kancel\u00e1rskych kontajnerov<\/strong> pou\u017e\u00edvame len tie najkvalitnej\u0161ie materi\u00e1ly, ktor\u00e9 v\u00e1m zabezpe\u010dia vysok\u00fd komfort pri pr\u00e1ci. To je mimoriadne d\u00f4le\u017eit\u00e9, preto\u017ee nie v\u017edy je mo\u017en\u00e9 prisp\u00f4sobi\u0165 nehnute\u013enos\u0165 na kancel\u00e1riu. Na druhej strane, na\u0161e <strong>kancel\u00e1rske kontajnery<\/strong> m\u00f4\u017eu by\u0165 dokonale prisp\u00f4soben\u00e9 va\u0161im po\u017eiadavk\u00e1m a vybaven\u00e9 presne pod\u013ea va\u0161ich predst\u00e1v.<\/p>\n\n\n\n<p>Robustn\u00e1 kon\u0161trukcia a pevn\u00e9 spracovanie v\u00e1m zaru\u010dia, \u017ee budete m\u00f4c\u0165 pohodlne pracova\u0165 dlh\u00e9 roky. To v\u0161etko hovor\u00ed v prospech <strong>kancel\u00e1rskych kontajnerov<\/strong> a navy\u0161e sme pripraven\u00ed postavi\u0165 ich v rekordne kr\u00e1tkom \u010dase a s n\u00edzkymi n\u00e1kladmi na cel\u00fa invest\u00edciu.<\/p>\n<\/div>\n<\/div>\n\n\n<div class=\" spacing-top main-wrapper \" \/>\r\n<\/div><\/div>\n\n\n\n<p><\/p>\n\n\n\n<p><\/p>\n\n\n\n<p><\/p>\n","protected":false},"excerpt":{"rendered":"<p>Wybudowane przez nas kontenery biurowe wyposa\u017camy zgodnie z Pa\u0144stwa wymaganiami. <\/p>\n","protected":false},"author":1,"featured_media":1087,"parent":1094,"menu_order":0,"comment_status":"closed","ping_status":"closed","template":"wp-custom-template-strona-ofertowa","meta":{"footnotes":""},"class_list":["post-1086","page","type-page","status-publish","has-post-thumbnail","hentry"],"_links":{"self":[{"href":"https:\/\/szymbud.strony.mr.org.pl\/sk\/wp-json\/wp\/v2\/pages\/1086","targetHints":{"allow":["GET"]}}],"collection":[{"href":"https:\/\/szymbud.strony.mr.org.pl\/sk\/wp-json\/wp\/v2\/pages"}],"about":[{"href":"https:\/\/szymbud.strony.mr.org.pl\/sk\/wp-json\/wp\/v2\/types\/page"}],"author":[{"embeddable":true,"href":"https:\/\/szymbud.strony.mr.org.pl\/sk\/wp-json\/wp\/v2\/users\/1"}],"replies":[{"embeddable":true,"href":"https:\/\/szymbud.strony.mr.org.pl\/sk\/wp-json\/wp\/v2\/comments?post=1086"}],"version-history":[{"count":1,"href":"https:\/\/szymbud.strony.mr.org.pl\/sk\/wp-json\/wp\/v2\/pages\/1086\/revisions"}],"predecessor-version":[{"id":1205,"href":"https:\/\/szymbud.strony.mr.org.pl\/sk\/wp-json\/wp\/v2\/pages\/1086\/revisions\/1205"}],"up":[{"embeddable":true,"href":"https:\/\/szymbud.strony.mr.org.pl\/sk\/wp-json\/wp\/v2\/pages\/1094"}],"wp:featuredmedia":[{"embeddable":true,"href":"https:\/\/szymbud.strony.mr.org.pl\/sk\/wp-json\/wp\/v2\/media\/1087"}],"wp:attachment":[{"href":"https:\/\/szymbud.strony.mr.org.pl\/sk\/wp-json\/wp\/v2\/media?parent=1086"}],"curies":[{"name":"wp","href":"https:\/\/api.w.org\/{rel}","templated":true}]}}