{"id":1084,"date":"2025-07-16T12:13:49","date_gmt":"2025-07-16T10:13:49","guid":{"rendered":"https:\/\/szymbud.strony.mr.org.pl\/handlowe-2\/"},"modified":"2025-08-29T08:48:04","modified_gmt":"2025-08-29T06:48:04","slug":"komercne","status":"publish","type":"page","link":"https:\/\/szymbud.strony.mr.org.pl\/sk\/ponuka\/kontajnery-zo-sendvicovych-panelov\/komercne\/","title":{"rendered":"Komer\u010dn\u00e9"},"content":{"rendered":"<div style=\"background-color:  group \">\r\n  <div class=\"main-wrapper text-container gap-10 flex flex-col  md:grid md:grid-cols-2  relative  \">\r\n\r\n    <div class=\"flex   flex-col gap-5 sm:flex-row md:row-start-1 md:row-end-2 \">\r\n      <div class=\"w-full \"><img decoding=\"async\" src=\"https:\/\/szymbud.strony.mr.org.pl\/wp-content\/uploads\/2025\/07\/Garaz.webp\" alt=\"Gara\u017ce z p\u0142yty warstwowej\" class=\"intersect:animate-fade-up intersect:animate-delay-200 intersect:animate-duration-[500ms] animation-core intersect-once  max-w-full h-auto object-cover group-[.sticked]:sticky top-0 \" \/><\/div>\r\n\r\n    <\/div>\r\n    <div class=\"   md:row-start-1 md:row-end-2 \">\r\n      \n\n<h2 class=\"text-3xl md:text-4xl lg:text-5xl wp-block-mrblocks-generictext has-secondary-color has-text-color has-link-color wp-elements-e6ad1b8be4251d3f68a5296e8b0e4de6\">KOMER\u010cN\u00c9 KONTAJNERY <\/h2>\n\n\n\n<p>Obchodn\u00fd stacion\u00e1r si vy\u017eaduje pren\u00e1jom alebo vybudovanie vhodn\u00fdch priestorov.<\/p>\n\n\n\n<p>Ak sa v\u0161ak t\u00e1to \u010dinnos\u0165 m\u00e1 vykon\u00e1va\u0165 sez\u00f3nne, invest\u00edcia do v\u00fdstavby priestorov sa zd\u00e1 by\u0165 \u00faplne neopodstatnen\u00e1. Pon\u00fakame v\u00e1m \u017eivotaschopn\u00fa a lacnej\u0161iu alternat\u00edvu: robustn\u00e9 a odoln\u00e9 <strong>komer\u010dn\u00e9 kontajnery<\/strong>.<br>R\u00fdchla realiz\u00e1cia v\u00e1m d\u00e1va mo\u017enos\u0165 \u013eahko otvori\u0165 svoju prev\u00e1dzku. Perfektn\u00e9 spracovanie a estetick\u00fd vzh\u013ead v\u00e1m pom\u00f4\u017eu pril\u00e1ka\u0165 nov\u00fdch z\u00e1kazn\u00edkov. Nie s\u00fa to kontajnery, ktor\u00e9 si mo\u017eno sp\u00e1jate s tak\u00fdmito stavbami &#8211; vyroben\u00e9 z vlnit\u00e9ho plechu. Na ich kon\u0161trukciu pou\u017e\u00edvame sendvi\u010dov\u00e9 panely, ktor\u00e9 n\u00e1m umo\u017e\u0148uj\u00fa doda\u0165 im modern\u00fa estetiku. Prev\u00fd\u0161enia s\u00fa ve\u013emi pekn\u00e9, \u010do pri komer\u010dn\u00fdch aktivit\u00e1ch nie je <strong>zanedbate\u013en\u00e9<\/strong>.<\/p>\n\n\n\n<p>Najv\u00e4\u010d\u0161ou v\u00fdhodou <strong>komer\u010dn\u00fdch kontajnerov<\/strong> je, \u017ee sa daj\u00fa r\u00fdchlo premiestni\u0165 na in\u00e9 miesto, \u010do vytv\u00e1ra mo\u017enos\u0165 za\u010da\u0165 obchodn\u00fa \u010dinnos\u0165 na inom mieste bez toho, aby bolo potrebn\u00e9 stava\u0165 nov\u00fa budovu. S\u00fa teda plne mobiln\u00e9, tak\u017ee u\u0161etr\u00edte \u010das na v\u00fdstavbu novej budovy a n\u00e1klady, ktor\u00e9 by s t\u00fdm boli spojen\u00e9.<\/p>\n\n\n\n<p>Spolo\u010dnos\u0165 Szym-Bud postav\u00ed v\u00e1\u0161 vysn\u00edvan\u00fd <strong>komer\u010dn\u00fd kontajner<\/strong> spo\u013eahlivo a lacno. Na\u0161e<strong> komer\u010dn\u00e9 kontajnery zo sendvi\u010dov\u00fdch panelov<\/strong> sa vyzna\u010duj\u00fa vysokou kvalitou spracovania a n\u00edzkou cenou. Vyz\u00fdvame v\u00e1s, aby ste sa informovali o mo\u017enosti realiz\u00e1cie z\u00e1kazky <strong>na komer\u010dn\u00fd kontajner<\/strong> a my v\u00e1m poskytneme n\u00e1vrh na realiz\u00e1ciu. Urob\u00edme v\u0161etko pre to, aby sme splnili v\u0161etky va\u0161e po\u017eiadavky z h\u013eadiska jeho funk\u010dnosti a vzh\u013eadu.<\/p>\n\n    <\/div>\r\n  <\/div>\r\n\r\n<\/div>\n\n\n<div style=\"height:100px\" aria-hidden=\"true\" class=\"wp-block-spacer\"><\/div>\n\n\n\n<p><\/p>\n\n\n\n<p><\/p>\n\n\n\n<p><\/p>\n","protected":false},"excerpt":{"rendered":"<p>Najwi\u0119ksz\u0105 zalet\u0105 kontener\u00f3w handlowych jest mo\u017cliwo\u015b\u0107 ich szybkiego przeniesienia w inne miejsce, co stwarza mo\u017cliwo\u015b\u0107 rozpocz\u0119cia dzia\u0142alno\u015bci handlowej w innym miejscu, bez konieczno\u015bci budowania nowego budynku.<\/p>\n","protected":false},"author":1,"featured_media":1085,"parent":1094,"menu_order":0,"comment_status":"closed","ping_status":"closed","template":"wp-custom-template-strona-ofertowa","meta":{"footnotes":""},"class_list":["post-1084","page","type-page","status-publish","has-post-thumbnail","hentry"],"_links":{"self":[{"href":"https:\/\/szymbud.strony.mr.org.pl\/sk\/wp-json\/wp\/v2\/pages\/1084","targetHints":{"allow":["GET"]}}],"collection":[{"href":"https:\/\/szymbud.strony.mr.org.pl\/sk\/wp-json\/wp\/v2\/pages"}],"about":[{"href":"https:\/\/szymbud.strony.mr.org.pl\/sk\/wp-json\/wp\/v2\/types\/page"}],"author":[{"embeddable":true,"href":"https:\/\/szymbud.strony.mr.org.pl\/sk\/wp-json\/wp\/v2\/users\/1"}],"replies":[{"embeddable":true,"href":"https:\/\/szymbud.strony.mr.org.pl\/sk\/wp-json\/wp\/v2\/comments?post=1084"}],"version-history":[{"count":1,"href":"https:\/\/szymbud.strony.mr.org.pl\/sk\/wp-json\/wp\/v2\/pages\/1084\/revisions"}],"predecessor-version":[{"id":1206,"href":"https:\/\/szymbud.strony.mr.org.pl\/sk\/wp-json\/wp\/v2\/pages\/1084\/revisions\/1206"}],"up":[{"embeddable":true,"href":"https:\/\/szymbud.strony.mr.org.pl\/sk\/wp-json\/wp\/v2\/pages\/1094"}],"wp:featuredmedia":[{"embeddable":true,"href":"https:\/\/szymbud.strony.mr.org.pl\/sk\/wp-json\/wp\/v2\/media\/1085"}],"wp:attachment":[{"href":"https:\/\/szymbud.strony.mr.org.pl\/sk\/wp-json\/wp\/v2\/media?parent=1084"}],"curies":[{"name":"wp","href":"https:\/\/api.w.org\/{rel}","templated":true}]}}