{"id":1082,"date":"2025-07-16T12:14:28","date_gmt":"2025-07-16T10:14:28","guid":{"rendered":"https:\/\/szymbud.strony.mr.org.pl\/mieszkalne\/"},"modified":"2025-08-29T08:48:08","modified_gmt":"2025-08-29T06:48:08","slug":"obytne-budovy","status":"publish","type":"page","link":"https:\/\/szymbud.strony.mr.org.pl\/sk\/ponuka\/kontajnery-zo-sendvicovych-panelov\/obytne-budovy\/","title":{"rendered":"Obytn\u00e9 budovy"},"content":{"rendered":"\n<div class=\"wp-block-group main-wrapper px-5 is-layout-flow wp-block-group-is-layout-flow\">\n<div class=\"wp-block-columns gap-10 is-layout-flex wp-container-core-columns-is-layout-28f84493 wp-block-columns-is-layout-flex\">\n<div class=\"wp-block-column is-layout-flow wp-block-column-is-layout-flow\"><figure class=\"wp-block-post-featured-image\"><img loading=\"lazy\" decoding=\"async\" width=\"2400\" height=\"1800\" src=\"https:\/\/szymbud.strony.mr.org.pl\/wp-content\/uploads\/2025\/07\/kontenery-mieszkalne.webp\" class=\"attachment-post-thumbnail size-post-thumbnail wp-post-image\" alt=\"kontener mieszkalny\" style=\"object-fit:cover;\" srcset=\"https:\/\/szymbud.strony.mr.org.pl\/wp-content\/uploads\/2025\/07\/kontenery-mieszkalne.webp 2400w, https:\/\/szymbud.strony.mr.org.pl\/wp-content\/uploads\/2025\/07\/kontenery-mieszkalne-300x225.webp 300w, https:\/\/szymbud.strony.mr.org.pl\/wp-content\/uploads\/2025\/07\/kontenery-mieszkalne-1024x768.webp 1024w, https:\/\/szymbud.strony.mr.org.pl\/wp-content\/uploads\/2025\/07\/kontenery-mieszkalne-768x576.webp 768w, https:\/\/szymbud.strony.mr.org.pl\/wp-content\/uploads\/2025\/07\/kontenery-mieszkalne-1536x1152.webp 1536w, https:\/\/szymbud.strony.mr.org.pl\/wp-content\/uploads\/2025\/07\/kontenery-mieszkalne-2048x1536.webp 2048w\" sizes=\"auto, (max-width: 2400px) 100vw, 2400px\" \/><\/figure><\/div>\n\n\n\n<div class=\"wp-block-column text-container is-layout-flow wp-block-column-is-layout-flow\">\n<h2 class=\"text-3xl md:text-4xl lg:text-5xl wp-block-mrblocks-generictext has-secondary-color has-text-color has-link-color wp-elements-2419704cf4ba9c31240adffa5a8dd868\">Obytn\u00e9 kontajnery<\/h2>\n\n\n\n<p>Vlastn\u00e9 \u0161tyri k\u00faty s\u00fa pre ka\u017ed\u00e9ho \u010dloveka vz\u00e1cne. Vieme, \u017ee k\u00fapa vlastn\u00e9ho bytu, aj mal\u00e9ho, m\u00f4\u017ee by\u0165 nad finan\u010dn\u00e9 mo\u017enosti kupuj\u00faceho. Preto pon\u00fakame alternat\u00edvu v podobe <strong>obytn\u00fdch kontajnerov<\/strong>. Ako sk\u00fasen\u00fd v\u00fdrobca a spolo\u010dnos\u0165 s dlhoro\u010dn\u00fdmi sk\u00fasenos\u0165ami si d\u00e1vame z\u00e1le\u017ea\u0165 na vysokej kvalite slu\u017eieb a komplexnom spracovan\u00ed &#8211; od n\u00e1vrhu, cez v\u00fdrobu a\u017e po dopravu a mont\u00e1\u017e.<\/p>\n\n\n\n<p>\u010coraz viac z\u00e1kazn\u00edkov sa p\u00fdta na mo\u017enosti b\u00fdvania so sendvi\u010dov\u00fdmi <a href=\"https:\/\/szymbud.strony.mr.org.pl\/sk\/ponuka\/kontajnery-zo-sendvicovych-panelov\/\" data-type=\"link\" data-id=\"https:\/\/szymbud.strony.mr.org.pl\/oferta\/kontenery-z-plyty-warstwowej\/\"><strong>kontajnermi<\/strong><\/a>. Ide o atrakt\u00edvnu alternat\u00edvu pre \u013eud\u00ed, ktor\u00ed by chceli r\u00fdchlo b\u00fdva\u0165 vo vlastn\u00fdch \u0161tyroch sten\u00e1ch a neutrati\u0165 pritom cel\u00fd majetok. Kontajnery na celoro\u010dn\u00e9 b\u00fdvanie s\u00fa robustn\u00e9, izolovan\u00e9 a plne funk\u010dn\u00e9 rie\u0161enia vhodn\u00e9 na celoro\u010dn\u00e9 pou\u017e\u00edvanie so \u0161irokou \u0161k\u00e1lou mo\u017enost\u00ed konfigur\u00e1cie, povrchovej \u00fapravy a vybavenia &#8211; vr\u00e1tane vykurovania, klimatiz\u00e1cie a klimatiz\u00e1cie. Kontajnery nemusia by\u0165 len proviz\u00f3rnym ubytovan\u00edm. Ich vzh\u013ead a funk\u010dnos\u0165 sa odkl\u00e1\u0148aj\u00fa od stereotypu, ktor\u00fd si mnoh\u00ed \u013eudia reprodukuj\u00fa. Garantujeme, \u017ee nami pon\u00fakan\u00e9 <strong>obytn\u00e9 kontajnery<\/strong> sa \u00faplne odli\u0161uj\u00fa od ostatn\u00fdch. Pri r\u00f4znych scen\u00e1roch vyu\u017eitia bude obytn\u00fd celoro\u010dn\u00fd kontajner dobre fungova\u0165 ako rekrea\u010dn\u00fd dom, z\u00e1kladn\u00fd t\u00e1bor alebo miesto na trval\u00fd pobyt.<\/p>\n\n\n<a class=\"mr-button \" href=\"https:\/\/szymbud.strony.mr.org.pl\/kontakt\/\">\r\n  Kontaktujte n\u00e1s<\/a>\r\n<\/div>\n<\/div>\n\n\n<div class=\" spacing-top main-wrapper \" \/>\r\n<\/div><\/div>\n\n\n\n<div style=\"height:100px\" aria-hidden=\"true\" class=\"wp-block-spacer\"><\/div>\n\n\n\n<div class=\"wp-block-group main-wrapper text-container is-layout-constrained wp-block-group-is-layout-constrained\">\n<p><strong>Modern\u00fd dizajn,<\/strong> ktor\u00fd kombinuje sendvi\u010dov\u00e9 panely s pr\u00edrodn\u00fdmi prvkami, ako s\u00fa obkladov\u00e9 dosky alebo pieskovec, je ve\u013emi vhodn\u00fd pre obytn\u00e9 budovy alebo letn\u00e9 domy. V\u010faka mo\u017enosti zvoli\u0165 si po\u010das n\u00e1vrhu typ a hr\u00fabku stien mo\u017eno kontajner dokonale prisp\u00f4sobi\u0165 va\u0161im potreb\u00e1m. V\u00fdroba kontajnerov na mieru umo\u017e\u0148uje \u00fapln\u00e9 prisp\u00f4sobenie dizajnu a neoddelite\u013enou s\u00fa\u010das\u0165ou na\u0161ich slu\u017eieb je r\u00fdchla a cenovo v\u00fdhodn\u00e1 doprava.<\/p>\n\n\n\n<p>Pomocou prie\u010dok m\u00f4\u017eeme obytn\u00fd <strong>kontajner<\/strong> rozdeli\u0165 na jednotliv\u00e9 miestnosti pod\u013ea \u017eelania z\u00e1kazn\u00edka. Vznikne tak obytn\u00fd priestor, ktor\u00fd je presne prisp\u00f4soben\u00fd potreb\u00e1m z\u00e1kazn\u00edka. V kontajneri si m\u00f4\u017eete napl\u00e1nova\u0165 priestor na sedenie v kombin\u00e1cii s kuchy\u0148ou otvorenou do ob\u00fdva\u010dky, ako aj priestor na spanie pre seba a svojich bl\u00edzkych. Je mo\u017en\u00e9 vytvori\u0165 aj <strong>modul\u00e1rny dom,<\/strong> v ktorom sa daj\u00fa jednotliv\u00e9 moduly &#8211; ob\u00fdvacia izba, sp\u00e1l\u0148a, kuchynsk\u00fd k\u00fat alebo k\u00fape\u013e\u0148a &#8211; \u013eubovo\u013ene konfigurova\u0165, \u010d\u00edm sa zabezpe\u010d\u00ed pln\u00e1 funk\u010dnos\u0165 a komfort. Kontajner je mo\u017en\u00e9 vybavi\u0165 k\u00fape\u013e\u0148ou so sprchovac\u00edm k\u00fatom, \u010d\u00edm sa stane kompletn\u00fdm a pohodln\u00fdm miestom na b\u00fdvanie.<\/p>\n\n\n\n<p>Ak sa rozhodnete postavi\u0165 kontajner, z\u00edskate v porovnan\u00ed so stavbou murovanej budovy zna\u010dn\u00fa v\u00fdhodu z h\u013eadiska \u010dasu realiz\u00e1cie a n\u00e1kladov na v\u00fdstavbu. \u010casto tak\u00fdto murovan\u00fd dom nebude potrebn\u00fd, najm\u00e4 ak nem\u00e1te v \u00famysle b\u00fdva\u0165 v dome na rekrea\u010dnom alebo rekrea\u010dnom pozemku po cel\u00fd rok. Napriek tomu stoj\u00ed za zmienku, \u017ee <strong>sendvi\u010dov\u00e9 panely maj\u00fa v\u00fdborn\u00e9 parametre tepelnej priepustnosti<\/strong>, tak\u017ee v tak\u00fdchto <strong>obytn\u00fdch kontajneroch<\/strong> m\u00f4\u017eete b\u00fdva\u0165 aj na jese\u0148 a v zime, s dostato\u010dn\u00fdm zdrojom vykurovania. Pokia\u013e ide o obytn\u00e9 kontajnery, cena a to, ko\u013eko obytn\u00fd kontajner stoj\u00ed, sa riadi mnoh\u00fdmi faktormi &#8211; od vyhotovenia, cez vybavenie (napr. vykurovanie, klimatiz\u00e1cia, vzduchotechnika) a\u017e po individu\u00e1lne potreby z\u00e1kazn\u00edka.<\/p>\n\n\n\n<p>Pozrite si na\u0161u ponuku a projekty pre celoro\u010dn\u00e9 obytn\u00e9 kontajnery &#8211; nev\u00e1hajte n\u00e1s <a href=\"https:\/\/www.szymbud-pawilony.pl\/kontakt.html\" target=\"_blank\" rel=\"noopener\">kontaktova\u0165<\/a>!<\/p>\n\n\n\n<h2 class=\"text-3xl md:text-4xl lg:text-5xl wp-block-mrblocks-generictext\">Typy obytn\u00fdch kontajnerov<\/h2>\n\n\n\n<p>Pri v\u00fdbere <strong>obytn\u00e9ho kontajnera<\/strong> sa oplat\u00ed pozrie\u0165 sa na \u0161irok\u00fa \u0161k\u00e1lu dostupn\u00fdch rie\u0161en\u00ed. Celoro\u010dn\u00e9 obytn\u00e9 kontajnery s\u00fa mo\u017enos\u0165ou pre \u013eud\u00ed, ktor\u00ed pl\u00e1nuj\u00fa \u017ei\u0165 v kontajneri po cel\u00fd rok &#8211; s\u00fa riadne izolovan\u00e9 a vybaven\u00e9 tak, aby zabezpe\u010dili pohodlie bez oh\u013eadu na ro\u010dn\u00e9 obdobie. Modern\u00e9 obytn\u00e9 kontajnery sa vyzna\u010duj\u00fa nielen estetikou, ale aj inovat\u00edvnymi technick\u00fdmi rie\u0161eniami, ktor\u00e9 zvy\u0161uj\u00fa funk\u010dnos\u0165 a komfort. Obytn\u00e9 kontajnery sa m\u00f4\u017eu pou\u017e\u00edva\u0165 ako trval\u00e9 aj sez\u00f3nne obydlia a ich <strong>modul\u00e1rna kon\u0161trukcia umo\u017e\u0148uje ich jednoduch\u00e9 kombinovanie a roz\u0161irovanie<\/strong> pod\u013ea potreby. V\u010faka tomu si ka\u017ed\u00fd m\u00f4\u017ee n\u00e1js\u0165 obytn\u00fd kontajner, ktor\u00fd dokonale vyhovuje jeho \u017eivotn\u00e9mu \u0161t\u00fdlu a o\u010dak\u00e1vaniam.<\/p>\n\n\n\n<h2 class=\"text-3xl md:text-4xl lg:text-5xl wp-block-mrblocks-generictext\">N\u00e1klady a ceny<\/h2>\n\n\n\n<p>Jedn\u00fdm z najd\u00f4le\u017eitej\u0161\u00edch faktorov pri v\u00fdbere obytn\u00e9ho kontajnera je jeho cena. Cena obytn\u00e9ho kontajnera z\u00e1vis\u00ed od viacer\u00fdch prvkov, ako je ve\u013ekos\u0165, rozsah vybavenia a materi\u00e1ly pou\u017eit\u00e9 pri v\u00fdrobe. Obytn\u00e9 kontajnery s\u00fa \u010dasto v\u00fdrazne lacnej\u0161ie ako tradi\u010dn\u00e9 domy, \u010do z nich rob\u00ed atrakt\u00edvnu mo\u017enos\u0165 pre t\u00fdch, ktor\u00ed h\u013eadaj\u00fa n\u00e1kladovo efekt\u00edvne rie\u0161enia b\u00fdvania. V\u010faka \u0161irok\u00e9mu v\u00fdberu modelov a mo\u017enost\u00ed vybavenia si ka\u017ed\u00fd m\u00f4\u017ee vybra\u0165 kontajner, ktor\u00fd sp\u013a\u0148a jeho o\u010dak\u00e1vania z h\u013eadiska funk\u010dnosti aj ceny.<\/p>\n\n\n\n<p>Pre\u010d\u00edtajte si, <strong><a href=\"https:\/\/www.szymbud-pawilony.pl\/pawilony-uslugowe-cena.html\" target=\"_blank\" rel=\"noopener\">\u010co ovplyv\u0148uje cena kontajnera<\/a><\/strong>.<\/p>\n\n\n\n<h2 class=\"text-3xl md:text-4xl lg:text-5xl wp-block-mrblocks-generictext\">Vybavenie a funk\u010dnos\u0165 <\/h2>\n\n\n\n<p>Modern\u00e9 obytn\u00e9 kontajnery pon\u00fakaj\u00fa \u0161irok\u00fa \u0161k\u00e1lu zariaden\u00ed, ktor\u00e9 zabezpe\u010duj\u00fa pohodlie pri ka\u017edodennom pou\u017e\u00edvan\u00ed. Elektrina, <strong>k\u00farenie a klimatiz\u00e1cia<\/strong> s\u00fa \u0161tandardom, ktor\u00fd umo\u017e\u0148uje udr\u017eiava\u0165 optim\u00e1lnu teplotu <strong>po\u010das cel\u00e9ho roka<\/strong>. V z\u00e1vislosti od individu\u00e1lnych potrieb m\u00f4\u017ee by\u0165 obytn\u00fd kontajner vybaven\u00fd k\u00fape\u013e\u0148ou so sprchou, kuchy\u0148ou, ako aj \u010fal\u0161\u00edmi dverami, oknami alebo osvetlen\u00edm. Funk\u010dnos\u0165 kontajnera mo\u017eno zv\u00fd\u0161i\u0165 pou\u017eit\u00edm deliacich stien, ktor\u00e9 umo\u017e\u0148uj\u00fa oddeli\u0165 jednotliv\u00e9 miestnosti, napr\u00edklad sp\u00e1l\u0148u alebo ob\u00fdvaciu izbu. Prisp\u00f4sobenie vybavenia vlastn\u00fdm predstav\u00e1m rob\u00ed z obytn\u00fdch kontajnerov flexibiln\u00e9 a pohodln\u00e9 rie\u0161enie na vytvorenie dokonal\u00e9ho obytn\u00e9ho priestoru.<\/p>\n\n\n\n<h2 class=\"text-3xl md:text-4xl lg:text-5xl wp-block-mrblocks-generictext\">\u017divotn\u00e9 prostredie a ekol\u00f3gia <\/h2>\n\n\n\n<p>Obytn\u00e9 kontajnery s\u00fa nielen praktick\u00fdm, ale aj <strong>ekologick\u00fdm rie\u0161en\u00edm<\/strong>. S\u00fa vyroben\u00e9 z materi\u00e1lov, ktor\u00e9 sa daj\u00fa op\u00e4tovne pou\u017ei\u0165, a pom\u00e1haj\u00fa tak zni\u017eova\u0165 mno\u017estvo odpadu a vplyv na \u017eivotn\u00e9 prostredie. Okrem toho s\u00fa obytn\u00e9 kontajnery vysoko energeticky \u00fa\u010dinn\u00e9, \u010do sa prejavuje v ni\u017e\u0161ej spotrebe energie a zn\u00ed\u017een\u00ed emisi\u00ed sklen\u00edkov\u00fdch plynov. V\u00fdberom obytn\u00e9ho kontajnera investujete nielen do pohodln\u00e9ho a modern\u00e9ho b\u00fdvania, ale aj do ekologick\u00e9ho rie\u0161enia, ktor\u00e9 zodpoved\u00e1 my\u0161lienke trvalej udr\u017eate\u013enosti.<\/p>\n<\/div>\n","protected":false},"excerpt":{"rendered":"<p>Coraz wi\u0119cej klient\u00f3w pyta si\u0119 o mo\u017cliwo\u015bci mieszkalne przy zastosowaniu kontener\u00f3w z p\u0142yt warstwowych. Jest to atrakcyjna alternatywa, dla os\u00f3b, kt\u00f3re chcia\u0142yby szybko zamieszka\u0107 w swoich czterech \u015bcianach <\/p>\n","protected":false},"author":1,"featured_media":1083,"parent":1094,"menu_order":0,"comment_status":"closed","ping_status":"closed","template":"wp-custom-template-strona-ofertowa","meta":{"footnotes":""},"class_list":["post-1082","page","type-page","status-publish","has-post-thumbnail","hentry"],"_links":{"self":[{"href":"https:\/\/szymbud.strony.mr.org.pl\/sk\/wp-json\/wp\/v2\/pages\/1082","targetHints":{"allow":["GET"]}}],"collection":[{"href":"https:\/\/szymbud.strony.mr.org.pl\/sk\/wp-json\/wp\/v2\/pages"}],"about":[{"href":"https:\/\/szymbud.strony.mr.org.pl\/sk\/wp-json\/wp\/v2\/types\/page"}],"author":[{"embeddable":true,"href":"https:\/\/szymbud.strony.mr.org.pl\/sk\/wp-json\/wp\/v2\/users\/1"}],"replies":[{"embeddable":true,"href":"https:\/\/szymbud.strony.mr.org.pl\/sk\/wp-json\/wp\/v2\/comments?post=1082"}],"version-history":[{"count":1,"href":"https:\/\/szymbud.strony.mr.org.pl\/sk\/wp-json\/wp\/v2\/pages\/1082\/revisions"}],"predecessor-version":[{"id":1207,"href":"https:\/\/szymbud.strony.mr.org.pl\/sk\/wp-json\/wp\/v2\/pages\/1082\/revisions\/1207"}],"up":[{"embeddable":true,"href":"https:\/\/szymbud.strony.mr.org.pl\/sk\/wp-json\/wp\/v2\/pages\/1094"}],"wp:featuredmedia":[{"embeddable":true,"href":"https:\/\/szymbud.strony.mr.org.pl\/sk\/wp-json\/wp\/v2\/media\/1083"}],"wp:attachment":[{"href":"https:\/\/szymbud.strony.mr.org.pl\/sk\/wp-json\/wp\/v2\/media?parent=1082"}],"curies":[{"name":"wp","href":"https:\/\/api.w.org\/{rel}","templated":true}]}}