{"id":1080,"date":"2025-07-16T12:14:41","date_gmt":"2025-07-16T10:14:41","guid":{"rendered":"https:\/\/szymbud.strony.mr.org.pl\/socjalne\/"},"modified":"2025-08-29T08:48:14","modified_gmt":"2025-08-29T06:48:14","slug":"socialna-siet","status":"publish","type":"page","link":"https:\/\/szymbud.strony.mr.org.pl\/sk\/ponuka\/kontajnery-zo-sendvicovych-panelov\/socialna-siet\/","title":{"rendered":"Soci\u00e1lna sie\u0165"},"content":{"rendered":"\n<div class=\"wp-block-group main-wrapper px-5 is-layout-flow wp-block-group-is-layout-flow\">\n<div class=\"wp-block-columns gap-10 is-layout-flex wp-container-core-columns-is-layout-28f84493 wp-block-columns-is-layout-flex\">\n<div class=\"wp-block-column is-layout-flow wp-block-column-is-layout-flow\"><figure class=\"wp-block-post-featured-image\"><img loading=\"lazy\" decoding=\"async\" width=\"2200\" height=\"1158\" src=\"https:\/\/szymbud.strony.mr.org.pl\/wp-content\/uploads\/2025\/07\/kontenery-socjalne.webp\" class=\"attachment-post-thumbnail size-post-thumbnail wp-post-image\" alt=\"kontener socjalny\" style=\"object-fit:cover;\" srcset=\"https:\/\/szymbud.strony.mr.org.pl\/wp-content\/uploads\/2025\/07\/kontenery-socjalne.webp 2200w, https:\/\/szymbud.strony.mr.org.pl\/wp-content\/uploads\/2025\/07\/kontenery-socjalne-300x158.webp 300w, https:\/\/szymbud.strony.mr.org.pl\/wp-content\/uploads\/2025\/07\/kontenery-socjalne-1024x539.webp 1024w, https:\/\/szymbud.strony.mr.org.pl\/wp-content\/uploads\/2025\/07\/kontenery-socjalne-768x404.webp 768w, https:\/\/szymbud.strony.mr.org.pl\/wp-content\/uploads\/2025\/07\/kontenery-socjalne-1536x808.webp 1536w, https:\/\/szymbud.strony.mr.org.pl\/wp-content\/uploads\/2025\/07\/kontenery-socjalne-2048x1078.webp 2048w\" sizes=\"auto, (max-width: 2200px) 100vw, 2200px\" \/><\/figure><\/div>\n\n\n\n<div class=\"wp-block-column text-container is-layout-flow wp-block-column-is-layout-flow\">\n<h2 class=\"text-3xl md:text-4xl lg:text-5xl wp-block-mrblocks-generictext has-secondary-color has-text-color has-link-color wp-elements-cdf2f13f0b42c4467a2dc9a6823fc39b\"><strong>SOCI\u00c1LNE KONTAJNERY<\/strong><\/h2>\n\n\n\n<p>Soci\u00e1lne kontajnery s\u00fa ide\u00e1lne pre stavenisk\u00e1 a spolo\u010dnosti, ktor\u00e9 nemaj\u00fa soci\u00e1lne zariadenia, ale mali by ich ma\u0165 pre svojich zamestnancov.<\/p>\n\n\n\n<p>Namiesto v\u00fdstavby murovanej budovy a zriadenia soci\u00e1lnych miestnost\u00ed v nej alebo platenia za pren\u00e1jom priestorov v bl\u00edzkosti firmy m\u00f4\u017eete na rovnak\u00fd \u00fa\u010del pou\u017ei\u0165 <strong>soci\u00e1lne kontajnery<\/strong>, ktor\u00e9 dod\u00e1vame. S\u00fa to estetick\u00e9, odoln\u00e9 stavby, ktor\u00e9 m\u00f4\u017eete \u013eubovo\u013ene vybavi\u0165 a ich interi\u00e9r m\u00f4\u017eete rozdeli\u0165 prie\u010dkami.<br>V\u010faka ich modul\u00e1rnej kon\u0161trukcii mo\u017eno kontajnery r\u00fdchlo premiestni\u0165 na in\u00e9 miesto alebo roz\u0161\u00edri\u0165 pridan\u00edm \u010fal\u0161ieho modulu. Jedin\u00e9, \u010do mus\u00edte urobi\u0165, je nahl\u00e1si\u0165 na\u0161ej spolo\u010dnosti svoje \u017eelanie ma\u0165 <strong>soci\u00e1lny kontajner<\/strong> alebo jeho roz\u0161\u00edrenie, aby sme v\u00e1m mohli pon\u00faknu\u0165 na\u0161e slu\u017eby v tejto oblasti.<br><\/p>\n\n\n\n<p>Chceli by sme tie\u017e zd\u00f4razni\u0165, \u017ee na\u0161e <strong>soci\u00e1lne kontajnery<\/strong> nemusia by\u0165 len do\u010dasn\u00fdm zariaden\u00edm, ktor\u00e9 sa pou\u017e\u00edva len nieko\u013eko mesiacov. M\u00f4\u017eu sa pou\u017e\u00edva\u0165 ove\u013ea dlh\u0161ie, a to v\u0161etko v\u010faka sp\u00f4sobu, ak\u00fdm s\u00fa postaven\u00e9. Robustn\u00fd r\u00e1m kontajnera znamen\u00e1, \u017ee tak\u00e9to mobiln\u00e9 zariadenie v\u00e1m m\u00f4\u017ee sl\u00fa\u017ei\u0165 mnoho rokov.<\/p>\n\n\n\n<p>Sendvi\u010dov\u00e9 <strong>panely<\/strong> pou\u017e\u00edvan\u00e9 pri v\u00fdstavbe <strong>soci\u00e1lnych kontajnerov<\/strong> sa vyzna\u010duj\u00fa n\u00edzkou vlastnou hmotnos\u0165ou a vysokou energetickou \u00fa\u010dinnos\u0165ou. S\u00fa estetick\u00e9, tak\u017ee nenar\u00fa\u0161aj\u00fa ich vzh\u013ead. Pozit\u00edvnym sp\u00f4sobom pri\u0165ahuj\u00fa pozornos\u0165.<\/p>\n\n\n<a class=\"mr-button \" href=\"https:\/\/szymbud.strony.mr.org.pl\/kontakt\/\">\r\n  Kontaktujte n\u00e1s<\/a>\r\n<\/div>\n<\/div>\n\n\n<div class=\" spacing-top main-wrapper \" \/>\r\n<\/div><\/div>\n\n\n\n<div style=\"height:100px\" aria-hidden=\"true\" class=\"wp-block-spacer\"><\/div>\n","protected":false},"excerpt":{"rendered":"<p>enery socjalne idealnie sprawdzaj\u0105 si\u0119 na placach budowy oraz w przedsi\u0119biorstwach, kt\u00f3re nie posiadaj\u0105 zaplecza socjalnego, a powinny je mie\u0107 dla swoich pracownik\u00f3w.<\/p>\n","protected":false},"author":1,"featured_media":1081,"parent":1094,"menu_order":0,"comment_status":"closed","ping_status":"closed","template":"wp-custom-template-strona-ofertowa","meta":{"footnotes":""},"class_list":["post-1080","page","type-page","status-publish","has-post-thumbnail","hentry"],"_links":{"self":[{"href":"https:\/\/szymbud.strony.mr.org.pl\/sk\/wp-json\/wp\/v2\/pages\/1080","targetHints":{"allow":["GET"]}}],"collection":[{"href":"https:\/\/szymbud.strony.mr.org.pl\/sk\/wp-json\/wp\/v2\/pages"}],"about":[{"href":"https:\/\/szymbud.strony.mr.org.pl\/sk\/wp-json\/wp\/v2\/types\/page"}],"author":[{"embeddable":true,"href":"https:\/\/szymbud.strony.mr.org.pl\/sk\/wp-json\/wp\/v2\/users\/1"}],"replies":[{"embeddable":true,"href":"https:\/\/szymbud.strony.mr.org.pl\/sk\/wp-json\/wp\/v2\/comments?post=1080"}],"version-history":[{"count":1,"href":"https:\/\/szymbud.strony.mr.org.pl\/sk\/wp-json\/wp\/v2\/pages\/1080\/revisions"}],"predecessor-version":[{"id":1209,"href":"https:\/\/szymbud.strony.mr.org.pl\/sk\/wp-json\/wp\/v2\/pages\/1080\/revisions\/1209"}],"up":[{"embeddable":true,"href":"https:\/\/szymbud.strony.mr.org.pl\/sk\/wp-json\/wp\/v2\/pages\/1094"}],"wp:featuredmedia":[{"embeddable":true,"href":"https:\/\/szymbud.strony.mr.org.pl\/sk\/wp-json\/wp\/v2\/media\/1081"}],"wp:attachment":[{"href":"https:\/\/szymbud.strony.mr.org.pl\/sk\/wp-json\/wp\/v2\/media?parent=1080"}],"curies":[{"name":"wp","href":"https:\/\/api.w.org\/{rel}","templated":true}]}}