{"id":1078,"date":"2025-07-16T12:14:47","date_gmt":"2025-07-16T10:14:47","guid":{"rendered":"https:\/\/szymbud.strony.mr.org.pl\/uslugowe-2\/"},"modified":"2025-08-29T08:48:11","modified_gmt":"2025-08-29T06:48:11","slug":"sluzby","status":"publish","type":"page","link":"https:\/\/szymbud.strony.mr.org.pl\/sk\/ponuka\/kontajnery-zo-sendvicovych-panelov\/sluzby\/","title":{"rendered":"Slu\u017eby"},"content":{"rendered":"\n<div class=\"wp-block-group main-wrapper px-5 is-layout-flow wp-block-group-is-layout-flow\">\n<div class=\"wp-block-columns gap-10 is-layout-flex wp-container-core-columns-is-layout-28f84493 wp-block-columns-is-layout-flex\">\n<div class=\"wp-block-column is-layout-flow wp-block-column-is-layout-flow\"><figure class=\"wp-block-post-featured-image\"><img loading=\"lazy\" decoding=\"async\" width=\"1100\" height=\"605\" src=\"https:\/\/szymbud.strony.mr.org.pl\/wp-content\/uploads\/2025\/07\/kontenery-uslugowe.webp\" class=\"attachment-post-thumbnail size-post-thumbnail wp-post-image\" alt=\"kontener us\u0142ugowy\" style=\"object-fit:cover;\" srcset=\"https:\/\/szymbud.strony.mr.org.pl\/wp-content\/uploads\/2025\/07\/kontenery-uslugowe.webp 1100w, https:\/\/szymbud.strony.mr.org.pl\/wp-content\/uploads\/2025\/07\/kontenery-uslugowe-300x165.webp 300w, https:\/\/szymbud.strony.mr.org.pl\/wp-content\/uploads\/2025\/07\/kontenery-uslugowe-1024x563.webp 1024w, https:\/\/szymbud.strony.mr.org.pl\/wp-content\/uploads\/2025\/07\/kontenery-uslugowe-768x422.webp 768w\" sizes=\"auto, (max-width: 1100px) 100vw, 1100px\" \/><\/figure><\/div>\n\n\n\n<div class=\"wp-block-column text-container is-layout-flow wp-block-column-is-layout-flow\">\n<h2 class=\"text-3xl md:text-4xl lg:text-5xl wp-block-mrblocks-generictext has-secondary-color has-text-color has-link-color wp-elements-d6b8e3bd65c1c9ab8f5a33a144436f58\">SERVISN\u00c9 KONTAJNERY<\/h2>\n\n\n\n<p>\u010cinnosti v oblasti slu\u017eieb si vy\u017eaduj\u00fa vhodn\u00e9 priestory na prev\u00e1dzku.<\/p>\n\n\n\n<p>Nie je potrebn\u00e9 investova\u0165 do pren\u00e1jmu vhodn\u00e9ho objektu alebo do jeho v\u00fdstavby od z\u00e1kladov na murovanom z\u00e1klade. V\u010faka <strong>servisn\u00fdm kontajnerom, ktor\u00e9<\/strong> pon\u00fakame, m\u00f4\u017eete r\u00fdchlo a efekt\u00edvne z\u00edska\u0165 vhodn\u00e9 miesto na poskytovanie slu\u017eieb svojim z\u00e1kazn\u00edkom.<br><strong>Servisn\u00e9 kontajnery,<\/strong> ktor\u00e9 vyr\u00e1bame, s\u00fa vhodn\u00e9 na ak\u00fako\u013evek servisn\u00fa \u010dinnos\u0165. Prostredn\u00edctvom individu\u00e1lnych kon\u0161truk\u010dn\u00fdch \u00faprav dok\u00e1\u017eeme prisp\u00f4sobi\u0165 kon\u0161trukciu va\u0161im po\u017eiadavk\u00e1m. Uk\u00e1\u017eeme v\u00e1m existuj\u00face n\u00e1vrhy servisn\u00fdch kontajnerov, ktor\u00e9 u\u017e na\u0161a spolo\u010dnos\u0165 realizovala, a ak \u017eiadny z nich nesp\u013a\u0148a va\u0161e po\u017eiadavky, m\u00f4\u017eeme prist\u00fapi\u0165 k individu\u00e1lnemu n\u00e1vrhu servisn\u00e9ho kontajnera.<\/p>\n\n\n\n<p>V\u0161etky <strong>kontajnery na slu\u017eby<\/strong> obsahuj\u00fa reklamn\u00fd priestor, ktor\u00fd je ide\u00e1lny na pril\u00e1kanie z\u00e1kazn\u00edkov. M\u00f4\u017eete ich pou\u017e\u00edva\u0165 pod\u013ea vlastn\u00e9ho uv\u00e1\u017eenia a realizova\u0165 vlastn\u00fa propaga\u010dn\u00fa a marketingov\u00fa politiku. V\u00fdrazn\u00fd povrch a farby sendvi\u010dov\u00fdch panelov pon\u00fakaj\u00fa \u0161irok\u00fa \u0161k\u00e1lu architektonick\u00fdch rie\u0161en\u00ed. Sendvi\u010dov\u00e9 panely umo\u017e\u0148uj\u00fa ur\u00fdchli\u0165 v\u00fdstavbu <strong>servisn\u00e9ho kontajnera<\/strong>, tak\u017ee na jeho postavenie nebudete musie\u0165 dlho \u010daka\u0165.<\/p>\n\n\n\n<p>V z\u00e1vislosti od bud\u00faceho charakteru v\u00e1\u0161ho podnikania v oblasti slu\u017eieb pon\u00fakame \u0161irok\u00fa \u0161k\u00e1lu hotov\u00fdch n\u00e1vrhov.<\/p>\n\n\n<a class=\"mr-button \" href=\"https:\/\/szymbud.strony.mr.org.pl\/kontakt\/\">\r\n  Kontaktujte n\u00e1s<\/a>\r\n<\/div>\n<\/div>\n\n\n<div class=\" spacing-top main-wrapper \" \/>\r\n<\/div><\/div>\n","protected":false},"excerpt":{"rendered":"<p>Produkowane przez nas kontenery us\u0142ugowe nadaj\u0105 si\u0119 do realizacji ka\u017cdej dzia\u0142alno\u015bci us\u0142ugowej. Poprzez mo\u017cliwo\u015b\u0107 indywidualnego modyfikowania projekt\u00f3w, mo\u017cemy dostosowa\u0107 projekt do Pa\u0144stwa wymaga\u0144\/<\/p>\n","protected":false},"author":1,"featured_media":1079,"parent":1094,"menu_order":0,"comment_status":"closed","ping_status":"closed","template":"wp-custom-template-strona-ofertowa","meta":{"footnotes":""},"class_list":["post-1078","page","type-page","status-publish","has-post-thumbnail","hentry"],"_links":{"self":[{"href":"https:\/\/szymbud.strony.mr.org.pl\/sk\/wp-json\/wp\/v2\/pages\/1078","targetHints":{"allow":["GET"]}}],"collection":[{"href":"https:\/\/szymbud.strony.mr.org.pl\/sk\/wp-json\/wp\/v2\/pages"}],"about":[{"href":"https:\/\/szymbud.strony.mr.org.pl\/sk\/wp-json\/wp\/v2\/types\/page"}],"author":[{"embeddable":true,"href":"https:\/\/szymbud.strony.mr.org.pl\/sk\/wp-json\/wp\/v2\/users\/1"}],"replies":[{"embeddable":true,"href":"https:\/\/szymbud.strony.mr.org.pl\/sk\/wp-json\/wp\/v2\/comments?post=1078"}],"version-history":[{"count":1,"href":"https:\/\/szymbud.strony.mr.org.pl\/sk\/wp-json\/wp\/v2\/pages\/1078\/revisions"}],"predecessor-version":[{"id":1208,"href":"https:\/\/szymbud.strony.mr.org.pl\/sk\/wp-json\/wp\/v2\/pages\/1078\/revisions\/1208"}],"up":[{"embeddable":true,"href":"https:\/\/szymbud.strony.mr.org.pl\/sk\/wp-json\/wp\/v2\/pages\/1094"}],"wp:featuredmedia":[{"embeddable":true,"href":"https:\/\/szymbud.strony.mr.org.pl\/sk\/wp-json\/wp\/v2\/media\/1079"}],"wp:attachment":[{"href":"https:\/\/szymbud.strony.mr.org.pl\/sk\/wp-json\/wp\/v2\/media?parent=1078"}],"curies":[{"name":"wp","href":"https:\/\/api.w.org\/{rel}","templated":true}]}}