{"id":1076,"date":"2025-07-16T12:19:48","date_gmt":"2025-07-16T10:19:48","guid":{"rendered":"https:\/\/szymbud.strony.mr.org.pl\/biurowe\/"},"modified":"2025-08-29T08:48:30","modified_gmt":"2025-08-29T06:48:30","slug":"kancelaria","status":"publish","type":"page","link":"https:\/\/szymbud.strony.mr.org.pl\/sk\/ponuka\/pavilony-zo-sendvicovych-panelov\/kancelaria\/","title":{"rendered":"Kancel\u00e1ria"},"content":{"rendered":"\n<div class=\"wp-block-group main-wrapper px-5 is-layout-flow wp-block-group-is-layout-flow\">\n<div class=\"wp-block-columns gap-10 is-layout-flex wp-container-core-columns-is-layout-28f84493 wp-block-columns-is-layout-flex\">\n<div class=\"wp-block-column is-layout-flow wp-block-column-is-layout-flow\"><figure class=\"wp-block-post-featured-image\"><img loading=\"lazy\" decoding=\"async\" width=\"640\" height=\"480\" src=\"https:\/\/szymbud.strony.mr.org.pl\/wp-content\/uploads\/2025\/07\/kontenery-biurowe-1.webp\" class=\"attachment-post-thumbnail size-post-thumbnail wp-post-image\" alt=\"kontener biurowy\" style=\"object-fit:cover;\" srcset=\"https:\/\/szymbud.strony.mr.org.pl\/wp-content\/uploads\/2025\/07\/kontenery-biurowe-1.webp 640w, https:\/\/szymbud.strony.mr.org.pl\/wp-content\/uploads\/2025\/07\/kontenery-biurowe-1-300x225.webp 300w\" sizes=\"auto, (max-width: 640px) 100vw, 640px\" \/><\/figure><\/div>\n\n\n\n<div class=\"wp-block-column text-container is-layout-flow wp-block-column-is-layout-flow\">\n<h2 class=\"text-3xl md:text-4xl lg:text-5xl wp-block-mrblocks-generictext has-secondary-color has-text-color has-link-color wp-elements-130d2e92fd959ff7170aa679a8aa8513\">KANCEL\u00c1RSKE PAVIL\u00d3NY<\/h2>\n\n\n\n<p>Zariadi\u0165 do\u010dasn\u00fd priestor pre estetick\u00fa kancel\u00e1riu, napr\u00edklad v bl\u00edzkosti prebiehaj\u00faceho staveniska, m\u00f4\u017ee by\u0165 pre developera niekedy komplikovan\u00e9. Nemus\u00ed v\u0161ak zn\u00e1\u0161a\u0165 vysok\u00e9 n\u00e1klady na pren\u00e1jom tak\u00fdchto priestorov, ani nemus\u00ed \u017eiada\u0165 o stavebn\u00e9 povolenie na stavbu plnohodnotnej budovy pre kancel\u00e1riu. M\u00f4\u017ee vyu\u017ei\u0165 na\u0161u ponuku na r\u00fdchlo postaven\u00e9, takmer kompletn\u00e9 <strong>kancel\u00e1rske pavil\u00f3ny zo sendvi\u010dov\u00fdch panelov<\/strong>. Tak\u00e9to rie\u0161enia vyrie\u0161ia \u0161pecifick\u00e9 potreby mnoh\u00fdch podnikate\u013eov. Ak potrebujete kancel\u00e1rske priestory, <strong>kancel\u00e1rsky pavil\u00f3n<\/strong> je ide\u00e1lnym rie\u0161en\u00edm. Na\u0161e <a href=\"https:\/\/www.szymbud-pawilony.pl\/pawilony-z-plyty-warstwowej.html\" target=\"_blank\" rel=\"noopener\">pavil\u00f3ny zo<\/a> sendvi\u010dov\u00fdch <a href=\"https:\/\/www.szymbud-pawilony.pl\/pawilony-z-plyty-warstwowej.html\" target=\"_blank\" rel=\"noopener\">panelov<\/a> sp\u00e1jaj\u00fa pracovn\u00fd komfort a modern\u00fd dizajn. Nemus\u00edte sa ob\u00e1va\u0165, \u017ee by pripom\u00ednali plechov\u00e9 gar\u00e1\u017ee alebo baraky, ktor\u00e9 sa niekedy zria\u010fuj\u00fa na stavb\u00e1ch. S\u00fa plne estetickou stavbou, r\u00fdchlo sa postavia a v mnoh\u00fdch pr\u00edpadoch nevy\u017eaduj\u00fa stavebn\u00e9 povolenie.<\/p>\n\n\n\n<p>Na \u017eelanie z\u00e1kazn\u00edka m\u00f4\u017eeme kdeko\u013evek nain\u0161talova\u0165 deliace steny a rozdeli\u0165 tak kancel\u00e1rsky pavil\u00f3n na nieko\u013eko miestnost\u00ed, \u010do vytv\u00e1ra ve\u013ek\u00fa funk\u010dnos\u0165 a pohodlie. V tak\u00fdchto pavil\u00f3noch bud\u00fa m\u00f4c\u0165 pohodlne pracova\u0165 zamestnanci, \u00fa\u010dtovn\u00edci alebo mana\u017e\u00e9ri.<\/p>\n\n\n<a class=\"mr-button \" href=\"https:\/\/szymbud.strony.mr.org.pl\/kontakt\/\">\r\n  Kontaktujte n\u00e1s<\/a>\r\n<\/div>\n<\/div>\n\n\n<div class=\" spacing-top main-wrapper \" \/>\r\n<\/div><\/div>\n\n\n\n<div style=\"height:100px\" aria-hidden=\"true\" class=\"wp-block-spacer\"><\/div>\n\n\n\n<div class=\"wp-block-group main-wrapper text-container px-5 is-layout-constrained wp-block-group-is-layout-constrained\">\n<h2 class=\"text-3xl md:text-4xl lg:text-5xl wp-block-mrblocks-generictext\">V\u00fdrobca kancel\u00e1rskych pavil\u00f3nov <\/h2>\n\n\n\n<p>Ako sk\u00fasen\u00fd <strong>v\u00fdrobca kancel\u00e1rskych pavil\u00f3nov<\/strong> pon\u00fakame \u0161irok\u00fa \u0161k\u00e1lu rie\u0161en\u00ed, ktor\u00e9 sp\u013a\u0148aj\u00fa o\u010dak\u00e1vania aj t\u00fdch najn\u00e1ro\u010dnej\u0161\u00edch z\u00e1kazn\u00edkov. <strong>Na\u0161e kancel\u00e1rske pavil\u00f3ny s\u00fa vyroben\u00e9 z vysokokvalitn\u00fdch kompozitn\u00fdch panelov<\/strong>, ktor\u00e9 zaru\u010duj\u00fa vynikaj\u00facu tepeln\u00fa izol\u00e1ciu a odolnos\u0165 na roky pou\u017e\u00edvania. V\u010faka \u0161irokej \u0161k\u00e1le mo\u017enost\u00ed personaliz\u00e1cie si ka\u017ed\u00fd z\u00e1kazn\u00edk m\u00f4\u017ee na\u0161e pavil\u00f3ny prisp\u00f4sobi\u0165 svojim potreb\u00e1m a \u017eelaniam a z\u00edska\u0165 produkt, ktor\u00fd plne vyhovuje \u0161pecifik\u00e1m jeho podnikania. Pon\u00fakame kancel\u00e1rske pavil\u00f3ny aj <a href=\"https:\/\/www.szymbud-pawilony.pl\/kontenery-handlowe.html\" target=\"_blank\" rel=\"noopener\">komer\u010dn\u00e9 \u00fa\u010dty<\/a>, ktor\u00e9 sa osved\u010dia v ka\u017edom odvetv\u00ed a zaru\u010duj\u00fa pracovn\u00fd komfort a estetick\u00fd vzh\u013ead.<\/p>\n\n\n\n<h2 class=\"text-3xl md:text-4xl lg:text-5xl wp-block-mrblocks-generictext\">Typy pavil\u00f3nov<\/h2>\n\n\n\n<p>V na\u0161om sortimente n\u00e1jdete r\u00f4zne pavil\u00f3ny, ktor\u00e9 s\u00fa ide\u00e1lne pre mnoh\u00e9 odvetvia a aplik\u00e1cie. <strong>Kancel\u00e1rske pavil\u00f3ny<\/strong> s\u00fa ide\u00e1lnym rie\u0161en\u00edm pre spolo\u010dnosti, ktor\u00e9 potrebuj\u00fa modern\u00fd a estetick\u00fd priestor na predaj svojich v\u00fdrobkov. <a href=\"https:\/\/www.szymbud-pawilony.pl\/kontenery-biurowe.html\" target=\"_blank\" rel=\"noopener\"><strong>Kancel\u00e1rske kontajnery<\/strong><\/a> zasa dobre funguj\u00fa ako mobiln\u00e9 kancel\u00e1rie, ktor\u00e9 poskytuj\u00fa funk\u010dnos\u0165 a pohodlie na akomko\u013evek mieste. Na\u0161e pavil\u00f3ny s\u00fa plne prisp\u00f4soben\u00e9 o\u010dak\u00e1vaniam pou\u017e\u00edvate\u013eov &#8211; z h\u013eadiska ve\u013ekosti, usporiadania miestnosti aj vybavenia. V\u010faka modern\u00fdm technol\u00f3gi\u00e1m a individu\u00e1lnemu pr\u00edstupu ku ka\u017ed\u00e9mu projektu sp\u013a\u0148aj\u00fa na\u0161e pavil\u00f3ny a kontajnery najvy\u0161\u0161ie \u0161tandardy funk\u010dnosti a estetiky a predstavuj\u00fa ide\u00e1lne rie\u0161enie pre spolo\u010dnosti, ktor\u00e9 si cenia pohodlie a modernos\u0165.<\/p>\n\n\n\n<h2 class=\"text-3xl md:text-4xl lg:text-5xl wp-block-mrblocks-generictext\">N\u00e1vrh a v\u00fdstavba kancel\u00e1rskych pavil\u00f3nov <\/h2>\n\n\n\n<p>Spolo\u010dnos\u0165 Szym-Bud postav\u00ed v\u00e1\u0161 vysn\u00edvan\u00fd kancel\u00e1rsky pavil\u00f3n spo\u013eahlivo a lacno. Na\u0161e <strong>kancel\u00e1rske pavil\u00f3ny z kompozitn\u00fdch panelov<\/strong> sa vyzna\u010duj\u00fa vysokou kvalitou spracovania a n\u00edzkou cenou (pozrite si, <strong><a href=\"https:\/\/www.szymbud-pawilony.pl\/pawilony-uslugowe-cena.html\" target=\"_blank\" rel=\"noopener\">\u010co ovplyv\u0148uje cenu pavil\u00f3nu<\/a><\/strong>). Zap\u00f4sobia svoj\u00edm minimalistick\u00fdm, estetick\u00fdm vzh\u013eadom, v\u010faka ktor\u00e9mu sa m\u00f4\u017eu smelo sta\u0165 vizitkou firmy, ktor\u00e1 v nich m\u00e1 svoje kancel\u00e1rie. \u010co je pre mnoh\u00fdch na\u0161ich z\u00e1kazn\u00edkov d\u00f4le\u017eit\u00e9, kancel\u00e1rske pavil\u00f3ny je mo\u017en\u00e9 r\u00fdchlo doda\u0165 na miesto ur\u010den\u00e9 z\u00e1kazn\u00edkom. Porad\u00edme v\u00e1m, ktor\u00fd pavil\u00f3n bude pre v\u00e1s najvhodnej\u0161\u00ed a ak\u00e9 rie\u0161enia sa pre\u0148 e\u0161te oplat\u00ed pou\u017ei\u0165, aby bol dobre prisp\u00f4soben\u00fd individu\u00e1lnym po\u017eiadavk\u00e1m va\u0161ich zamestnancov.<\/p>\n\n\n\n<p>Ako <strong>v\u00fdrobca kancel\u00e1rskych pavil\u00f3nov<\/strong> poskytujeme pln\u00fa podporu v ka\u017edej f\u00e1ze spolupr\u00e1ce &#8211; od n\u00e1vrhu, cez realiz\u00e1ciu a\u017e po dod\u00e1vku a mont\u00e1\u017e. Na\u0161e pavil\u00f3ny a kontajnery znamenaj\u00fa nielen komfort pri pou\u017e\u00edvan\u00ed, ale aj mobilitu a flexibilitu pri organiz\u00e1cii va\u0161ich kancel\u00e1rskych priestorov. Ak h\u013ead\u00e1te modern\u00e9 a funk\u010dn\u00e9 rie\u0161enie pre svoje podnikanie, na\u0161e kancel\u00e1rske pavil\u00f3ny a komer\u010dn\u00e9 kontajnery s\u00fa vo\u013ebou, ktor\u00e1 spln\u00ed va\u0161e o\u010dak\u00e1vania a zabezpe\u010d\u00ed va\u0161u pln\u00fa spokojnos\u0165.<\/p>\n<\/div>\n","protected":false},"excerpt":{"rendered":"<p>Zariadi\u0165 do\u010dasn\u00fd priestor pre estetick\u00fa kancel\u00e1riu, napr\u00edklad v bl\u00edzkosti prebiehaj\u00faceho staveniska, m\u00f4\u017ee by\u0165 pre developera niekedy komplikovan\u00e9. Nemus\u00ed v\u0161ak zn\u00e1\u0161a\u0165 vysok\u00e9 n\u00e1klady na pren\u00e1jom tak\u00fdchto priestorov, ani nemus\u00ed \u017eiada\u0165 o stavebn\u00e9 povolenie na stavbu plnohodnotnej budovy pre kancel\u00e1riu. M\u00f4\u017ee vyu\u017ei\u0165 na\u0161u ponuku na r\u00fdchlo postaven\u00e9, takmer kompletn\u00e9 kancel\u00e1rske pavil\u00f3ny zo sendvi\u010dov\u00fdch panelov. Tak\u00e9to rie\u0161enia vyrie\u0161ia [&hellip;]<\/p>\n","protected":false},"author":1,"featured_media":1077,"parent":1095,"menu_order":0,"comment_status":"closed","ping_status":"closed","template":"wp-custom-template-strona-ofertowa","meta":{"footnotes":""},"class_list":["post-1076","page","type-page","status-publish","has-post-thumbnail","hentry"],"_links":{"self":[{"href":"https:\/\/szymbud.strony.mr.org.pl\/sk\/wp-json\/wp\/v2\/pages\/1076","targetHints":{"allow":["GET"]}}],"collection":[{"href":"https:\/\/szymbud.strony.mr.org.pl\/sk\/wp-json\/wp\/v2\/pages"}],"about":[{"href":"https:\/\/szymbud.strony.mr.org.pl\/sk\/wp-json\/wp\/v2\/types\/page"}],"author":[{"embeddable":true,"href":"https:\/\/szymbud.strony.mr.org.pl\/sk\/wp-json\/wp\/v2\/users\/1"}],"replies":[{"embeddable":true,"href":"https:\/\/szymbud.strony.mr.org.pl\/sk\/wp-json\/wp\/v2\/comments?post=1076"}],"version-history":[{"count":1,"href":"https:\/\/szymbud.strony.mr.org.pl\/sk\/wp-json\/wp\/v2\/pages\/1076\/revisions"}],"predecessor-version":[{"id":1213,"href":"https:\/\/szymbud.strony.mr.org.pl\/sk\/wp-json\/wp\/v2\/pages\/1076\/revisions\/1213"}],"up":[{"embeddable":true,"href":"https:\/\/szymbud.strony.mr.org.pl\/sk\/wp-json\/wp\/v2\/pages\/1095"}],"wp:featuredmedia":[{"embeddable":true,"href":"https:\/\/szymbud.strony.mr.org.pl\/sk\/wp-json\/wp\/v2\/media\/1077"}],"wp:attachment":[{"href":"https:\/\/szymbud.strony.mr.org.pl\/sk\/wp-json\/wp\/v2\/media?parent=1076"}],"curies":[{"name":"wp","href":"https:\/\/api.w.org\/{rel}","templated":true}]}}