{"id":1073,"date":"2025-07-16T12:20:34","date_gmt":"2025-07-16T10:20:34","guid":{"rendered":"https:\/\/szymbud.strony.mr.org.pl\/gastronomiczne\/"},"modified":"2025-08-29T08:48:25","modified_gmt":"2025-08-29T06:48:25","slug":"gastronomia","status":"publish","type":"page","link":"https:\/\/szymbud.strony.mr.org.pl\/sk\/ponuka\/pavilony-zo-sendvicovych-panelov\/gastronomia\/","title":{"rendered":"Gastron\u00f3mia"},"content":{"rendered":"\n<div class=\"wp-block-group main-wrapper px-5 is-layout-flow wp-block-group-is-layout-flow\">\n<div class=\"wp-block-columns gap-10 is-layout-flex wp-container-core-columns-is-layout-28f84493 wp-block-columns-is-layout-flex\">\n<div class=\"wp-block-column is-layout-flow wp-block-column-is-layout-flow\"><figure class=\"wp-block-post-featured-image\"><img loading=\"lazy\" decoding=\"async\" width=\"640\" height=\"480\" src=\"https:\/\/szymbud.strony.mr.org.pl\/wp-content\/uploads\/2025\/07\/pawilony-gastronomiczne.webp\" class=\"attachment-post-thumbnail size-post-thumbnail wp-post-image\" alt=\"pawilon gastronomiczny\" style=\"object-fit:cover;\" srcset=\"https:\/\/szymbud.strony.mr.org.pl\/wp-content\/uploads\/2025\/07\/pawilony-gastronomiczne.webp 640w, https:\/\/szymbud.strony.mr.org.pl\/wp-content\/uploads\/2025\/07\/pawilony-gastronomiczne-300x225.webp 300w\" sizes=\"auto, (max-width: 640px) 100vw, 640px\" \/><\/figure><\/div>\n\n\n\n<div class=\"wp-block-column text-container is-layout-flow wp-block-column-is-layout-flow\">\n<h2 class=\"text-3xl md:text-4xl lg:text-5xl wp-block-mrblocks-generictext has-secondary-color has-text-color has-link-color wp-elements-c2c513b42129572ef0091ccd5dd5eb6c\">STRAVOVACIE PAVIL\u00d3NY<\/h2>\n\n\n\n<p>Na\u0161e <strong>stravovacie pavil\u00f3ny<\/strong> s\u00fa modernou vo\u013ebou pre t\u00fdch, ktor\u00ed h\u013eadaj\u00fa estetick\u00e9 a funk\u010dn\u00e9 rie\u0161enia pre svoje stravovacie prev\u00e1dzky. Pon\u00fakame <a href=\"https:\/\/www.szymbud-pawilony.pl\/pawilony-z-plyty-warstwowej.html\" target=\"_blank\" rel=\"noopener\">pavil\u00f3ny zo sendvi\u010dov\u00fdch panelov<\/a> vysokej kvality spracovania, ktor\u00e9 sa vyzna\u010duj\u00fa modern\u00fdm vzh\u013eadom a pou\u017eit\u00edm inovat\u00edvnych technol\u00f3gi\u00ed. Pavil\u00f3ny s\u00fa plne vybaven\u00e9 a pripraven\u00e9 na okam\u017eit\u00e9 pou\u017eitie, \u010do v\u00e1m umo\u017en\u00ed r\u00fdchlo za\u010da\u0165 podnika\u0165.<\/p>\n\n\n\n<p>Stravovacie pavil\u00f3ny s\u00fa ide\u00e1lne pre predajne, <strong>kaviarne, bary alebo food trucky<\/strong>. Vn\u00fatorn\u00fd priestor pavil\u00f3nu mo\u017eno \u013eubovo\u013ene usporiada\u0165 pod\u013ea individu\u00e1lnych potrieb podniku, \u010d\u00edm sa zabezpe\u010d\u00ed maxim\u00e1lna funk\u010dnos\u0165 a pohodlie.<\/p>\n\n\n\n<p>V\u0161etky na\u0161e pavil\u00f3ny s\u00fa navrhnut\u00e9 s oh\u013eadom na vz\u0165ah medzi kon\u0161truk\u010dn\u00fdmi prvkami, in\u0161tal\u00e1ciami a vybaven\u00edm, \u010do ovplyv\u0148uje ich funk\u010dnos\u0165 a prisp\u00f4sobenie sa o\u010dak\u00e1vaniam klienta.<\/p>\n\n\n<a class=\"mr-button \" href=\"https:\/\/szymbud.strony.mr.org.pl\/kontakt\/\">\r\n  Kontaktujte n\u00e1s<\/a>\r\n<\/div>\n<\/div>\n\n\n<div class=\" spacing-top main-wrapper \" \/>\r\n<\/div><\/div>\n\n\n\n<div style=\"height:100px\" aria-hidden=\"true\" class=\"wp-block-spacer\"><\/div>\n\n\n\n<div class=\"wp-block-group text-container main-wrapper px-5 is-layout-constrained wp-block-group-is-layout-constrained\">\n<h2 class=\"text-3xl md:text-4xl lg:text-5xl wp-block-mrblocks-generictext\">Stravovac\u00ed pavil\u00f3n <\/h2>\n\n\n\n<p>Prev\u00e1dzkovanie stravovacieho podniku si vy\u017eaduje vhodn\u00e9 priestory s komplexn\u00fdm vybaven\u00edm, ktor\u00e9 sp\u013a\u0148aj\u00fa v\u0161etky normy stanoven\u00e9 okrem in\u00e9ho aj hygienickou in\u0161pekciou.<\/p>\n\n\n\n<p>Jedl\u00e1 pod\u00e1van\u00e9 z\u00e1kazn\u00edkom musia by\u0165 pripraven\u00e9 v steriln\u00fdch a hygienick\u00fdch podmienkach, aby sa mohli bezpe\u010dne pod\u00e1va\u0165 hos\u0165om. Vybudovanie stravovacieho zariadenia tradi\u010dn\u00fdm sp\u00f4sobom je spojen\u00e9 so zna\u010dn\u00fdmi n\u00e1kladmi, ktor\u00e9 v\u0161ak m\u00f4\u017eete v\u00fdrazne zn\u00ed\u017ei\u0165, ak sa rozhodnete pre rie\u0161enie, ktor\u00e9 v\u00e1m m\u00f4\u017eeme pon\u00faknu\u0165. Pon\u00fakame toti\u017e<strong> pavil\u00f3ny,<\/strong> ktor\u00e9 s\u00fa estetick\u00e9, odoln\u00e9 a vhodn\u00e9 pre<strong> gastronomick\u00e9<\/strong> prev\u00e1dzky. <strong>Stravovacie pavil\u00f3ny, ktor\u00e9<\/strong> staviame, s\u00fa ide\u00e1lne pre bary, re\u0161taur\u00e1cie alebo stravovacie zariadenia ak\u00e9hoko\u013evek druhu. M\u00f4\u017eete ich napr\u00edklad pou\u017ei\u0165 ako sez\u00f3nnu prev\u00e1dzku r\u00fdchleho ob\u010derstvenia, \u0161al\u00e1tov\u00fd bar alebo in\u00fd typ zariadenia.<\/p>\n\n\n\n<p>Povrch sendvi\u010dov\u00fdch panelov, ktor\u00e9 pou\u017e\u00edvame na stavbu stravovac\u00edch<strong> pavil\u00f3nov<\/strong>, je hladk\u00fd a \u013eahko um\u00fdvate\u013en\u00fd, \u010do je mimoriadne d\u00f4le\u017eit\u00e9 z h\u013eadiska po\u017eiadaviek stravovac\u00edch prev\u00e1dzok a zdravotn\u00fdch a bezpe\u010dnostn\u00fdch predpisov.<\/p>\n\n\n\n<p>V\u0161etky miesta obsahuj\u00fa reklamn\u00e9 plochy, ktor\u00e9 s\u00fa ide\u00e1lne na pril\u00e1kanie z\u00e1kazn\u00edkov. M\u00f4\u017eete ich vyu\u017ei\u0165 \u013eubovo\u013en\u00fdm sp\u00f4sobom, napr\u00edklad na zavesenie reklamn\u00fdch plag\u00e1tov alebo jed\u00e1lnych l\u00edstkov, aby ste pril\u00e1kali n\u00e1v\u0161tevn\u00edkov do stravovac\u00edch priestorov.<\/p>\n\n\n\n<h2 class=\"text-3xl md:text-4xl lg:text-5xl wp-block-mrblocks-generictext\">V\u00fdrobca stravovac\u00edch pavil\u00f3nov <\/h2>\n\n\n\n<p>Ka\u017ed\u00fd stravovac\u00ed pavil\u00f3n je vyroben\u00fd z najkvalitnej\u0161\u00edch materi\u00e1lov, ako s\u00fa sendvi\u010dov\u00e9 panely, aby sa zabezpe\u010dila jeho odolnos\u0165 a spo\u013eahlivos\u0165 po\u010das mnoh\u00fdch rokov pou\u017e\u00edvania. V\u00fdrobn\u00fd proces sa v ka\u017edej f\u00e1ze starostlivo kontroluje, aby hotov\u00e9 pavil\u00f3ny sp\u013a\u0148ali v\u0161etky po\u017eiadavky stravovacieho priemyslu. V\u010faka najmodernej\u0161\u00edm technol\u00f3gi\u00e1m a sk\u00fasen\u00e9mu t\u00edmu pon\u00faka na\u0161a spolo\u010dnos\u0165 dokonal\u00e9 rie\u0161enie na prev\u00e1dzkovanie gastronomick\u00e9ho podniku, ktor\u00e9 sp\u00e1ja funk\u010dnos\u0165 s estetikou. <a href=\"https:\/\/www.szymbud-pawilony.pl\/kontakt.html\" target=\"_blank\" rel=\"noopener\">Vy\u017eiadajte si podrobnosti o ponuke<\/a> a zistite, ak\u00e9 jednoduch\u00e9 je za\u010da\u0165 podnika\u0165 v oblasti stravovania v modernom stravovacom pavil\u00f3ne.<\/p>\n<\/div>\n","protected":false},"excerpt":{"rendered":"<p>Na\u0161e stravovacie pavil\u00f3ny s\u00fa modernou vo\u013ebou pre t\u00fdch, ktor\u00ed h\u013eadaj\u00fa estetick\u00e9 a funk\u010dn\u00e9 rie\u0161enia pre svoje stravovacie prev\u00e1dzky. Pon\u00fakame pavil\u00f3ny zo sendvi\u010dov\u00fdch panelov vysokej kvality spracovania, ktor\u00e9 sa vyzna\u010duj\u00fa modern\u00fdm vzh\u013eadom a pou\u017eit\u00edm inovat\u00edvnych technol\u00f3gi\u00ed. Pavil\u00f3ny s\u00fa plne vybaven\u00e9 a pripraven\u00e9 na okam\u017eit\u00e9 pou\u017eitie, \u010do v\u00e1m umo\u017en\u00ed r\u00fdchlo za\u010da\u0165 podnika\u0165. Stravovacie pavil\u00f3ny s\u00fa ide\u00e1lne pre [&hellip;]<\/p>\n","protected":false},"author":1,"featured_media":1075,"parent":1095,"menu_order":0,"comment_status":"closed","ping_status":"closed","template":"wp-custom-template-strona-ofertowa","meta":{"footnotes":""},"class_list":["post-1073","page","type-page","status-publish","has-post-thumbnail","hentry"],"_links":{"self":[{"href":"https:\/\/szymbud.strony.mr.org.pl\/sk\/wp-json\/wp\/v2\/pages\/1073","targetHints":{"allow":["GET"]}}],"collection":[{"href":"https:\/\/szymbud.strony.mr.org.pl\/sk\/wp-json\/wp\/v2\/pages"}],"about":[{"href":"https:\/\/szymbud.strony.mr.org.pl\/sk\/wp-json\/wp\/v2\/types\/page"}],"author":[{"embeddable":true,"href":"https:\/\/szymbud.strony.mr.org.pl\/sk\/wp-json\/wp\/v2\/users\/1"}],"replies":[{"embeddable":true,"href":"https:\/\/szymbud.strony.mr.org.pl\/sk\/wp-json\/wp\/v2\/comments?post=1073"}],"version-history":[{"count":1,"href":"https:\/\/szymbud.strony.mr.org.pl\/sk\/wp-json\/wp\/v2\/pages\/1073\/revisions"}],"predecessor-version":[{"id":1212,"href":"https:\/\/szymbud.strony.mr.org.pl\/sk\/wp-json\/wp\/v2\/pages\/1073\/revisions\/1212"}],"up":[{"embeddable":true,"href":"https:\/\/szymbud.strony.mr.org.pl\/sk\/wp-json\/wp\/v2\/pages\/1095"}],"wp:featuredmedia":[{"embeddable":true,"href":"https:\/\/szymbud.strony.mr.org.pl\/sk\/wp-json\/wp\/v2\/media\/1075"}],"wp:attachment":[{"href":"https:\/\/szymbud.strony.mr.org.pl\/sk\/wp-json\/wp\/v2\/media?parent=1073"}],"curies":[{"name":"wp","href":"https:\/\/api.w.org\/{rel}","templated":true}]}}