{"id":1071,"date":"2025-07-16T12:20:58","date_gmt":"2025-07-16T10:20:58","guid":{"rendered":"https:\/\/szymbud.strony.mr.org.pl\/handlowe\/"},"modified":"2025-08-29T08:48:35","modified_gmt":"2025-08-29T06:48:35","slug":"komercne","status":"publish","type":"page","link":"https:\/\/szymbud.strony.mr.org.pl\/sk\/ponuka\/pavilony-zo-sendvicovych-panelov\/komercne\/","title":{"rendered":"Komer\u010dn\u00e9"},"content":{"rendered":"\n<div class=\"wp-block-group main-wrapper px-5 is-layout-flow wp-block-group-is-layout-flow\">\n<div class=\"wp-block-columns gap-10 is-layout-flex wp-container-core-columns-is-layout-28f84493 wp-block-columns-is-layout-flex\">\n<div class=\"wp-block-column is-layout-flow wp-block-column-is-layout-flow\"><figure class=\"wp-block-post-featured-image\"><img loading=\"lazy\" decoding=\"async\" width=\"640\" height=\"480\" src=\"https:\/\/szymbud.strony.mr.org.pl\/wp-content\/uploads\/2025\/07\/pawilony-handlowe-1.webp\" class=\"attachment-post-thumbnail size-post-thumbnail wp-post-image\" alt=\"pawilon handlowy\" style=\"object-fit:cover;\" srcset=\"https:\/\/szymbud.strony.mr.org.pl\/wp-content\/uploads\/2025\/07\/pawilony-handlowe-1.webp 640w, https:\/\/szymbud.strony.mr.org.pl\/wp-content\/uploads\/2025\/07\/pawilony-handlowe-1-300x225.webp 300w\" sizes=\"auto, (max-width: 640px) 100vw, 640px\" \/><\/figure><\/div>\n\n\n\n<div class=\"wp-block-column text-container is-layout-flow wp-block-column-is-layout-flow\">\n<h2 class=\"text-3xl md:text-4xl lg:text-5xl wp-block-mrblocks-generictext has-secondary-color has-text-color has-link-color wp-elements-b3f29e4dd7cfcee287a214d786d5cb93\">KOMER\u010cN\u00c9 PAVIL\u00d3NY<\/h2>\n\n\n\n<p>V na\u0161ej ponuke n\u00e1jdete \u0161irok\u00fd v\u00fdber modern\u00fdch <strong>komer\u010dn\u00fdch pavil\u00f3nov<\/strong>, ktor\u00e9 vyhovuj\u00fa r\u00f4znym potreb\u00e1m z\u00e1kazn\u00edkov.<\/p>\n\n\n\n<h2 class=\"text-3xl md:text-4xl lg:text-5xl wp-block-mrblocks-generictext\">V\u00fdrobca modern\u00fdch obchodn\u00fdch pavil\u00f3nov<\/h2>\n\n\n\n<p>Podnikanie v komer\u010dnej sf\u00e9re si vy\u017eaduje splnenie o\u010dak\u00e1van\u00ed potenci\u00e1lnych z\u00e1kazn\u00edkov a pru\u017en\u00e9 prisp\u00f4sobenie sa meniacim sa potreb\u00e1m trhu.<\/p>\n\n\n\n<p>V mieste predaja mus\u00ed by\u0165 tovar vystaven\u00fd tak, aby zaujal z\u00e1kazn\u00edkov a pril\u00e1kal ich do obchodu. Z tohto d\u00f4vodu je ve\u013emi d\u00f4le\u017eit\u00e9, aby bol \u010do najestetickej\u0161\u00ed. Pr\u00e1ve to v\u00e1m m\u00f4\u017eeme pon\u00faknu\u0165 s <strong>obchodn\u00fdmi pavil\u00f3nmi z kompozitn\u00fdch panelov, ktor\u00e9<\/strong> navrhujeme a vyr\u00e1bame. Obchodn\u00fd pavil\u00f3n je modern\u00e1, funk\u010dn\u00e1 a mobiln\u00e1 stavba pre maloobchodn\u00fa a servisn\u00fa \u010dinnos\u0165, ktor\u00e1 zaru\u010duje r\u00fdchlu in\u0161tal\u00e1ciu, odolnos\u0165 a mo\u017enos\u0165 r\u00fdchleho spustenia predaja.<\/p>\n\n\n<a class=\"mr-button \" href=\"https:\/\/szymbud.strony.mr.org.pl\/kontakt\/\">\r\n  Kontaktujte n\u00e1s<\/a>\r\n<\/div>\n<\/div>\n\n\n<div class=\" spacing-top main-wrapper \" \/>\r\n<\/div><\/div>\n\n\n\n<div style=\"height:100px\" aria-hidden=\"true\" class=\"wp-block-spacer\"><\/div>\n\n\n\n<div class=\"wp-block-group main-wrapper text-container px-5 is-layout-constrained wp-block-group-is-layout-constrained\">\n<p>Na\u0161e komer\u010dn\u00e9 pavil\u00f3ny s\u00fa vyroben\u00e9 <strong>zo sendvi\u010dov\u00fdch panelov s ve\u013emi dobr\u00fdmi izola\u010dn\u00fdmi vlastnos\u0165ami a n\u00edzkym koeficientom prestupu tepla<\/strong>. Sendvi\u010dov\u00e9 panely zaru\u010duj\u00fa vysok\u00fa kvalitu, trvanlivos\u0165 a odolnos\u0165 vo\u010di poveternostn\u00fdm vplyvom a vy\u017eaduj\u00fa si menej \u00fadr\u017eby ako tradi\u010dn\u00e9 materi\u00e1ly. Zabezpe\u010dia, \u017ee sa nebudete musie\u0165 ob\u00e1va\u0165 vysok\u00fdch n\u00e1kladov na vyu\u017e\u00edvanie priestorov ani pri n\u00edzkych teplot\u00e1ch na jese\u0148 a v zime. Nie je probl\u00e9m, aby v\u00e1m tak\u00e9to doskov\u00e9 komer\u010dn\u00e9 pavil\u00f3ny sl\u00fa\u017eili ako <strong>celoro\u010dn\u00e9 zariadenia<\/strong>. M\u00f4\u017eete v nich pou\u017e\u00edva\u0165 prenosn\u00e9 ohrieva\u010de, ktor\u00e9 v\u00e1m a va\u0161im zamestnancom umo\u017enia udr\u017ea\u0165 si pohodlie aj pri teplot\u00e1ch pod bodom mrazu vonku. Pon\u00fakame mo\u017enos\u0165 objedna\u0165 si pavil\u00f3n na mieru s oh\u013eadom na va\u0161e o\u010dak\u00e1vania a \u0161pecifick\u00e9 potreby trhu.<\/p>\n\n\n\n<p>Pon\u00fakame v\u00e1m klasick\u00e9 rie\u0161enia aj modern\u00e9 dizajny, ktor\u00e9 zaujm\u00fa svoj\u00edm vzh\u013eadom a odl\u00ed\u0161ia va\u0161u firmu od konkurencie na trhu. V\u00fdstavbou vlastn\u00e9ho komer\u010dn\u00e9ho pavil\u00f3nu <strong>u\u0161etr\u00edte vysok\u00e9 n\u00e1klady na pren\u00e1jom priestorov alebo v\u00fdstavbu be\u017enej murovanej budovy<\/strong>. S v\u00fdrobou a mont\u00e1\u017eou budov zo sendvi\u010dov\u00fdch panelov m\u00e1me dlhoro\u010dn\u00e9 sk\u00fasenosti a sna\u017e\u00edme sa splni\u0165 o\u010dak\u00e1vania ka\u017ed\u00e9ho z\u00e1kazn\u00edka. Sme pripraven\u00ed spolupracova\u0165 s vami v ka\u017edej f\u00e1ze n\u00e1vrhu pavil\u00f3nu tak, aby kone\u010dn\u00fd n\u00e1vrh a jeho realiz\u00e1cia \u00faplne zodpovedali va\u0161im individu\u00e1lnym potreb\u00e1m.<\/p>\n\n\n\n<p><strong>Komer\u010dn\u00e9 pavil\u00f3ny maj\u00fa \u0161irok\u00e9 mo\u017enosti vyu\u017eitia<\/strong> &#8211; m\u00f4\u017eu sl\u00fa\u017ei\u0165 ako predajne slu\u017eieb, kiosky, kancel\u00e1rie, obchodn\u00e9 kontajnery alebo maloobchodn\u00e9 pavil\u00f3ny. Funk\u010dn\u00e9 a odoln\u00e9 zariadenia umo\u017e\u0148uj\u00fa r\u00fdchlu mont\u00e1\u017e, jednoduch\u00fa moderniz\u00e1ciu a roz\u0161\u00edrenie, \u010do sa premieta do efekt\u00edvnosti podnikania a v\u00fdhod pre firmy. Inovat\u00edvny dizajn a modern\u00e9 rie\u0161enia zabezpe\u010duj\u00fa flexibilitu ponuky, ktor\u00e1 umo\u017e\u0148uje prisp\u00f4sobi\u0165 zariadenie meniacim sa potreb\u00e1m trhu a o\u010dak\u00e1vaniam z\u00e1kazn\u00edkov.<\/p>\n\n\n\n<p>V\u010faka r\u00fdchlemu \u010dasu vybavenia m\u00e1te mo\u017enos\u0165 otvori\u0165 si maloobchodn\u00fd podnik v kr\u00e1tkom \u010dase. <strong>Mobilita, funk\u010dnos\u0165, bezpe\u010dnos\u0165 a odolnos\u0165<\/strong> pavil\u00f3nov zo sendvi\u010dov\u00fdch panelov zaru\u010dia va\u0161ej spolo\u010dnosti r\u00fdchly a \u00faspe\u0161n\u00fd \u0161tart predaja a jednoduch\u00e9 prisp\u00f4sobenie sa meniacim sa podmienkam na trhu. Estetick\u00fd a modern\u00fd dizajn predajn\u00fdch pavil\u00f3nov v\u00e1m pom\u00f4\u017ee pril\u00e1ka\u0165 nov\u00fdch z\u00e1kazn\u00edkov.<\/p>\n\n\n\n<p><a href=\"https:\/\/www.szymbud-pawilony.pl\/kontakt.html\" target=\"_blank\" rel=\"noopener\">Kontaktujte n\u00e1s a<\/a> presved\u010dte sa o vysokej kvalite na\u0161ich pavil\u00f3nov a mo\u017enostiach objednania zariadenia dokonale prisp\u00f4soben\u00e9ho va\u0161im potreb\u00e1m.<\/p>\n<\/div>\n","protected":false},"excerpt":{"rendered":"<p>V na\u0161ej ponuke n\u00e1jdete \u0161irok\u00fd v\u00fdber modern\u00fdch komer\u010dn\u00fdch pavil\u00f3nov, ktor\u00e9 vyhovuj\u00fa r\u00f4znym potreb\u00e1m z\u00e1kazn\u00edkov. Podnikanie v komer\u010dnej sf\u00e9re si vy\u017eaduje splnenie o\u010dak\u00e1van\u00ed potenci\u00e1lnych z\u00e1kazn\u00edkov a pru\u017en\u00e9 prisp\u00f4sobenie sa meniacim sa potreb\u00e1m trhu. V mieste predaja mus\u00ed by\u0165 tovar vystaven\u00fd tak, aby zaujal z\u00e1kazn\u00edkov a pril\u00e1kal ich do obchodu. Z tohto d\u00f4vodu je ve\u013emi d\u00f4le\u017eit\u00e9, aby [&hellip;]<\/p>\n","protected":false},"author":1,"featured_media":1072,"parent":1095,"menu_order":0,"comment_status":"closed","ping_status":"closed","template":"wp-custom-template-strona-ofertowa","meta":{"footnotes":""},"class_list":["post-1071","page","type-page","status-publish","has-post-thumbnail","hentry"],"_links":{"self":[{"href":"https:\/\/szymbud.strony.mr.org.pl\/sk\/wp-json\/wp\/v2\/pages\/1071","targetHints":{"allow":["GET"]}}],"collection":[{"href":"https:\/\/szymbud.strony.mr.org.pl\/sk\/wp-json\/wp\/v2\/pages"}],"about":[{"href":"https:\/\/szymbud.strony.mr.org.pl\/sk\/wp-json\/wp\/v2\/types\/page"}],"author":[{"embeddable":true,"href":"https:\/\/szymbud.strony.mr.org.pl\/sk\/wp-json\/wp\/v2\/users\/1"}],"replies":[{"embeddable":true,"href":"https:\/\/szymbud.strony.mr.org.pl\/sk\/wp-json\/wp\/v2\/comments?post=1071"}],"version-history":[{"count":1,"href":"https:\/\/szymbud.strony.mr.org.pl\/sk\/wp-json\/wp\/v2\/pages\/1071\/revisions"}],"predecessor-version":[{"id":1214,"href":"https:\/\/szymbud.strony.mr.org.pl\/sk\/wp-json\/wp\/v2\/pages\/1071\/revisions\/1214"}],"up":[{"embeddable":true,"href":"https:\/\/szymbud.strony.mr.org.pl\/sk\/wp-json\/wp\/v2\/pages\/1095"}],"wp:featuredmedia":[{"embeddable":true,"href":"https:\/\/szymbud.strony.mr.org.pl\/sk\/wp-json\/wp\/v2\/media\/1072"}],"wp:attachment":[{"href":"https:\/\/szymbud.strony.mr.org.pl\/sk\/wp-json\/wp\/v2\/media?parent=1071"}],"curies":[{"name":"wp","href":"https:\/\/api.w.org\/{rel}","templated":true}]}}