{"id":1069,"date":"2025-07-16T12:21:38","date_gmt":"2025-07-16T10:21:38","guid":{"rendered":"https:\/\/szymbud.strony.mr.org.pl\/uslugowe\/"},"modified":"2025-08-29T08:48:37","modified_gmt":"2025-08-29T06:48:37","slug":"sluzby","status":"publish","type":"page","link":"https:\/\/szymbud.strony.mr.org.pl\/sk\/ponuka\/pavilony-zo-sendvicovych-panelov\/sluzby\/","title":{"rendered":"Slu\u017eby"},"content":{"rendered":"\n<div class=\"wp-block-group main-wrapper px-5 is-layout-flow wp-block-group-is-layout-flow\">\n<div class=\"wp-block-columns gap-10 is-layout-flex wp-container-core-columns-is-layout-28f84493 wp-block-columns-is-layout-flex\">\n<div class=\"wp-block-column is-layout-flow wp-block-column-is-layout-flow\"><figure class=\"wp-block-post-featured-image\"><img loading=\"lazy\" decoding=\"async\" width=\"640\" height=\"480\" src=\"https:\/\/szymbud.strony.mr.org.pl\/wp-content\/uploads\/2025\/07\/pawilony-uslugowe.webp\" class=\"attachment-post-thumbnail size-post-thumbnail wp-post-image\" alt=\"pawilon us\u0142ugowy\" style=\"object-fit:cover;\" srcset=\"https:\/\/szymbud.strony.mr.org.pl\/wp-content\/uploads\/2025\/07\/pawilony-uslugowe.webp 640w, https:\/\/szymbud.strony.mr.org.pl\/wp-content\/uploads\/2025\/07\/pawilony-uslugowe-300x225.webp 300w\" sizes=\"auto, (max-width: 640px) 100vw, 640px\" \/><\/figure><\/div>\n\n\n\n<div class=\"wp-block-column text-container is-layout-flow wp-block-column-is-layout-flow\">\n<h2 class=\"text-3xl md:text-4xl lg:text-5xl wp-block-mrblocks-generictext has-secondary-color has-text-color has-link-color wp-elements-048b746f90769e91d0b115d6e83512f6\">PAVIL\u00d3NY SLU\u017dIEB<\/h2>\n\n\n\n<p><strong>Pavil\u00f3ny slu\u017eieb<\/strong> s\u00fa modern\u00e9 a funk\u010dn\u00e9 rie\u0161enia, ktor\u00e9 sa osved\u010duj\u00fa v mnoh\u00fdch odvetviach. V\u010faka ich mobilite ich mo\u017eno \u013eahko premiestni\u0165 na in\u00e9 miesto a prisp\u00f4sobi\u0165 meniacim sa potreb\u00e1m podniku. Pon\u00fakaj\u00fa kon\u0161truk\u010dn\u00fa stabilitu a ochranu pred poveternostn\u00fdmi vplyvmi a ich n\u00edzke n\u00e1klady na \u00fadr\u017ebu s\u00fa ve\u013ekou v\u00fdhodou oproti tradi\u010dn\u00fdm budov\u00e1m. Ve\u013ek\u00e9 v\u00fdklady umo\u017e\u0148uj\u00fa atrakt\u00edvnu prezent\u00e1ciu ponuky a pri\u0165ahuj\u00fa z\u00e1kazn\u00edkov, zatia\u013e \u010do samotn\u00e9 <a href=\"https:\/\/www.szymbud-pawilony.pl\/pawilony-z-plyty-warstwowej.html\" target=\"_blank\" rel=\"noopener\"><strong>doskov\u00e9 pavil\u00f3ny<\/strong><\/a> umo\u017e\u0148uj\u00fa r\u00fdchle za\u010datie \u010dinnosti podnikov, napr\u00edklad ako v\u00fdstavn\u00e9 priestory.<\/p>\n\n\n\n<p><\/p>\n\n\n\n<p>Ka\u017ed\u00fd projekt servisn\u00e9ho pavil\u00f3nu je mo\u017en\u00e9 individu\u00e1lne upravi\u0165 pod\u013ea va\u0161ich \u0161pecifick\u00fdch po\u017eiadaviek. Porad\u00edme v\u00e1m najlep\u0161ie rie\u0161enie s oh\u013eadom na potreby va\u0161ej firmy. Interi\u00e9r pavil\u00f3nu je mo\u017en\u00e9 plne prisp\u00f4sobi\u0165 va\u0161im predstav\u00e1m, vybra\u0165 si usporiadanie, povrchov\u00e9 \u00fapravy a vybavenie pod\u013ea vlastn\u00fdch predst\u00e1v.<\/p>\n\n\n\n<p><strong>Estetika a trvanlivos\u0165<\/strong> s\u00fa \u010fal\u0161\u00edmi prednos\u0165ami na\u0161ich pavil\u00f3nov. Na v\u00fdber je mno\u017estvo dver\u00ed a v\u00fd\u0161ok, ktor\u00e9 prispievaj\u00fa k bezpe\u010dnosti a ochrane budovy. Pavil\u00f3ny s\u00fa navrhnut\u00e9 s oh\u013eadom na pohodlie a funk\u010dnos\u0165 pou\u017e\u00edvate\u013eov a ich vyu\u017eitie zah\u0155\u0148a mnoh\u00e9 odvetvia.<\/p>\n\n\n\n<p>Na\u0161a spolo\u010dnos\u0165 sa vyzna\u010duje komplexn\u00fdmi slu\u017ebami a sk\u00fasenos\u0165ami s realiz\u00e1ciou projektov <strong>v celej krajine<\/strong>. V porovnan\u00ed s tradi\u010dn\u00fdmi budovami pon\u00fakaj\u00fa servisn\u00e9 pavil\u00f3ny flexibilitu, r\u00fdchlu in\u0161tal\u00e1ciu a n\u00edzke n\u00e1klady na \u00fadr\u017ebu, v\u010faka \u010domu s\u00fa ide\u00e1lnou vo\u013ebou pre r\u00fdchlo rast\u00face spolo\u010dnosti.<\/p>\n\n\n<a class=\"mr-button \" href=\"https:\/\/szymbud.strony.mr.org.pl\/kontakt\/\">\r\n  Kontaktujte n\u00e1s<\/a>\r\n<\/div>\n<\/div>\n\n\n<div class=\" spacing-top main-wrapper \" \/>\r\n<\/div><\/div>\n\n\n\n<div style=\"height:100px\" aria-hidden=\"true\" class=\"wp-block-spacer\"><\/div>\n\n\n\n<div class=\"wp-block-group text-container px-5 main-wrapper is-layout-constrained wp-block-group-is-layout-constrained\">\n<h2 class=\"text-3xl md:text-4xl lg:text-5xl wp-block-mrblocks-generictext\">Aplik\u00e1cia pavil\u00f3nov slu\u017eieb<\/h2>\n\n\n\n<p>Na\u0161a spolo\u010dnos\u0165 pon\u00faka r\u00f4zne stavebn\u00e9 kon\u0161trukcie, ktor\u00fdch v\u00fdhodou je \u013eahk\u00e1 kon\u0161trukcia a ktor\u00e9 sa daj\u00fa dokon\u010di\u0165 v rekordne kr\u00e1tkom \u010dase. Pavil\u00f3ny, ktor\u00e9 vyr\u00e1bame, s\u00fa vhodn\u00e9 na ak\u00fako\u013evek servisn\u00fa \u010dinnos\u0165. Mo\u017eno ich vyu\u017ei\u0165 ako <strong>priestory pre kozmetick\u00e9 a mas\u00e1\u017ene sal\u00f3ny, k\u00fapele, sol\u00e1ri\u00e1, kadern\u00edctva<\/strong>, ale aj pre \u010dinnosti nes\u00favisiace s kozmetikou, napr\u00edklad pre pois\u0165ovn\u00edctvo.<\/p>\n\n\n\n<p>V\u010faka mo\u017enosti individu\u00e1lne upravova\u0165 n\u00e1vrhy m\u00f4\u017eeme ka\u017ed\u00fd u\u017e hotov\u00fd projekt prisp\u00f4sobi\u0165 va\u0161im po\u017eiadavk\u00e1m. Predlo\u017e\u00edme v\u00e1m n\u00e1vrhy, z ktor\u00fdch si m\u00f4\u017eete vybra\u0165, a ak nebud\u00fa sp\u013a\u0148a\u0165 va\u0161e predstavy, v\u017edy m\u00f4\u017eeme pripravi\u0165 <strong>individu\u00e1lny n\u00e1vrh<\/strong> a zrealizova\u0165 ho.<\/p>\n\n\n\n<p>Cie\u013eom n\u00e1\u0161ho podnikania je splni\u0165 o\u010dak\u00e1vania najn\u00e1ro\u010dnej\u0161\u00edch z\u00e1kazn\u00edkov. Preto pon\u00fakame <strong>servisn\u00e9 pavil\u00f3ny dokon\u010den\u00e9 s maxim\u00e1lnym d\u00f4razom na detail<\/strong>. Vyzeraj\u00fa p\u00f4sobivo a esteticky, \u010do pri\u0165ahuje z\u00e1kazn\u00edkov a umo\u017e\u0148uje \u00fa\u010dinne propagova\u0165 va\u0161u firmu. Namiesto pren\u00e1jmu priestorov na podnikanie v oblasti slu\u017eieb si m\u00f4\u017eete necha\u0165 od n\u00e1s pripravi\u0165 pavil\u00f3n zo sendvi\u010dov\u00fdch panelov.<\/p>\n\n\n\n<p><strong>V\u0161etky pon\u00fakan\u00e9 pavil\u00f3ny s\u00fa vyroben\u00e9 z vysokokvalitn\u00fdch kompozitn\u00fdch panelov\/obkladov\u00fdch dosiek.<\/strong><br><br><\/p>\n<\/div>\n","protected":false},"excerpt":{"rendered":"<p>Pavil\u00f3ny slu\u017eieb s\u00fa modern\u00e9 a funk\u010dn\u00e9 rie\u0161enia, ktor\u00e9 sa osved\u010duj\u00fa v mnoh\u00fdch odvetviach. V\u010faka ich mobilite ich mo\u017eno \u013eahko premiestni\u0165 na in\u00e9 miesto a prisp\u00f4sobi\u0165 meniacim sa potreb\u00e1m podniku. Pon\u00fakaj\u00fa kon\u0161truk\u010dn\u00fa stabilitu a ochranu pred poveternostn\u00fdmi vplyvmi a ich n\u00edzke n\u00e1klady na \u00fadr\u017ebu s\u00fa ve\u013ekou v\u00fdhodou oproti tradi\u010dn\u00fdm budov\u00e1m. Ve\u013ek\u00e9 v\u00fdklady umo\u017e\u0148uj\u00fa atrakt\u00edvnu prezent\u00e1ciu ponuky [&hellip;]<\/p>\n","protected":false},"author":1,"featured_media":1070,"parent":1095,"menu_order":0,"comment_status":"closed","ping_status":"closed","template":"wp-custom-template-strona-ofertowa","meta":{"footnotes":""},"class_list":["post-1069","page","type-page","status-publish","has-post-thumbnail","hentry"],"_links":{"self":[{"href":"https:\/\/szymbud.strony.mr.org.pl\/sk\/wp-json\/wp\/v2\/pages\/1069","targetHints":{"allow":["GET"]}}],"collection":[{"href":"https:\/\/szymbud.strony.mr.org.pl\/sk\/wp-json\/wp\/v2\/pages"}],"about":[{"href":"https:\/\/szymbud.strony.mr.org.pl\/sk\/wp-json\/wp\/v2\/types\/page"}],"author":[{"embeddable":true,"href":"https:\/\/szymbud.strony.mr.org.pl\/sk\/wp-json\/wp\/v2\/users\/1"}],"replies":[{"embeddable":true,"href":"https:\/\/szymbud.strony.mr.org.pl\/sk\/wp-json\/wp\/v2\/comments?post=1069"}],"version-history":[{"count":1,"href":"https:\/\/szymbud.strony.mr.org.pl\/sk\/wp-json\/wp\/v2\/pages\/1069\/revisions"}],"predecessor-version":[{"id":1215,"href":"https:\/\/szymbud.strony.mr.org.pl\/sk\/wp-json\/wp\/v2\/pages\/1069\/revisions\/1215"}],"up":[{"embeddable":true,"href":"https:\/\/szymbud.strony.mr.org.pl\/sk\/wp-json\/wp\/v2\/pages\/1095"}],"wp:featuredmedia":[{"embeddable":true,"href":"https:\/\/szymbud.strony.mr.org.pl\/sk\/wp-json\/wp\/v2\/media\/1070"}],"wp:attachment":[{"href":"https:\/\/szymbud.strony.mr.org.pl\/sk\/wp-json\/wp\/v2\/media?parent=1069"}],"curies":[{"name":"wp","href":"https:\/\/api.w.org\/{rel}","templated":true}]}}